{"id":12480,"date":"2024-09-16T10:34:24","date_gmt":"2024-09-16T08:34:24","guid":{"rendered":"https:\/\/welfare-farm.com\/prodotto\/secchio-con-tettarella\/"},"modified":"2024-11-15T17:22:14","modified_gmt":"2024-11-15T16:22:14","slug":"secchio-con-tettarella","status":"publish","type":"product","link":"https:\/\/welfare-farm.com\/de\/prodotto\/secchio-con-tettarella\/","title":{"rendered":"Eimer mit Sauger"},"content":{"rendered":"\t\t<div data-elementor-type=\"wp-post\" data-elementor-id=\"12480\" class=\"elementor elementor-12480 elementor-8015\">\n\t\t\t\t\t\t<section class=\"elementor-section elementor-top-section elementor-element elementor-element-2223946 elementor-section-full_width elementor-section-stretched elementor-section-height-default elementor-section-height-default wpr-particle-no wpr-jarallax-no wpr-parallax-no wpr-sticky-section-no jltma-glass-effect-no\" data-id=\"2223946\" data-element_type=\"section\" data-settings=\"{&quot;stretch_section&quot;:&quot;section-stretched&quot;}\">\n\t\t\t\t\t\t<div class=\"elementor-container elementor-column-gap-default\">\n\t\t\t\t\t<div class=\"elementor-column elementor-col-100 elementor-top-column elementor-element elementor-element-00c2af9 jltma-glass-effect-no\" data-id=\"00c2af9\" data-element_type=\"column\">\n\t\t\t<div class=\"elementor-widget-wrap elementor-element-populated\">\n\t\t\t\t\t\t<div class=\"elementor-element elementor-element-f6b897a carosello_immagini  elementor-arrows-position-outside elementor-pagination-position-outside jltma-glass-effect-no elementor-widget elementor-widget-image-carousel\" data-id=\"f6b897a\" data-element_type=\"widget\" data-settings=\"{&quot;slides_to_show&quot;:&quot;3&quot;,&quot;slides_to_scroll&quot;:&quot;1&quot;,&quot;image_spacing_custom&quot;:{&quot;unit&quot;:&quot;px&quot;,&quot;size&quot;:25,&quot;sizes&quot;:[]},&quot;navigation&quot;:&quot;both&quot;,&quot;autoplay&quot;:&quot;yes&quot;,&quot;pause_on_hover&quot;:&quot;yes&quot;,&quot;pause_on_interaction&quot;:&quot;yes&quot;,&quot;autoplay_speed&quot;:5000,&quot;infinite&quot;:&quot;yes&quot;,&quot;speed&quot;:500,&quot;image_spacing_custom_tablet&quot;:{&quot;unit&quot;:&quot;px&quot;,&quot;size&quot;:&quot;&quot;,&quot;sizes&quot;:[]},&quot;image_spacing_custom_mobile&quot;:{&quot;unit&quot;:&quot;px&quot;,&quot;size&quot;:&quot;&quot;,&quot;sizes&quot;:[]}}\" data-widget_type=\"image-carousel.default\">\n\t\t\t\t<div class=\"elementor-widget-container\">\n\t\t\t\t\t\t\t<div class=\"elementor-image-carousel-wrapper swiper\" role=\"region\" aria-roledescription=\"carousel\" aria-label=\"Bild Karussell\" dir=\"ltr\">\n\t\t\t<div class=\"elementor-image-carousel swiper-wrapper\" aria-live=\"off\">\n\t\t\t\t\t\t\t\t<div class=\"swiper-slide\" role=\"group\" aria-roledescription=\"slide\" aria-label=\"1 von 3\"><a data-elementor-open-lightbox=\"yes\" data-elementor-lightbox-slideshow=\"f6b897a\" data-e-action-hash=\"#elementor-action%3Aaction%3Dlightbox%26settings%3DeyJpZCI6MTE1MjIsInVybCI6Imh0dHBzOlwvXC93ZWxmYXJlLWZhcm0uY29tXC93cC1jb250ZW50XC91cGxvYWRzXC8yMDI0XC8xMFwvY29wcmlzZWNjaGlvLWdhbGxlcnktMS5qcGciLCJzbGlkZXNob3ciOiJmNmI4OTdhIn0%3D\" href=\"https:\/\/welfare-farm.com\/wp-content\/uploads\/2024\/10\/coprisecchio-gallery-1.jpg\"><figure class=\"swiper-slide-inner\"><img decoding=\"async\" class=\"swiper-slide-image\" src=\"https:\/\/welfare-farm.com\/wp-content\/uploads\/elementor\/thumbs\/coprisecchio-gallery-1-qvloyeaqxbw83z8mpitd0j5lnqdhuhxfpigk4mj9m8.jpg\" alt=\"coprisecchio gallery (1)\" \/><\/figure><\/a><\/div><div class=\"swiper-slide\" role=\"group\" aria-roledescription=\"slide\" aria-label=\"2 von 3\"><a data-elementor-open-lightbox=\"yes\" data-elementor-lightbox-slideshow=\"f6b897a\" data-e-action-hash=\"#elementor-action%3Aaction%3Dlightbox%26settings%3DeyJpZCI6MTE1NDMsInVybCI6Imh0dHBzOlwvXC93ZWxmYXJlLWZhcm0uY29tXC93cC1jb250ZW50XC91cGxvYWRzXC8yMDI0XC8xMFwvc2VjY2hpby1kZWwtbGF0dGUtZ2FsbGVyeS0zLmpwZyIsInNsaWRlc2hvdyI6ImY2Yjg5N2EifQ%3D%3D\" href=\"https:\/\/welfare-farm.com\/wp-content\/uploads\/2024\/10\/secchio-del-latte-gallery-3.jpg\"><figure class=\"swiper-slide-inner\"><img decoding=\"async\" class=\"swiper-slide-image\" src=\"https:\/\/welfare-farm.com\/wp-content\/uploads\/elementor\/thumbs\/secchio-del-latte-gallery-3-qvloycf2jntngrbd0i03vjmogymrf3pz195l62m1yo.jpg\" alt=\"secchio del latte gallery (3)\" \/><\/figure><\/a><\/div><div class=\"swiper-slide\" role=\"group\" aria-roledescription=\"slide\" aria-label=\"3 von 3\"><a data-elementor-open-lightbox=\"yes\" data-elementor-lightbox-slideshow=\"f6b897a\" data-e-action-hash=\"#elementor-action%3Aaction%3Dlightbox%26settings%3DeyJpZCI6MTE1NDYsInVybCI6Imh0dHBzOlwvXC93ZWxmYXJlLWZhcm0uY29tXC93cC1jb250ZW50XC91cGxvYWRzXC8yMDI0XC8xMFwvc2VjY2hpby1kZWwtbGF0dGUtZ2FsbGVyeS0xLmpwZyIsInNsaWRlc2hvdyI6ImY2Yjg5N2EifQ%3D%3D\" href=\"https:\/\/welfare-farm.com\/wp-content\/uploads\/2024\/10\/secchio-del-latte-gallery-1.jpg\"><figure class=\"swiper-slide-inner\"><img decoding=\"async\" class=\"swiper-slide-image\" src=\"https:\/\/welfare-farm.com\/wp-content\/uploads\/elementor\/thumbs\/secchio-del-latte-gallery-1-qvloybh8ctsd55cq5zlhb1v7vkre7em8p4i3osng4w.jpg\" alt=\"secchio del latte gallery (1)\" \/><\/figure><\/a><\/div>\t\t\t<\/div>\n\t\t\t\t\t\t\t\t\t\t\t\t<div class=\"elementor-swiper-button elementor-swiper-button-prev\" role=\"button\" tabindex=\"0\">\n\t\t\t\t\t\t<i aria-hidden=\"true\" class=\"eicon-chevron-left\"><\/i>\t\t\t\t\t<\/div>\n\t\t\t\t\t<div class=\"elementor-swiper-button elementor-swiper-button-next\" role=\"button\" tabindex=\"0\">\n\t\t\t\t\t\t<i aria-hidden=\"true\" class=\"eicon-chevron-right\"><\/i>\t\t\t\t\t<\/div>\n\t\t\t\t\n\t\t\t\t\t\t\t\t\t<div class=\"swiper-pagination\"><\/div>\n\t\t\t\t\t\t\t\t\t<\/div>\n\t\t\t\t\t\t<\/div>\n\t\t\t\t<\/div>\n\t\t\t\t\t<\/div>\n\t\t<\/div>\n\t\t\t\t\t<\/div>\n\t\t<\/section>\n\t\t\t\t<\/div>\n\t\t","protected":false},"excerpt":{"rendered":"<div class=\"button_tutti_accessori\"><a href=\"https:\/\/welfare-farm.com\/de\/accessori\/\"> <img decoding=\"async\" src=\"https:\/\/welfare-farm.com\/wp-content\/uploads\/2024\/10\/icon-arrow.png\" \/> <\/p>\n<h5>Zur\u00fcck zu allen Zubeh\u00f6ren<\/h5>\n<p><\/a><\/div>\n<h1 class=\"title_accessorio_singolo\">Eimer mit Sauger<\/h1>\n<p>Dieser Milcheimer verf\u00fcgt \u00fcber einen zum Sauger hin geneigten Boden, der den Milchfluss optimiert und die K\u00e4lberf\u00fctterung erleichtert. Durch die Neigung des Eimers sammelt sich die Milch am Boden in der N\u00e4he des Saugers. So kann das Kalb auch bei niedrigem Milchstand problemlos trinken. Diese konstruktive L\u00f6sung reduziert Milchverluste. Dadurch kann das Kalb kontinuierlich und ohne Unterbrechung trinken, was die Laktationseffizienz verbessert, und ein gesundes Wachstum unterst\u00fctzt.<\/p>\n","protected":false},"featured_media":11615,"template":"","meta":{"_acf_changed":false,"inline_featured_image":false},"product_brand":[],"product_cat":[113],"product_tag":[],"class_list":{"0":"post-12480","1":"product","2":"type-product","3":"status-publish","4":"has-post-thumbnail","6":"product_cat-per-ranch-de","8":"first","9":"instock","10":"shipping-taxable","11":"product-type-simple"},"acf":[],"yoast_head":"<!-- This site is optimized with the Yoast SEO plugin v27.4 - https:\/\/yoast.com\/product\/yoast-seo-wordpress\/ -->\n<title>Eimer mit Sauger - Welfare Farm<\/title>\n<meta name=\"robots\" content=\"index, follow, max-snippet:-1, max-image-preview:large, max-video-preview:-1\" \/>\n<link rel=\"canonical\" href=\"https:\/\/welfare-farm.com\/de\/prodotto\/secchio-con-tettarella\/\" \/>\n<meta property=\"og:locale\" content=\"de_DE\" \/>\n<meta property=\"og:type\" content=\"article\" \/>\n<meta property=\"og:title\" content=\"Eimer mit Sauger - Welfare Farm\" \/>\n<meta property=\"og:description\" content=\"Zur\u00fcck zu allen Zubeh\u00f6ren Eimer mit Sauger Dieser Milcheimer verf\u00fcgt \u00fcber einen zum Sauger hin geneigten Boden, der den Milchfluss optimiert und die K\u00e4lberf\u00fctterung erleichtert. Durch die Neigung des Eimers sammelt sich die Milch am Boden in der N\u00e4he des Saugers. So kann das Kalb auch bei niedrigem Milchstand problemlos trinken. Diese konstruktive L\u00f6sung reduziert Milchverluste. Dadurch kann das Kalb kontinuierlich und ohne Unterbrechung trinken, was die Laktationseffizienz verbessert, und ein gesundes Wachstum unterst\u00fctzt.\" \/>\n<meta property=\"og:url\" content=\"https:\/\/welfare-farm.com\/de\/prodotto\/secchio-con-tettarella\/\" \/>\n<meta property=\"og:site_name\" content=\"Welfare Farm\" \/>\n<meta property=\"article:modified_time\" content=\"2024-11-15T16:22:14+00:00\" \/>\n<meta property=\"og:image\" content=\"https:\/\/welfare-farm.com\/wp-content\/uploads\/2024\/09\/Secchio-con-tettarella.png\" \/>\n\t<meta property=\"og:image:width\" content=\"429\" \/>\n\t<meta property=\"og:image:height\" content=\"429\" \/>\n\t<meta property=\"og:image:type\" content=\"image\/png\" \/>\n<meta name=\"twitter:card\" content=\"summary_large_image\" \/>\n<meta name=\"twitter:label1\" content=\"Gesch\u00e4tzte Lesezeit\" \/>\n\t<meta name=\"twitter:data1\" content=\"1\u00a0Minute\" \/>\n<script type=\"application\/ld+json\" class=\"yoast-schema-graph\">{\"@context\":\"https:\\\/\\\/schema.org\",\"@graph\":[{\"@type\":\"WebPage\",\"@id\":\"https:\\\/\\\/welfare-farm.com\\\/de\\\/prodotto\\\/secchio-con-tettarella\\\/\",\"url\":\"https:\\\/\\\/welfare-farm.com\\\/de\\\/prodotto\\\/secchio-con-tettarella\\\/\",\"name\":\"Eimer mit Sauger - Welfare Farm\",\"isPartOf\":{\"@id\":\"\\\/#website\"},\"primaryImageOfPage\":{\"@id\":\"https:\\\/\\\/welfare-farm.com\\\/de\\\/prodotto\\\/secchio-con-tettarella\\\/#primaryimage\"},\"image\":{\"@id\":\"https:\\\/\\\/welfare-farm.com\\\/de\\\/prodotto\\\/secchio-con-tettarella\\\/#primaryimage\"},\"thumbnailUrl\":\"https:\\\/\\\/welfare-farm.com\\\/wp-content\\\/uploads\\\/2024\\\/09\\\/Secchio-con-tettarella.png\",\"datePublished\":\"2024-09-16T08:34:24+00:00\",\"dateModified\":\"2024-11-15T16:22:14+00:00\",\"breadcrumb\":{\"@id\":\"https:\\\/\\\/welfare-farm.com\\\/de\\\/prodotto\\\/secchio-con-tettarella\\\/#breadcrumb\"},\"inLanguage\":\"de\",\"potentialAction\":[{\"@type\":\"ReadAction\",\"target\":[\"https:\\\/\\\/welfare-farm.com\\\/de\\\/prodotto\\\/secchio-con-tettarella\\\/\"]}]},{\"@type\":\"ImageObject\",\"inLanguage\":\"de\",\"@id\":\"https:\\\/\\\/welfare-farm.com\\\/de\\\/prodotto\\\/secchio-con-tettarella\\\/#primaryimage\",\"url\":\"https:\\\/\\\/welfare-farm.com\\\/wp-content\\\/uploads\\\/2024\\\/09\\\/Secchio-con-tettarella.png\",\"contentUrl\":\"https:\\\/\\\/welfare-farm.com\\\/wp-content\\\/uploads\\\/2024\\\/09\\\/Secchio-con-tettarella.png\",\"width\":429,\"height\":429},{\"@type\":\"BreadcrumbList\",\"@id\":\"https:\\\/\\\/welfare-farm.com\\\/de\\\/prodotto\\\/secchio-con-tettarella\\\/#breadcrumb\",\"itemListElement\":[{\"@type\":\"ListItem\",\"position\":1,\"name\":\"Home\",\"item\":\"https:\\\/\\\/welfare-farm.com\\\/de\\\/\"},{\"@type\":\"ListItem\",\"position\":2,\"name\":\"Shop old\",\"item\":\"https:\\\/\\\/welfare-farm.com\\\/shop-old\\\/\"},{\"@type\":\"ListItem\",\"position\":3,\"name\":\"Eimer mit Sauger\"}]},{\"@type\":\"WebSite\",\"@id\":\"\\\/#website\",\"url\":\"\\\/\",\"name\":\"Welfare Farm\",\"description\":\"La cuccia ecologica per \\u2028i tuoi vitelli\",\"publisher\":{\"@id\":\"\\\/#organization\"},\"potentialAction\":[{\"@type\":\"SearchAction\",\"target\":{\"@type\":\"EntryPoint\",\"urlTemplate\":\"\\\/?s={search_term_string}\"},\"query-input\":{\"@type\":\"PropertyValueSpecification\",\"valueRequired\":true,\"valueName\":\"search_term_string\"}}],\"inLanguage\":\"de\"},{\"@type\":\"Organization\",\"@id\":\"\\\/#organization\",\"name\":\"Welfare Farm\",\"url\":\"\\\/\",\"logo\":{\"@type\":\"ImageObject\",\"inLanguage\":\"de\",\"@id\":\"\\\/#\\\/schema\\\/logo\\\/image\\\/\",\"url\":\"https:\\\/\\\/welfare-farm.com\\\/wp-content\\\/uploads\\\/2024\\\/08\\\/Welfare-Farm_Logo.png\",\"contentUrl\":\"https:\\\/\\\/welfare-farm.com\\\/wp-content\\\/uploads\\\/2024\\\/08\\\/Welfare-Farm_Logo.png\",\"width\":512,\"height\":670,\"caption\":\"Welfare Farm\"},\"image\":{\"@id\":\"\\\/#\\\/schema\\\/logo\\\/image\\\/\"},\"sameAs\":[\"https:\\\/\\\/www.instagram.com\\\/welfare_farm\\\/\",\"https:\\\/\\\/www.youtube.com\\\/@welfare-farm\",\"https:\\\/\\\/it.linkedin.com\\\/company\\\/spm-mould\"]}]}<\/script>\n<!-- \/ Yoast SEO plugin. -->","yoast_head_json":{"title":"Eimer mit Sauger - Welfare Farm","robots":{"index":"index","follow":"follow","max-snippet":"max-snippet:-1","max-image-preview":"max-image-preview:large","max-video-preview":"max-video-preview:-1"},"canonical":"https:\/\/welfare-farm.com\/de\/prodotto\/secchio-con-tettarella\/","og_locale":"de_DE","og_type":"article","og_title":"Eimer mit Sauger - Welfare Farm","og_description":"Zur\u00fcck zu allen Zubeh\u00f6ren Eimer mit Sauger Dieser Milcheimer verf\u00fcgt \u00fcber einen zum Sauger hin geneigten Boden, der den Milchfluss optimiert und die K\u00e4lberf\u00fctterung erleichtert. Durch die Neigung des Eimers sammelt sich die Milch am Boden in der N\u00e4he des Saugers. So kann das Kalb auch bei niedrigem Milchstand problemlos trinken. Diese konstruktive L\u00f6sung reduziert Milchverluste. Dadurch kann das Kalb kontinuierlich und ohne Unterbrechung trinken, was die Laktationseffizienz verbessert, und ein gesundes Wachstum unterst\u00fctzt.","og_url":"https:\/\/welfare-farm.com\/de\/prodotto\/secchio-con-tettarella\/","og_site_name":"Welfare Farm","article_modified_time":"2024-11-15T16:22:14+00:00","og_image":[{"width":429,"height":429,"url":"https:\/\/welfare-farm.com\/wp-content\/uploads\/2024\/09\/Secchio-con-tettarella.png","type":"image\/png"}],"twitter_card":"summary_large_image","twitter_misc":{"Gesch\u00e4tzte Lesezeit":"1\u00a0Minute"},"schema":{"@context":"https:\/\/schema.org","@graph":[{"@type":"WebPage","@id":"https:\/\/welfare-farm.com\/de\/prodotto\/secchio-con-tettarella\/","url":"https:\/\/welfare-farm.com\/de\/prodotto\/secchio-con-tettarella\/","name":"Eimer mit Sauger - Welfare Farm","isPartOf":{"@id":"\/#website"},"primaryImageOfPage":{"@id":"https:\/\/welfare-farm.com\/de\/prodotto\/secchio-con-tettarella\/#primaryimage"},"image":{"@id":"https:\/\/welfare-farm.com\/de\/prodotto\/secchio-con-tettarella\/#primaryimage"},"thumbnailUrl":"https:\/\/welfare-farm.com\/wp-content\/uploads\/2024\/09\/Secchio-con-tettarella.png","datePublished":"2024-09-16T08:34:24+00:00","dateModified":"2024-11-15T16:22:14+00:00","breadcrumb":{"@id":"https:\/\/welfare-farm.com\/de\/prodotto\/secchio-con-tettarella\/#breadcrumb"},"inLanguage":"de","potentialAction":[{"@type":"ReadAction","target":["https:\/\/welfare-farm.com\/de\/prodotto\/secchio-con-tettarella\/"]}]},{"@type":"ImageObject","inLanguage":"de","@id":"https:\/\/welfare-farm.com\/de\/prodotto\/secchio-con-tettarella\/#primaryimage","url":"https:\/\/welfare-farm.com\/wp-content\/uploads\/2024\/09\/Secchio-con-tettarella.png","contentUrl":"https:\/\/welfare-farm.com\/wp-content\/uploads\/2024\/09\/Secchio-con-tettarella.png","width":429,"height":429},{"@type":"BreadcrumbList","@id":"https:\/\/welfare-farm.com\/de\/prodotto\/secchio-con-tettarella\/#breadcrumb","itemListElement":[{"@type":"ListItem","position":1,"name":"Home","item":"https:\/\/welfare-farm.com\/de\/"},{"@type":"ListItem","position":2,"name":"Shop old","item":"https:\/\/welfare-farm.com\/shop-old\/"},{"@type":"ListItem","position":3,"name":"Eimer mit Sauger"}]},{"@type":"WebSite","@id":"\/#website","url":"\/","name":"Welfare Farm","description":"La cuccia ecologica per \u2028i tuoi vitelli","publisher":{"@id":"\/#organization"},"potentialAction":[{"@type":"SearchAction","target":{"@type":"EntryPoint","urlTemplate":"\/?s={search_term_string}"},"query-input":{"@type":"PropertyValueSpecification","valueRequired":true,"valueName":"search_term_string"}}],"inLanguage":"de"},{"@type":"Organization","@id":"\/#organization","name":"Welfare Farm","url":"\/","logo":{"@type":"ImageObject","inLanguage":"de","@id":"\/#\/schema\/logo\/image\/","url":"https:\/\/welfare-farm.com\/wp-content\/uploads\/2024\/08\/Welfare-Farm_Logo.png","contentUrl":"https:\/\/welfare-farm.com\/wp-content\/uploads\/2024\/08\/Welfare-Farm_Logo.png","width":512,"height":670,"caption":"Welfare Farm"},"image":{"@id":"\/#\/schema\/logo\/image\/"},"sameAs":["https:\/\/www.instagram.com\/welfare_farm\/","https:\/\/www.youtube.com\/@welfare-farm","https:\/\/it.linkedin.com\/company\/spm-mould"]}]}},"_links":{"self":[{"href":"https:\/\/welfare-farm.com\/de\/wp-json\/wp\/v2\/product\/12480","targetHints":{"allow":["GET"]}}],"collection":[{"href":"https:\/\/welfare-farm.com\/de\/wp-json\/wp\/v2\/product"}],"about":[{"href":"https:\/\/welfare-farm.com\/de\/wp-json\/wp\/v2\/types\/product"}],"version-history":[{"count":1,"href":"https:\/\/welfare-farm.com\/de\/wp-json\/wp\/v2\/product\/12480\/revisions"}],"predecessor-version":[{"id":12481,"href":"https:\/\/welfare-farm.com\/de\/wp-json\/wp\/v2\/product\/12480\/revisions\/12481"}],"wp:featuredmedia":[{"embeddable":true,"href":"https:\/\/welfare-farm.com\/de\/wp-json\/wp\/v2\/media\/11615"}],"wp:attachment":[{"href":"https:\/\/welfare-farm.com\/de\/wp-json\/wp\/v2\/media?parent=12480"}],"wp:term":[{"taxonomy":"product_brand","embeddable":true,"href":"https:\/\/welfare-farm.com\/de\/wp-json\/wp\/v2\/product_brand?post=12480"},{"taxonomy":"product_cat","embeddable":true,"href":"https:\/\/welfare-farm.com\/de\/wp-json\/wp\/v2\/product_cat?post=12480"},{"taxonomy":"product_tag","embeddable":true,"href":"https:\/\/welfare-farm.com\/de\/wp-json\/wp\/v2\/product_tag?post=12480"}],"curies":[{"name":"wp","href":"https:\/\/api.w.org\/{rel}","templated":true}]}}