{"id":12486,"date":"2024-09-16T10:35:44","date_gmt":"2024-09-16T08:35:44","guid":{"rendered":"https:\/\/welfare-farm.com\/prodotto\/ruota-in-gomma\/"},"modified":"2024-11-15T17:26:49","modified_gmt":"2024-11-15T16:26:49","slug":"ruota-in-gomma","status":"publish","type":"product","link":"https:\/\/welfare-farm.com\/de\/prodotto\/ruota-in-gomma\/","title":{"rendered":"Gummirad"},"content":{"rendered":"","protected":false},"excerpt":{"rendered":"<div class=\"button_tutti_accessori\"><a href=\"https:\/\/welfare-farm.com\/de\/accessori\/\"> <img decoding=\"async\" src=\"https:\/\/welfare-farm.com\/wp-content\/uploads\/2024\/10\/icon-arrow.png\" \/> <\/p>\n<h5>Zur\u00fcck zu allen Zubeh\u00f6ren<\/h5>\n<p><\/a><\/div>\n<h1 class=\"title_accessorio_singolo\">Gummirad<\/h1>\n<p>Das Gummirad ist eine vielseitige und robuste Option f\u00fcr den Einsatz in Gehegen. Dieses Produkt ist eine ausgezeichnete Alternative zum Original Calfella Rad. Die Herstellung dieses Gummirades erfolgt nach den h\u00f6chsten Standards unter Verwendung der besten Materialien, um eine lange Haltbarkeit und Zuverl\u00e4ssigkeit zu gew\u00e4hrleisten. Es h\u00e4lt selbst die h\u00e4rteste Verschlei\u00dferscheinung und extremen Umweltbedingungen stand. Es ist somit die optimale Wahl f\u00fcr den Einsatz im Freien, wo die R\u00e4der rauen Oberfl\u00e4chen und Schlamm ausgesetzt sein k\u00f6nnen. Das Gummi bietet einen unvergleichlichen Grip, der sich deutlich von anderen R\u00e4dern abhebt. Dadurch wird die Gefahr des Ausrutschens auf nassen oder schlammigen Oberfl\u00e4chen eliminiert. Diese herausragende Eigenschaft gew\u00e4hrleistet eine h\u00f6here Stabilit\u00e4t w\u00e4hrend der Fahrt. Das ergonomische Design der Gummir\u00e4der erm\u00f6glicht ein einfaches und m\u00fchelose Man\u00f6vrieren. Das neue Design macht den Transport des Stalls einfacher als je zuvor.<\/p>\n","protected":false},"featured_media":11627,"template":"","meta":{"_acf_changed":false,"inline_featured_image":false},"product_brand":[],"product_cat":[113],"product_tag":[],"class_list":{"0":"post-12486","1":"product","2":"type-product","3":"status-publish","4":"has-post-thumbnail","6":"product_cat-per-ranch-de","8":"first","9":"instock","10":"shipping-taxable","11":"product-type-simple"},"acf":[],"yoast_head":"<!-- This site is optimized with the Yoast SEO plugin v27.3 - https:\/\/yoast.com\/product\/yoast-seo-wordpress\/ -->\n<title>Gummirad - Welfare Farm<\/title>\n<meta name=\"robots\" content=\"index, follow, max-snippet:-1, max-image-preview:large, max-video-preview:-1\" \/>\n<link rel=\"canonical\" href=\"https:\/\/welfare-farm.com\/de\/prodotto\/ruota-in-gomma\/\" \/>\n<meta property=\"og:locale\" content=\"de_DE\" \/>\n<meta property=\"og:type\" content=\"article\" \/>\n<meta property=\"og:title\" content=\"Gummirad - Welfare Farm\" \/>\n<meta property=\"og:description\" content=\"Zur\u00fcck zu allen Zubeh\u00f6ren Gummirad Das Gummirad ist eine vielseitige und robuste Option f\u00fcr den Einsatz in Gehegen. Dieses Produkt ist eine ausgezeichnete Alternative zum Original Calfella Rad. Die Herstellung dieses Gummirades erfolgt nach den h\u00f6chsten Standards unter Verwendung der besten Materialien, um eine lange Haltbarkeit und Zuverl\u00e4ssigkeit zu gew\u00e4hrleisten. Es h\u00e4lt selbst die h\u00e4rteste Verschlei\u00dferscheinung und extremen Umweltbedingungen stand. Es ist somit die optimale Wahl f\u00fcr den Einsatz im Freien, wo die R\u00e4der rauen Oberfl\u00e4chen und Schlamm ausgesetzt sein k\u00f6nnen. Das Gummi bietet einen unvergleichlichen Grip, der sich deutlich von anderen R\u00e4dern abhebt. Dadurch wird die Gefahr des Ausrutschens auf nassen oder schlammigen Oberfl\u00e4chen eliminiert. Diese herausragende Eigenschaft gew\u00e4hrleistet eine h\u00f6here Stabilit\u00e4t w\u00e4hrend der Fahrt. Das ergonomische Design der Gummir\u00e4der erm\u00f6glicht ein einfaches und m\u00fchelose Man\u00f6vrieren. Das neue Design macht den Transport des Stalls einfacher als je zuvor.\" \/>\n<meta property=\"og:url\" content=\"https:\/\/welfare-farm.com\/de\/prodotto\/ruota-in-gomma\/\" \/>\n<meta property=\"og:site_name\" content=\"Welfare Farm\" \/>\n<meta property=\"article:modified_time\" content=\"2024-11-15T16:26:49+00:00\" \/>\n<meta property=\"og:image\" content=\"https:\/\/welfare-farm.com\/wp-content\/uploads\/2024\/09\/Ruota-in-gomma.png\" \/>\n\t<meta property=\"og:image:width\" content=\"429\" \/>\n\t<meta property=\"og:image:height\" content=\"429\" \/>\n\t<meta property=\"og:image:type\" content=\"image\/png\" \/>\n<meta name=\"twitter:card\" content=\"summary_large_image\" \/>\n<meta name=\"twitter:label1\" content=\"Gesch\u00e4tzte Lesezeit\" \/>\n\t<meta name=\"twitter:data1\" content=\"1\u00a0Minute\" \/>\n<script type=\"application\/ld+json\" class=\"yoast-schema-graph\">{\"@context\":\"https:\\\/\\\/schema.org\",\"@graph\":[{\"@type\":\"WebPage\",\"@id\":\"https:\\\/\\\/welfare-farm.com\\\/de\\\/prodotto\\\/ruota-in-gomma\\\/\",\"url\":\"https:\\\/\\\/welfare-farm.com\\\/de\\\/prodotto\\\/ruota-in-gomma\\\/\",\"name\":\"Gummirad - Welfare Farm\",\"isPartOf\":{\"@id\":\"\\\/#website\"},\"primaryImageOfPage\":{\"@id\":\"https:\\\/\\\/welfare-farm.com\\\/de\\\/prodotto\\\/ruota-in-gomma\\\/#primaryimage\"},\"image\":{\"@id\":\"https:\\\/\\\/welfare-farm.com\\\/de\\\/prodotto\\\/ruota-in-gomma\\\/#primaryimage\"},\"thumbnailUrl\":\"https:\\\/\\\/welfare-farm.com\\\/wp-content\\\/uploads\\\/2024\\\/09\\\/Ruota-in-gomma.png\",\"datePublished\":\"2024-09-16T08:35:44+00:00\",\"dateModified\":\"2024-11-15T16:26:49+00:00\",\"breadcrumb\":{\"@id\":\"https:\\\/\\\/welfare-farm.com\\\/de\\\/prodotto\\\/ruota-in-gomma\\\/#breadcrumb\"},\"inLanguage\":\"de\",\"potentialAction\":[{\"@type\":\"ReadAction\",\"target\":[\"https:\\\/\\\/welfare-farm.com\\\/de\\\/prodotto\\\/ruota-in-gomma\\\/\"]}]},{\"@type\":\"ImageObject\",\"inLanguage\":\"de\",\"@id\":\"https:\\\/\\\/welfare-farm.com\\\/de\\\/prodotto\\\/ruota-in-gomma\\\/#primaryimage\",\"url\":\"https:\\\/\\\/welfare-farm.com\\\/wp-content\\\/uploads\\\/2024\\\/09\\\/Ruota-in-gomma.png\",\"contentUrl\":\"https:\\\/\\\/welfare-farm.com\\\/wp-content\\\/uploads\\\/2024\\\/09\\\/Ruota-in-gomma.png\",\"width\":429,\"height\":429},{\"@type\":\"BreadcrumbList\",\"@id\":\"https:\\\/\\\/welfare-farm.com\\\/de\\\/prodotto\\\/ruota-in-gomma\\\/#breadcrumb\",\"itemListElement\":[{\"@type\":\"ListItem\",\"position\":1,\"name\":\"Home\",\"item\":\"https:\\\/\\\/welfare-farm.com\\\/de\\\/\"},{\"@type\":\"ListItem\",\"position\":2,\"name\":\"Shop old\",\"item\":\"https:\\\/\\\/welfare-farm.com\\\/shop-old\\\/\"},{\"@type\":\"ListItem\",\"position\":3,\"name\":\"Gummirad\"}]},{\"@type\":\"WebSite\",\"@id\":\"\\\/#website\",\"url\":\"\\\/\",\"name\":\"Welfare Farm\",\"description\":\"La cuccia ecologica per \\u2028i tuoi vitelli\",\"publisher\":{\"@id\":\"\\\/#organization\"},\"potentialAction\":[{\"@type\":\"SearchAction\",\"target\":{\"@type\":\"EntryPoint\",\"urlTemplate\":\"\\\/?s={search_term_string}\"},\"query-input\":{\"@type\":\"PropertyValueSpecification\",\"valueRequired\":true,\"valueName\":\"search_term_string\"}}],\"inLanguage\":\"de\"},{\"@type\":\"Organization\",\"@id\":\"\\\/#organization\",\"name\":\"Welfare Farm\",\"url\":\"\\\/\",\"logo\":{\"@type\":\"ImageObject\",\"inLanguage\":\"de\",\"@id\":\"\\\/#\\\/schema\\\/logo\\\/image\\\/\",\"url\":\"https:\\\/\\\/welfare-farm.com\\\/wp-content\\\/uploads\\\/2024\\\/08\\\/Welfare-Farm_Logo.png\",\"contentUrl\":\"https:\\\/\\\/welfare-farm.com\\\/wp-content\\\/uploads\\\/2024\\\/08\\\/Welfare-Farm_Logo.png\",\"width\":512,\"height\":670,\"caption\":\"Welfare Farm\"},\"image\":{\"@id\":\"\\\/#\\\/schema\\\/logo\\\/image\\\/\"},\"sameAs\":[\"https:\\\/\\\/www.instagram.com\\\/welfare_farm\\\/\",\"https:\\\/\\\/www.youtube.com\\\/@welfare-farm\",\"https:\\\/\\\/it.linkedin.com\\\/company\\\/spm-mould\"]}]}<\/script>\n<!-- \/ Yoast SEO plugin. -->","yoast_head_json":{"title":"Gummirad - Welfare Farm","robots":{"index":"index","follow":"follow","max-snippet":"max-snippet:-1","max-image-preview":"max-image-preview:large","max-video-preview":"max-video-preview:-1"},"canonical":"https:\/\/welfare-farm.com\/de\/prodotto\/ruota-in-gomma\/","og_locale":"de_DE","og_type":"article","og_title":"Gummirad - Welfare Farm","og_description":"Zur\u00fcck zu allen Zubeh\u00f6ren Gummirad Das Gummirad ist eine vielseitige und robuste Option f\u00fcr den Einsatz in Gehegen. Dieses Produkt ist eine ausgezeichnete Alternative zum Original Calfella Rad. Die Herstellung dieses Gummirades erfolgt nach den h\u00f6chsten Standards unter Verwendung der besten Materialien, um eine lange Haltbarkeit und Zuverl\u00e4ssigkeit zu gew\u00e4hrleisten. Es h\u00e4lt selbst die h\u00e4rteste Verschlei\u00dferscheinung und extremen Umweltbedingungen stand. Es ist somit die optimale Wahl f\u00fcr den Einsatz im Freien, wo die R\u00e4der rauen Oberfl\u00e4chen und Schlamm ausgesetzt sein k\u00f6nnen. Das Gummi bietet einen unvergleichlichen Grip, der sich deutlich von anderen R\u00e4dern abhebt. Dadurch wird die Gefahr des Ausrutschens auf nassen oder schlammigen Oberfl\u00e4chen eliminiert. Diese herausragende Eigenschaft gew\u00e4hrleistet eine h\u00f6here Stabilit\u00e4t w\u00e4hrend der Fahrt. Das ergonomische Design der Gummir\u00e4der erm\u00f6glicht ein einfaches und m\u00fchelose Man\u00f6vrieren. Das neue Design macht den Transport des Stalls einfacher als je zuvor.","og_url":"https:\/\/welfare-farm.com\/de\/prodotto\/ruota-in-gomma\/","og_site_name":"Welfare Farm","article_modified_time":"2024-11-15T16:26:49+00:00","og_image":[{"width":429,"height":429,"url":"https:\/\/welfare-farm.com\/wp-content\/uploads\/2024\/09\/Ruota-in-gomma.png","type":"image\/png"}],"twitter_card":"summary_large_image","twitter_misc":{"Gesch\u00e4tzte Lesezeit":"1\u00a0Minute"},"schema":{"@context":"https:\/\/schema.org","@graph":[{"@type":"WebPage","@id":"https:\/\/welfare-farm.com\/de\/prodotto\/ruota-in-gomma\/","url":"https:\/\/welfare-farm.com\/de\/prodotto\/ruota-in-gomma\/","name":"Gummirad - Welfare Farm","isPartOf":{"@id":"\/#website"},"primaryImageOfPage":{"@id":"https:\/\/welfare-farm.com\/de\/prodotto\/ruota-in-gomma\/#primaryimage"},"image":{"@id":"https:\/\/welfare-farm.com\/de\/prodotto\/ruota-in-gomma\/#primaryimage"},"thumbnailUrl":"https:\/\/welfare-farm.com\/wp-content\/uploads\/2024\/09\/Ruota-in-gomma.png","datePublished":"2024-09-16T08:35:44+00:00","dateModified":"2024-11-15T16:26:49+00:00","breadcrumb":{"@id":"https:\/\/welfare-farm.com\/de\/prodotto\/ruota-in-gomma\/#breadcrumb"},"inLanguage":"de","potentialAction":[{"@type":"ReadAction","target":["https:\/\/welfare-farm.com\/de\/prodotto\/ruota-in-gomma\/"]}]},{"@type":"ImageObject","inLanguage":"de","@id":"https:\/\/welfare-farm.com\/de\/prodotto\/ruota-in-gomma\/#primaryimage","url":"https:\/\/welfare-farm.com\/wp-content\/uploads\/2024\/09\/Ruota-in-gomma.png","contentUrl":"https:\/\/welfare-farm.com\/wp-content\/uploads\/2024\/09\/Ruota-in-gomma.png","width":429,"height":429},{"@type":"BreadcrumbList","@id":"https:\/\/welfare-farm.com\/de\/prodotto\/ruota-in-gomma\/#breadcrumb","itemListElement":[{"@type":"ListItem","position":1,"name":"Home","item":"https:\/\/welfare-farm.com\/de\/"},{"@type":"ListItem","position":2,"name":"Shop old","item":"https:\/\/welfare-farm.com\/shop-old\/"},{"@type":"ListItem","position":3,"name":"Gummirad"}]},{"@type":"WebSite","@id":"\/#website","url":"\/","name":"Welfare Farm","description":"La cuccia ecologica per \u2028i tuoi vitelli","publisher":{"@id":"\/#organization"},"potentialAction":[{"@type":"SearchAction","target":{"@type":"EntryPoint","urlTemplate":"\/?s={search_term_string}"},"query-input":{"@type":"PropertyValueSpecification","valueRequired":true,"valueName":"search_term_string"}}],"inLanguage":"de"},{"@type":"Organization","@id":"\/#organization","name":"Welfare Farm","url":"\/","logo":{"@type":"ImageObject","inLanguage":"de","@id":"\/#\/schema\/logo\/image\/","url":"https:\/\/welfare-farm.com\/wp-content\/uploads\/2024\/08\/Welfare-Farm_Logo.png","contentUrl":"https:\/\/welfare-farm.com\/wp-content\/uploads\/2024\/08\/Welfare-Farm_Logo.png","width":512,"height":670,"caption":"Welfare Farm"},"image":{"@id":"\/#\/schema\/logo\/image\/"},"sameAs":["https:\/\/www.instagram.com\/welfare_farm\/","https:\/\/www.youtube.com\/@welfare-farm","https:\/\/it.linkedin.com\/company\/spm-mould"]}]}},"_links":{"self":[{"href":"https:\/\/welfare-farm.com\/de\/wp-json\/wp\/v2\/product\/12486","targetHints":{"allow":["GET"]}}],"collection":[{"href":"https:\/\/welfare-farm.com\/de\/wp-json\/wp\/v2\/product"}],"about":[{"href":"https:\/\/welfare-farm.com\/de\/wp-json\/wp\/v2\/types\/product"}],"version-history":[{"count":1,"href":"https:\/\/welfare-farm.com\/de\/wp-json\/wp\/v2\/product\/12486\/revisions"}],"predecessor-version":[{"id":12487,"href":"https:\/\/welfare-farm.com\/de\/wp-json\/wp\/v2\/product\/12486\/revisions\/12487"}],"wp:featuredmedia":[{"embeddable":true,"href":"https:\/\/welfare-farm.com\/de\/wp-json\/wp\/v2\/media\/11627"}],"wp:attachment":[{"href":"https:\/\/welfare-farm.com\/de\/wp-json\/wp\/v2\/media?parent=12486"}],"wp:term":[{"taxonomy":"product_brand","embeddable":true,"href":"https:\/\/welfare-farm.com\/de\/wp-json\/wp\/v2\/product_brand?post=12486"},{"taxonomy":"product_cat","embeddable":true,"href":"https:\/\/welfare-farm.com\/de\/wp-json\/wp\/v2\/product_cat?post=12486"},{"taxonomy":"product_tag","embeddable":true,"href":"https:\/\/welfare-farm.com\/de\/wp-json\/wp\/v2\/product_tag?post=12486"}],"curies":[{"name":"wp","href":"https:\/\/api.w.org\/{rel}","templated":true}]}}