{"id":12493,"date":"2024-09-16T10:37:24","date_gmt":"2024-09-16T08:37:24","guid":{"rendered":"https:\/\/welfare-farm.com\/prodotto\/tettuccio-anteriore\/"},"modified":"2024-11-15T17:30:34","modified_gmt":"2024-11-15T16:30:34","slug":"tettuccio-anteriore","status":"publish","type":"product","link":"https:\/\/welfare-farm.com\/de\/prodotto\/tettuccio-anteriore\/","title":{"rendered":"Schutzdach + Montagesatz"},"content":{"rendered":"\t\t<div data-elementor-type=\"wp-post\" data-elementor-id=\"12493\" class=\"elementor elementor-12493 elementor-8021\">\n\t\t\t\t\t\t<section class=\"elementor-section elementor-top-section elementor-element elementor-element-13f41d6 elementor-section-full_width elementor-section-stretched elementor-section-height-default elementor-section-height-default wpr-particle-no wpr-jarallax-no wpr-parallax-no wpr-sticky-section-no jltma-glass-effect-no\" data-id=\"13f41d6\" data-element_type=\"section\" data-settings=\"{&quot;stretch_section&quot;:&quot;section-stretched&quot;}\">\n\t\t\t\t\t\t<div class=\"elementor-container elementor-column-gap-default\">\n\t\t\t\t\t<div class=\"elementor-column elementor-col-100 elementor-top-column elementor-element elementor-element-4cb5ecc jltma-glass-effect-no\" data-id=\"4cb5ecc\" data-element_type=\"column\">\n\t\t\t<div class=\"elementor-widget-wrap elementor-element-populated\">\n\t\t\t\t\t\t<div class=\"elementor-element elementor-element-86c78bb carosello_immagini  elementor-arrows-position-outside elementor-pagination-position-outside jltma-glass-effect-no elementor-widget elementor-widget-image-carousel\" data-id=\"86c78bb\" data-element_type=\"widget\" data-settings=\"{&quot;slides_to_show&quot;:&quot;3&quot;,&quot;slides_to_scroll&quot;:&quot;1&quot;,&quot;image_spacing_custom&quot;:{&quot;unit&quot;:&quot;px&quot;,&quot;size&quot;:25,&quot;sizes&quot;:[]},&quot;navigation&quot;:&quot;both&quot;,&quot;autoplay&quot;:&quot;yes&quot;,&quot;pause_on_hover&quot;:&quot;yes&quot;,&quot;pause_on_interaction&quot;:&quot;yes&quot;,&quot;autoplay_speed&quot;:5000,&quot;infinite&quot;:&quot;yes&quot;,&quot;speed&quot;:500,&quot;image_spacing_custom_tablet&quot;:{&quot;unit&quot;:&quot;px&quot;,&quot;size&quot;:&quot;&quot;,&quot;sizes&quot;:[]},&quot;image_spacing_custom_mobile&quot;:{&quot;unit&quot;:&quot;px&quot;,&quot;size&quot;:&quot;&quot;,&quot;sizes&quot;:[]}}\" data-widget_type=\"image-carousel.default\">\n\t\t\t\t<div class=\"elementor-widget-container\">\n\t\t\t\t\t\t\t<div class=\"elementor-image-carousel-wrapper swiper\" role=\"region\" aria-roledescription=\"carousel\" aria-label=\"Bild Karussell\" dir=\"ltr\">\n\t\t\t<div class=\"elementor-image-carousel swiper-wrapper\" aria-live=\"off\">\n\t\t\t\t\t\t\t\t<div class=\"swiper-slide\" role=\"group\" aria-roledescription=\"slide\" aria-label=\"1 von 5\"><a data-elementor-open-lightbox=\"yes\" data-elementor-lightbox-slideshow=\"86c78bb\" data-e-action-hash=\"#elementor-action%3Aaction%3Dlightbox%26settings%3DeyJpZCI6MTE1NjcsInVybCI6Imh0dHBzOlwvXC93ZWxmYXJlLWZhcm0uY29tXC93cC1jb250ZW50XC91cGxvYWRzXC8yMDI0XC8xMFwvdGV0dHVjY2lvLWFudGVyaW9yZS1nYWxsZXJ5LTMuanBnIiwic2xpZGVzaG93IjoiODZjNzhiYiJ9\" href=\"https:\/\/welfare-farm.com\/wp-content\/uploads\/2024\/10\/tettuccio-anteriore-gallery-3.jpg\"><figure class=\"swiper-slide-inner\"><img decoding=\"async\" class=\"swiper-slide-image\" src=\"https:\/\/welfare-farm.com\/wp-content\/uploads\/elementor\/thumbs\/tettuccio-anteriore-gallery-3-qvloy9ljz5pshxfggys862caot0ns0es0v74q8q8hc.jpg\" alt=\"tettuccio anteriore gallery (3)\" \/><\/figure><\/a><\/div><div class=\"swiper-slide\" role=\"group\" aria-roledescription=\"slide\" aria-label=\"2 von 5\"><a data-elementor-open-lightbox=\"yes\" data-elementor-lightbox-slideshow=\"86c78bb\" data-e-action-hash=\"#elementor-action%3Aaction%3Dlightbox%26settings%3DeyJpZCI6MTE1NzAsInVybCI6Imh0dHBzOlwvXC93ZWxmYXJlLWZhcm0uY29tXC93cC1jb250ZW50XC91cGxvYWRzXC8yMDI0XC8xMFwvdGV0dHVjY2lvLWFudGVyaW9yZS1nYWxsZXJ5LTQuanBnIiwic2xpZGVzaG93IjoiODZjNzhiYiJ9\" href=\"https:\/\/welfare-farm.com\/wp-content\/uploads\/2024\/10\/tettuccio-anteriore-gallery-4.jpg\"><figure class=\"swiper-slide-inner\"><img decoding=\"async\" class=\"swiper-slide-image\" src=\"https:\/\/welfare-farm.com\/wp-content\/uploads\/elementor\/thumbs\/tettuccio-anteriore-gallery-4-qvloy9ljz5pshxfggys862caot0ns0es0v74q8q8hc.jpg\" alt=\"tettuccio anteriore gallery (4)\" \/><\/figure><\/a><\/div><div class=\"swiper-slide\" role=\"group\" aria-roledescription=\"slide\" aria-label=\"3 von 5\"><a data-elementor-open-lightbox=\"yes\" data-elementor-lightbox-slideshow=\"86c78bb\" data-e-action-hash=\"#elementor-action%3Aaction%3Dlightbox%26settings%3DeyJpZCI6MTE1NzMsInVybCI6Imh0dHBzOlwvXC93ZWxmYXJlLWZhcm0uY29tXC93cC1jb250ZW50XC91cGxvYWRzXC8yMDI0XC8xMFwvdGV0dHVjY2lvLWFudGVyaW9yZS1nYWxsZXJ5LTUuanBnIiwic2xpZGVzaG93IjoiODZjNzhiYiJ9\" href=\"https:\/\/welfare-farm.com\/wp-content\/uploads\/2024\/10\/tettuccio-anteriore-gallery-5.jpg\"><figure class=\"swiper-slide-inner\"><img decoding=\"async\" class=\"swiper-slide-image\" src=\"https:\/\/welfare-farm.com\/wp-content\/uploads\/elementor\/thumbs\/tettuccio-anteriore-gallery-5-qvloy8npsboi6bgtmgdllkku3f5akbb1oqjn8yrmnk.jpg\" alt=\"tettuccio anteriore gallery (5)\" \/><\/figure><\/a><\/div><div class=\"swiper-slide\" role=\"group\" aria-roledescription=\"slide\" aria-label=\"4 von 5\"><a data-elementor-open-lightbox=\"yes\" data-elementor-lightbox-slideshow=\"86c78bb\" data-e-action-hash=\"#elementor-action%3Aaction%3Dlightbox%26settings%3DeyJpZCI6MTE1NzYsInVybCI6Imh0dHBzOlwvXC93ZWxmYXJlLWZhcm0uY29tXC93cC1jb250ZW50XC91cGxvYWRzXC8yMDI0XC8xMFwvdGV0dHVjY2lvLWFudGVyaW9yZS1nYWxsZXJ5LTEuanBnIiwic2xpZGVzaG93IjoiODZjNzhiYiJ9\" href=\"https:\/\/welfare-farm.com\/wp-content\/uploads\/2024\/10\/tettuccio-anteriore-gallery-1.jpg\"><figure class=\"swiper-slide-inner\"><img decoding=\"async\" class=\"swiper-slide-image\" src=\"https:\/\/welfare-farm.com\/wp-content\/uploads\/elementor\/thumbs\/tettuccio-anteriore-gallery-1-qvloy8npsboi6bgtmgdllkku3f5akbb1oqjn8yrmnk.jpg\" alt=\"tettuccio anteriore gallery (1)\" \/><\/figure><\/a><\/div><div class=\"swiper-slide\" role=\"group\" aria-roledescription=\"slide\" aria-label=\"5 von 5\"><a data-elementor-open-lightbox=\"yes\" data-elementor-lightbox-slideshow=\"86c78bb\" data-e-action-hash=\"#elementor-action%3Aaction%3Dlightbox%26settings%3DeyJpZCI6MTE1NjQsInVybCI6Imh0dHBzOlwvXC93ZWxmYXJlLWZhcm0uY29tXC93cC1jb250ZW50XC91cGxvYWRzXC8yMDI0XC8xMFwvdGV0dHVjY2lvLWFudGVyaW9yZS1nYWxsZXJ5LTIuanBnIiwic2xpZGVzaG93IjoiODZjNzhiYiJ9\" href=\"https:\/\/welfare-farm.com\/wp-content\/uploads\/2024\/10\/tettuccio-anteriore-gallery-2.jpg\"><figure class=\"swiper-slide-inner\"><img decoding=\"async\" class=\"swiper-slide-image\" src=\"https:\/\/welfare-farm.com\/wp-content\/uploads\/elementor\/thumbs\/tettuccio-anteriore-gallery-2-qvloy9ljz5pshxfggys862caot0ns0es0v74q8q8hc.jpg\" alt=\"tettuccio anteriore gallery (2)\" \/><\/figure><\/a><\/div>\t\t\t<\/div>\n\t\t\t\t\t\t\t\t\t\t\t\t<div class=\"elementor-swiper-button elementor-swiper-button-prev\" role=\"button\" tabindex=\"0\">\n\t\t\t\t\t\t<i aria-hidden=\"true\" class=\"eicon-chevron-left\"><\/i>\t\t\t\t\t<\/div>\n\t\t\t\t\t<div class=\"elementor-swiper-button elementor-swiper-button-next\" role=\"button\" tabindex=\"0\">\n\t\t\t\t\t\t<i aria-hidden=\"true\" class=\"eicon-chevron-right\"><\/i>\t\t\t\t\t<\/div>\n\t\t\t\t\n\t\t\t\t\t\t\t\t\t<div class=\"swiper-pagination\"><\/div>\n\t\t\t\t\t\t\t\t\t<\/div>\n\t\t\t\t\t\t<\/div>\n\t\t\t\t<\/div>\n\t\t\t\t\t<\/div>\n\t\t<\/div>\n\t\t\t\t\t<\/div>\n\t\t<\/section>\n\t\t\t\t<\/div>\n\t\t","protected":false},"excerpt":{"rendered":"<div class=\"button_tutti_accessori\"><a href=\"https:\/\/welfare-farm.com\/de\/accessori\/\"> <img decoding=\"async\" src=\"https:\/\/welfare-farm.com\/wp-content\/uploads\/2024\/10\/icon-arrow.png\" \/> <\/p>\n<h5>Zur\u00fcck zu allen Zubeh\u00f6ren<\/h5>\n<p><\/a><\/div>\n<h1 class=\"title_accessorio_singolo\">Schutzdach + Montagesatz<\/h1>\n<p>Das vordere Schutzdach wurde speziell daf\u00fcr entwickelt, das Kalb zus\u00e4tzlich vor widrigen Witterungsbedingungen zu sch\u00fctzen und so seine Sicherheit und sein Wohlbefinden zu gew\u00e4hrleisten. Diese innovative Abdeckung erstreckt sich \u00fcber den Eingang der H\u00fctte und bietet eine wirksame Barriere gegen Regen, wodurch die Sicherheit und den Komfort der Tiere gew\u00e4hrleistet werden. Dar\u00fcber hinaus bietet das Dach Schutz vor direkter Sonneneinstrahlung und sorgt an hei\u00dfen Tagen f\u00fcr eine k\u00fchlere und angenehmere Temperatur in der H\u00fctte. Diese innovative L\u00f6sung bietet dem Kalb eine gesunde Umgebung, in der es optimal aufwachsen kann. Sie bietet den Tieren den Schutz und die Sicherheit, die sie f\u00fcr ein gesundes Wachstum und Wohlbefinden ben\u00f6tigen.<\/p>\n","protected":false},"featured_media":11600,"template":"","meta":{"_acf_changed":false,"inline_featured_image":false},"product_brand":[],"product_cat":[114],"product_tag":[],"class_list":{"0":"post-12493","1":"product","2":"type-product","3":"status-publish","4":"has-post-thumbnail","6":"product_cat-per-cuccia-de","8":"first","9":"instock","10":"shipping-taxable","11":"product-type-simple"},"acf":[],"yoast_head":"<!-- This site is optimized with the Yoast SEO plugin v27.3 - https:\/\/yoast.com\/product\/yoast-seo-wordpress\/ -->\n<title>Schutzdach + Montagesatz - Welfare Farm<\/title>\n<meta name=\"robots\" content=\"index, follow, max-snippet:-1, max-image-preview:large, max-video-preview:-1\" \/>\n<link rel=\"canonical\" href=\"https:\/\/welfare-farm.com\/de\/prodotto\/tettuccio-anteriore\/\" \/>\n<meta property=\"og:locale\" content=\"de_DE\" \/>\n<meta property=\"og:type\" content=\"article\" \/>\n<meta property=\"og:title\" content=\"Schutzdach + Montagesatz - Welfare Farm\" \/>\n<meta property=\"og:description\" content=\"Zur\u00fcck zu allen Zubeh\u00f6ren Schutzdach + Montagesatz Das vordere Schutzdach wurde speziell daf\u00fcr entwickelt, das Kalb zus\u00e4tzlich vor widrigen Witterungsbedingungen zu sch\u00fctzen und so seine Sicherheit und sein Wohlbefinden zu gew\u00e4hrleisten. Diese innovative Abdeckung erstreckt sich \u00fcber den Eingang der H\u00fctte und bietet eine wirksame Barriere gegen Regen, wodurch die Sicherheit und den Komfort der Tiere gew\u00e4hrleistet werden. Dar\u00fcber hinaus bietet das Dach Schutz vor direkter Sonneneinstrahlung und sorgt an hei\u00dfen Tagen f\u00fcr eine k\u00fchlere und angenehmere Temperatur in der H\u00fctte. Diese innovative L\u00f6sung bietet dem Kalb eine gesunde Umgebung, in der es optimal aufwachsen kann. Sie bietet den Tieren den Schutz und die Sicherheit, die sie f\u00fcr ein gesundes Wachstum und Wohlbefinden ben\u00f6tigen.\" \/>\n<meta property=\"og:url\" content=\"https:\/\/welfare-farm.com\/de\/prodotto\/tettuccio-anteriore\/\" \/>\n<meta property=\"og:site_name\" content=\"Welfare Farm\" \/>\n<meta property=\"article:modified_time\" content=\"2024-11-15T16:30:34+00:00\" \/>\n<meta property=\"og:image\" content=\"https:\/\/welfare-farm.com\/wp-content\/uploads\/2024\/09\/Tettoia-protettiva-kit-di-montaggio.png\" \/>\n\t<meta property=\"og:image:width\" content=\"429\" \/>\n\t<meta property=\"og:image:height\" content=\"429\" \/>\n\t<meta property=\"og:image:type\" content=\"image\/png\" \/>\n<meta name=\"twitter:card\" content=\"summary_large_image\" \/>\n<meta name=\"twitter:label1\" content=\"Gesch\u00e4tzte Lesezeit\" \/>\n\t<meta name=\"twitter:data1\" content=\"2\u00a0Minuten\" \/>\n<script type=\"application\/ld+json\" class=\"yoast-schema-graph\">{\"@context\":\"https:\\\/\\\/schema.org\",\"@graph\":[{\"@type\":\"WebPage\",\"@id\":\"https:\\\/\\\/welfare-farm.com\\\/de\\\/prodotto\\\/tettuccio-anteriore\\\/\",\"url\":\"https:\\\/\\\/welfare-farm.com\\\/de\\\/prodotto\\\/tettuccio-anteriore\\\/\",\"name\":\"Schutzdach + Montagesatz - Welfare Farm\",\"isPartOf\":{\"@id\":\"\\\/#website\"},\"primaryImageOfPage\":{\"@id\":\"https:\\\/\\\/welfare-farm.com\\\/de\\\/prodotto\\\/tettuccio-anteriore\\\/#primaryimage\"},\"image\":{\"@id\":\"https:\\\/\\\/welfare-farm.com\\\/de\\\/prodotto\\\/tettuccio-anteriore\\\/#primaryimage\"},\"thumbnailUrl\":\"https:\\\/\\\/welfare-farm.com\\\/wp-content\\\/uploads\\\/2024\\\/09\\\/Tettoia-protettiva-kit-di-montaggio.png\",\"datePublished\":\"2024-09-16T08:37:24+00:00\",\"dateModified\":\"2024-11-15T16:30:34+00:00\",\"breadcrumb\":{\"@id\":\"https:\\\/\\\/welfare-farm.com\\\/de\\\/prodotto\\\/tettuccio-anteriore\\\/#breadcrumb\"},\"inLanguage\":\"de\",\"potentialAction\":[{\"@type\":\"ReadAction\",\"target\":[\"https:\\\/\\\/welfare-farm.com\\\/de\\\/prodotto\\\/tettuccio-anteriore\\\/\"]}]},{\"@type\":\"ImageObject\",\"inLanguage\":\"de\",\"@id\":\"https:\\\/\\\/welfare-farm.com\\\/de\\\/prodotto\\\/tettuccio-anteriore\\\/#primaryimage\",\"url\":\"https:\\\/\\\/welfare-farm.com\\\/wp-content\\\/uploads\\\/2024\\\/09\\\/Tettoia-protettiva-kit-di-montaggio.png\",\"contentUrl\":\"https:\\\/\\\/welfare-farm.com\\\/wp-content\\\/uploads\\\/2024\\\/09\\\/Tettoia-protettiva-kit-di-montaggio.png\",\"width\":429,\"height\":429},{\"@type\":\"BreadcrumbList\",\"@id\":\"https:\\\/\\\/welfare-farm.com\\\/de\\\/prodotto\\\/tettuccio-anteriore\\\/#breadcrumb\",\"itemListElement\":[{\"@type\":\"ListItem\",\"position\":1,\"name\":\"Home\",\"item\":\"https:\\\/\\\/welfare-farm.com\\\/de\\\/\"},{\"@type\":\"ListItem\",\"position\":2,\"name\":\"Shop old\",\"item\":\"https:\\\/\\\/welfare-farm.com\\\/shop-old\\\/\"},{\"@type\":\"ListItem\",\"position\":3,\"name\":\"Schutzdach + Montagesatz\"}]},{\"@type\":\"WebSite\",\"@id\":\"\\\/#website\",\"url\":\"\\\/\",\"name\":\"Welfare Farm\",\"description\":\"La cuccia ecologica per \\u2028i tuoi vitelli\",\"publisher\":{\"@id\":\"\\\/#organization\"},\"potentialAction\":[{\"@type\":\"SearchAction\",\"target\":{\"@type\":\"EntryPoint\",\"urlTemplate\":\"\\\/?s={search_term_string}\"},\"query-input\":{\"@type\":\"PropertyValueSpecification\",\"valueRequired\":true,\"valueName\":\"search_term_string\"}}],\"inLanguage\":\"de\"},{\"@type\":\"Organization\",\"@id\":\"\\\/#organization\",\"name\":\"Welfare Farm\",\"url\":\"\\\/\",\"logo\":{\"@type\":\"ImageObject\",\"inLanguage\":\"de\",\"@id\":\"\\\/#\\\/schema\\\/logo\\\/image\\\/\",\"url\":\"https:\\\/\\\/welfare-farm.com\\\/wp-content\\\/uploads\\\/2024\\\/08\\\/Welfare-Farm_Logo.png\",\"contentUrl\":\"https:\\\/\\\/welfare-farm.com\\\/wp-content\\\/uploads\\\/2024\\\/08\\\/Welfare-Farm_Logo.png\",\"width\":512,\"height\":670,\"caption\":\"Welfare Farm\"},\"image\":{\"@id\":\"\\\/#\\\/schema\\\/logo\\\/image\\\/\"},\"sameAs\":[\"https:\\\/\\\/www.instagram.com\\\/welfare_farm\\\/\",\"https:\\\/\\\/www.youtube.com\\\/@welfare-farm\",\"https:\\\/\\\/it.linkedin.com\\\/company\\\/spm-mould\"]}]}<\/script>\n<!-- \/ Yoast SEO plugin. -->","yoast_head_json":{"title":"Schutzdach + Montagesatz - Welfare Farm","robots":{"index":"index","follow":"follow","max-snippet":"max-snippet:-1","max-image-preview":"max-image-preview:large","max-video-preview":"max-video-preview:-1"},"canonical":"https:\/\/welfare-farm.com\/de\/prodotto\/tettuccio-anteriore\/","og_locale":"de_DE","og_type":"article","og_title":"Schutzdach + Montagesatz - Welfare Farm","og_description":"Zur\u00fcck zu allen Zubeh\u00f6ren Schutzdach + Montagesatz Das vordere Schutzdach wurde speziell daf\u00fcr entwickelt, das Kalb zus\u00e4tzlich vor widrigen Witterungsbedingungen zu sch\u00fctzen und so seine Sicherheit und sein Wohlbefinden zu gew\u00e4hrleisten. Diese innovative Abdeckung erstreckt sich \u00fcber den Eingang der H\u00fctte und bietet eine wirksame Barriere gegen Regen, wodurch die Sicherheit und den Komfort der Tiere gew\u00e4hrleistet werden. Dar\u00fcber hinaus bietet das Dach Schutz vor direkter Sonneneinstrahlung und sorgt an hei\u00dfen Tagen f\u00fcr eine k\u00fchlere und angenehmere Temperatur in der H\u00fctte. Diese innovative L\u00f6sung bietet dem Kalb eine gesunde Umgebung, in der es optimal aufwachsen kann. Sie bietet den Tieren den Schutz und die Sicherheit, die sie f\u00fcr ein gesundes Wachstum und Wohlbefinden ben\u00f6tigen.","og_url":"https:\/\/welfare-farm.com\/de\/prodotto\/tettuccio-anteriore\/","og_site_name":"Welfare Farm","article_modified_time":"2024-11-15T16:30:34+00:00","og_image":[{"width":429,"height":429,"url":"https:\/\/welfare-farm.com\/wp-content\/uploads\/2024\/09\/Tettoia-protettiva-kit-di-montaggio.png","type":"image\/png"}],"twitter_card":"summary_large_image","twitter_misc":{"Gesch\u00e4tzte Lesezeit":"2\u00a0Minuten"},"schema":{"@context":"https:\/\/schema.org","@graph":[{"@type":"WebPage","@id":"https:\/\/welfare-farm.com\/de\/prodotto\/tettuccio-anteriore\/","url":"https:\/\/welfare-farm.com\/de\/prodotto\/tettuccio-anteriore\/","name":"Schutzdach + Montagesatz - Welfare Farm","isPartOf":{"@id":"\/#website"},"primaryImageOfPage":{"@id":"https:\/\/welfare-farm.com\/de\/prodotto\/tettuccio-anteriore\/#primaryimage"},"image":{"@id":"https:\/\/welfare-farm.com\/de\/prodotto\/tettuccio-anteriore\/#primaryimage"},"thumbnailUrl":"https:\/\/welfare-farm.com\/wp-content\/uploads\/2024\/09\/Tettoia-protettiva-kit-di-montaggio.png","datePublished":"2024-09-16T08:37:24+00:00","dateModified":"2024-11-15T16:30:34+00:00","breadcrumb":{"@id":"https:\/\/welfare-farm.com\/de\/prodotto\/tettuccio-anteriore\/#breadcrumb"},"inLanguage":"de","potentialAction":[{"@type":"ReadAction","target":["https:\/\/welfare-farm.com\/de\/prodotto\/tettuccio-anteriore\/"]}]},{"@type":"ImageObject","inLanguage":"de","@id":"https:\/\/welfare-farm.com\/de\/prodotto\/tettuccio-anteriore\/#primaryimage","url":"https:\/\/welfare-farm.com\/wp-content\/uploads\/2024\/09\/Tettoia-protettiva-kit-di-montaggio.png","contentUrl":"https:\/\/welfare-farm.com\/wp-content\/uploads\/2024\/09\/Tettoia-protettiva-kit-di-montaggio.png","width":429,"height":429},{"@type":"BreadcrumbList","@id":"https:\/\/welfare-farm.com\/de\/prodotto\/tettuccio-anteriore\/#breadcrumb","itemListElement":[{"@type":"ListItem","position":1,"name":"Home","item":"https:\/\/welfare-farm.com\/de\/"},{"@type":"ListItem","position":2,"name":"Shop old","item":"https:\/\/welfare-farm.com\/shop-old\/"},{"@type":"ListItem","position":3,"name":"Schutzdach + Montagesatz"}]},{"@type":"WebSite","@id":"\/#website","url":"\/","name":"Welfare Farm","description":"La cuccia ecologica per \u2028i tuoi vitelli","publisher":{"@id":"\/#organization"},"potentialAction":[{"@type":"SearchAction","target":{"@type":"EntryPoint","urlTemplate":"\/?s={search_term_string}"},"query-input":{"@type":"PropertyValueSpecification","valueRequired":true,"valueName":"search_term_string"}}],"inLanguage":"de"},{"@type":"Organization","@id":"\/#organization","name":"Welfare Farm","url":"\/","logo":{"@type":"ImageObject","inLanguage":"de","@id":"\/#\/schema\/logo\/image\/","url":"https:\/\/welfare-farm.com\/wp-content\/uploads\/2024\/08\/Welfare-Farm_Logo.png","contentUrl":"https:\/\/welfare-farm.com\/wp-content\/uploads\/2024\/08\/Welfare-Farm_Logo.png","width":512,"height":670,"caption":"Welfare Farm"},"image":{"@id":"\/#\/schema\/logo\/image\/"},"sameAs":["https:\/\/www.instagram.com\/welfare_farm\/","https:\/\/www.youtube.com\/@welfare-farm","https:\/\/it.linkedin.com\/company\/spm-mould"]}]}},"_links":{"self":[{"href":"https:\/\/welfare-farm.com\/de\/wp-json\/wp\/v2\/product\/12493","targetHints":{"allow":["GET"]}}],"collection":[{"href":"https:\/\/welfare-farm.com\/de\/wp-json\/wp\/v2\/product"}],"about":[{"href":"https:\/\/welfare-farm.com\/de\/wp-json\/wp\/v2\/types\/product"}],"version-history":[{"count":1,"href":"https:\/\/welfare-farm.com\/de\/wp-json\/wp\/v2\/product\/12493\/revisions"}],"predecessor-version":[{"id":12494,"href":"https:\/\/welfare-farm.com\/de\/wp-json\/wp\/v2\/product\/12493\/revisions\/12494"}],"wp:featuredmedia":[{"embeddable":true,"href":"https:\/\/welfare-farm.com\/de\/wp-json\/wp\/v2\/media\/11600"}],"wp:attachment":[{"href":"https:\/\/welfare-farm.com\/de\/wp-json\/wp\/v2\/media?parent=12493"}],"wp:term":[{"taxonomy":"product_brand","embeddable":true,"href":"https:\/\/welfare-farm.com\/de\/wp-json\/wp\/v2\/product_brand?post=12493"},{"taxonomy":"product_cat","embeddable":true,"href":"https:\/\/welfare-farm.com\/de\/wp-json\/wp\/v2\/product_cat?post=12493"},{"taxonomy":"product_tag","embeddable":true,"href":"https:\/\/welfare-farm.com\/de\/wp-json\/wp\/v2\/product_tag?post=12493"}],"curies":[{"name":"wp","href":"https:\/\/api.w.org\/{rel}","templated":true}]}}