{"id":13304,"date":"2025-06-03T17:13:07","date_gmt":"2025-06-03T15:13:07","guid":{"rendered":"https:\/\/welfare-farm.com\/?post_type=product&#038;p=13304"},"modified":"2026-03-16T10:53:01","modified_gmt":"2026-03-16T09:53:01","slug":"zusaetzliches-ranch-modul","status":"publish","type":"product","link":"https:\/\/welfare-farm.com\/de\/prodotto\/zusaetzliches-ranch-modul\/","title":{"rendered":"Zus\u00e4tzliches Ranch-Modul"},"content":{"rendered":"\t\t<div data-elementor-type=\"wp-post\" data-elementor-id=\"13304\" class=\"elementor elementor-13304 elementor-13303\">\n\t\t\t\t\t\t<section class=\"elementor-section elementor-top-section elementor-element elementor-element-294e215 elementor-section-full_width elementor-section-stretched elementor-section-height-default elementor-section-height-default wpr-particle-no wpr-jarallax-no wpr-parallax-no wpr-sticky-section-no jltma-glass-effect-no\" data-id=\"294e215\" data-element_type=\"section\" data-settings=\"{&quot;stretch_section&quot;:&quot;section-stretched&quot;}\">\n\t\t\t\t\t\t<div class=\"elementor-container elementor-column-gap-default\">\n\t\t\t\t\t<div class=\"elementor-column elementor-col-100 elementor-top-column elementor-element elementor-element-7779c64 jltma-glass-effect-no\" data-id=\"7779c64\" data-element_type=\"column\">\n\t\t\t<div class=\"elementor-widget-wrap elementor-element-populated\">\n\t\t\t\t\t\t<div class=\"elementor-element elementor-element-5cde0e0 carosello_immagini  elementor-arrows-position-outside elementor-pagination-position-outside jltma-glass-effect-no elementor-widget elementor-widget-image-carousel\" data-id=\"5cde0e0\" data-element_type=\"widget\" data-settings=\"{&quot;slides_to_show&quot;:&quot;3&quot;,&quot;slides_to_scroll&quot;:&quot;1&quot;,&quot;image_spacing_custom&quot;:{&quot;unit&quot;:&quot;px&quot;,&quot;size&quot;:25,&quot;sizes&quot;:[]},&quot;navigation&quot;:&quot;both&quot;,&quot;autoplay&quot;:&quot;yes&quot;,&quot;pause_on_hover&quot;:&quot;yes&quot;,&quot;pause_on_interaction&quot;:&quot;yes&quot;,&quot;autoplay_speed&quot;:5000,&quot;infinite&quot;:&quot;yes&quot;,&quot;speed&quot;:500,&quot;image_spacing_custom_tablet&quot;:{&quot;unit&quot;:&quot;px&quot;,&quot;size&quot;:&quot;&quot;,&quot;sizes&quot;:[]},&quot;image_spacing_custom_mobile&quot;:{&quot;unit&quot;:&quot;px&quot;,&quot;size&quot;:&quot;&quot;,&quot;sizes&quot;:[]}}\" data-widget_type=\"image-carousel.default\">\n\t\t\t\t<div class=\"elementor-widget-container\">\n\t\t\t\t\t\t\t<div class=\"elementor-image-carousel-wrapper swiper\" role=\"region\" aria-roledescription=\"carousel\" aria-label=\"Bild Karussell\" dir=\"ltr\">\n\t\t\t<div class=\"elementor-image-carousel swiper-wrapper\" aria-live=\"off\">\n\t\t\t\t\t\t\t\t<div class=\"swiper-slide\" role=\"group\" aria-roledescription=\"slide\" aria-label=\"1 von 3\"><a data-elementor-open-lightbox=\"yes\" data-elementor-lightbox-slideshow=\"5cde0e0\" data-e-action-hash=\"#elementor-action%3Aaction%3Dlightbox%26settings%3DeyJpZCI6MTMzMTIsInVybCI6Imh0dHBzOlwvXC93ZWxmYXJlLWZhcm0uY29tXC93cC1jb250ZW50XC91cGxvYWRzXC8yMDI1XC8wNlwvMTAuanBnIiwic2xpZGVzaG93IjoiNWNkZTBlMCJ9\" href=\"https:\/\/welfare-farm.com\/wp-content\/uploads\/2025\/06\/10.jpg\"><figure class=\"swiper-slide-inner\"><img decoding=\"async\" class=\"swiper-slide-image\" src=\"https:\/\/welfare-farm.com\/wp-content\/uploads\/elementor\/thumbs\/10-r6rqboc8ny4j3tpllhcqukw0x48c65oswehbbdfqls.jpg\" alt=\"10\" \/><\/figure><\/a><\/div><div class=\"swiper-slide\" role=\"group\" aria-roledescription=\"slide\" aria-label=\"2 von 3\"><a data-elementor-open-lightbox=\"yes\" data-elementor-lightbox-slideshow=\"5cde0e0\" data-e-action-hash=\"#elementor-action%3Aaction%3Dlightbox%26settings%3DeyJpZCI6MTMzMTYsInVybCI6Imh0dHBzOlwvXC93ZWxmYXJlLWZhcm0uY29tXC93cC1jb250ZW50XC91cGxvYWRzXC8yMDI1XC8wNlwvMTguanBnIiwic2xpZGVzaG93IjoiNWNkZTBlMCJ9\" href=\"https:\/\/welfare-farm.com\/wp-content\/uploads\/2025\/06\/18.jpg\"><figure class=\"swiper-slide-inner\"><img decoding=\"async\" class=\"swiper-slide-image\" src=\"https:\/\/welfare-farm.com\/wp-content\/uploads\/elementor\/thumbs\/18-r6rqbs3lfa9oe9k4ziz94jxvanpt0y3q8x398ha5ww.jpg\" alt=\"18\" \/><\/figure><\/a><\/div><div class=\"swiper-slide\" role=\"group\" aria-roledescription=\"slide\" aria-label=\"3 von 3\"><a data-elementor-open-lightbox=\"yes\" data-elementor-lightbox-slideshow=\"5cde0e0\" data-e-action-hash=\"#elementor-action%3Aaction%3Dlightbox%26settings%3DeyJpZCI6MTM4OTUsInVybCI6Imh0dHBzOlwvXC93ZWxmYXJlLWZhcm0uY29tXC93cC1jb250ZW50XC91cGxvYWRzXC8yMDI1XC8wNlwvcmVjaW50by1wZXItdml0ZWxsYWlhLWRhLWludGVybm8tMi5qcGciLCJzbGlkZXNob3ciOiI1Y2RlMGUwIn0%3D\" href=\"https:\/\/welfare-farm.com\/wp-content\/uploads\/2025\/06\/recinto-per-vitellaia-da-interno-2.jpg\"><figure class=\"swiper-slide-inner\"><img decoding=\"async\" class=\"swiper-slide-image\" src=\"https:\/\/welfare-farm.com\/wp-content\/uploads\/elementor\/thumbs\/recinto-per-vitellaia-da-interno-2-r77ayf56k2s4z15cjl1f3j9c0a1w91safpnyr0a3qo.jpg\" alt=\"recinto-per-vitellaia-da-interno-2\" \/><\/figure><\/a><\/div>\t\t\t<\/div>\n\t\t\t\t\t\t\t\t\t\t\t\t<div class=\"elementor-swiper-button elementor-swiper-button-prev\" role=\"button\" tabindex=\"0\">\n\t\t\t\t\t\t<i aria-hidden=\"true\" class=\"eicon-chevron-left\"><\/i>\t\t\t\t\t<\/div>\n\t\t\t\t\t<div class=\"elementor-swiper-button elementor-swiper-button-next\" role=\"button\" tabindex=\"0\">\n\t\t\t\t\t\t<i aria-hidden=\"true\" class=\"eicon-chevron-right\"><\/i>\t\t\t\t\t<\/div>\n\t\t\t\t\n\t\t\t\t\t\t\t\t\t<div class=\"swiper-pagination\"><\/div>\n\t\t\t\t\t\t\t\t\t<\/div>\n\t\t\t\t\t\t<\/div>\n\t\t\t\t<\/div>\n\t\t\t\t\t<\/div>\n\t\t<\/div>\n\t\t\t\t\t<\/div>\n\t\t<\/section>\n\t\t\t\t<\/div>\n\t\t","protected":false},"excerpt":{"rendered":"<div class=\"button_tutti_accessori\">\n<a href=\"https:\/\/welfare-farm.com\/accessori\/\"> <img decoding=\"async\" src=\"https:\/\/welfare-farm.com\/wp-content\/uploads\/2024\/10\/icon-arrow.png\" \/> <\/p>\n<h5>Zur\u00fcck zu allen Zubeh\u00f6rteilen<\/h5>\n<p> <\/a><br \/>\n&nbsp;\n<\/div>\n<h1 class=\"title_accessorio_singolo\">Zus\u00e4tzliches Ranch-Modul<\/h1>\n<p>Beim Aufbau mehrerer Ranch-Einheiten ist die beste L\u00f6sung, sie in Serie zu verbinden und eine Seite gemeinsam zu nutzen. Durch Hinzuf\u00fcgen eines Moduls (oder mehr) an drei Seiten eines Basis-Ranchs k\u00f6nnen gr\u00f6\u00dfere Einheiten erstellt werden, wodurch Gewicht, Montagezeit und Kosten gespart werden und gleichzeitig die Handhabung einfacher wird.<br \/>\nEs ist auch m\u00f6glich, eine Durchgangs\u00f6ffnung zwischen den Modulen zu schaffen, um die einzelnen Ranch-Einheiten zu verbinden und ein gr\u00f6\u00dferes Gehege f\u00fcr mehrere K\u00e4lber zu erstellen. Die \u00d6ffnung kann jederzeit bequem mit dem daf\u00fcr vorgesehenen Tor ge\u00f6ffnet und geschlossen werden.<\/p>\n","protected":false},"featured_media":14093,"template":"","meta":{"_acf_changed":false,"inline_featured_image":false},"product_brand":[],"product_cat":[158,159,113],"product_tag":[],"class_list":{"0":"post-13304","1":"product","2":"type-product","3":"status-publish","4":"has-post-thumbnail","6":"product_cat-per-interno","7":"product_cat-strutture-e-gestione","8":"product_cat-per-ranch-de","10":"first","11":"instock","12":"shipping-taxable","13":"product-type-simple"},"acf":[],"yoast_head":"<!-- This site is optimized with the Yoast SEO plugin v27.3 - https:\/\/yoast.com\/product\/yoast-seo-wordpress\/ -->\n<title>Zus\u00e4tzliches Ranch-Modul - Welfare Farm<\/title>\n<meta name=\"robots\" content=\"index, follow, max-snippet:-1, max-image-preview:large, max-video-preview:-1\" \/>\n<link rel=\"canonical\" href=\"https:\/\/welfare-farm.com\/de\/prodotto\/zusaetzliches-ranch-modul\/\" \/>\n<meta property=\"og:locale\" content=\"de_DE\" \/>\n<meta property=\"og:type\" content=\"article\" \/>\n<meta property=\"og:title\" content=\"Zus\u00e4tzliches Ranch-Modul - Welfare Farm\" \/>\n<meta property=\"og:description\" content=\"Zur\u00fcck zu allen Zubeh\u00f6rteilen  &nbsp;  Zus\u00e4tzliches Ranch-Modul Beim Aufbau mehrerer Ranch-Einheiten ist die beste L\u00f6sung, sie in Serie zu verbinden und eine Seite gemeinsam zu nutzen. Durch Hinzuf\u00fcgen eines Moduls (oder mehr) an drei Seiten eines Basis-Ranchs k\u00f6nnen gr\u00f6\u00dfere Einheiten erstellt werden, wodurch Gewicht, Montagezeit und Kosten gespart werden und gleichzeitig die Handhabung einfacher wird. Es ist auch m\u00f6glich, eine Durchgangs\u00f6ffnung zwischen den Modulen zu schaffen, um die einzelnen Ranch-Einheiten zu verbinden und ein gr\u00f6\u00dferes Gehege f\u00fcr mehrere K\u00e4lber zu erstellen. Die \u00d6ffnung kann jederzeit bequem mit dem daf\u00fcr vorgesehenen Tor ge\u00f6ffnet und geschlossen werden.\" \/>\n<meta property=\"og:url\" content=\"https:\/\/welfare-farm.com\/de\/prodotto\/zusaetzliches-ranch-modul\/\" \/>\n<meta property=\"og:site_name\" content=\"Welfare Farm\" \/>\n<meta property=\"article:modified_time\" content=\"2026-03-16T09:53:01+00:00\" \/>\n<meta property=\"og:image\" content=\"https:\/\/welfare-farm.com\/wp-content\/uploads\/2025\/06\/Modulo-aggiuntivo-ranch-1.jpg\" \/>\n\t<meta property=\"og:image:width\" content=\"429\" \/>\n\t<meta property=\"og:image:height\" content=\"429\" \/>\n\t<meta property=\"og:image:type\" content=\"image\/jpeg\" \/>\n<meta name=\"twitter:card\" content=\"summary_large_image\" \/>\n<meta name=\"twitter:label1\" content=\"Gesch\u00e4tzte Lesezeit\" \/>\n\t<meta name=\"twitter:data1\" content=\"1\u00a0Minute\" \/>\n<script type=\"application\/ld+json\" class=\"yoast-schema-graph\">{\"@context\":\"https:\\\/\\\/schema.org\",\"@graph\":[{\"@type\":\"WebPage\",\"@id\":\"https:\\\/\\\/welfare-farm.com\\\/de\\\/prodotto\\\/zusaetzliches-ranch-modul\\\/\",\"url\":\"https:\\\/\\\/welfare-farm.com\\\/de\\\/prodotto\\\/zusaetzliches-ranch-modul\\\/\",\"name\":\"Zus\u00e4tzliches Ranch-Modul - Welfare Farm\",\"isPartOf\":{\"@id\":\"\\\/#website\"},\"primaryImageOfPage\":{\"@id\":\"https:\\\/\\\/welfare-farm.com\\\/de\\\/prodotto\\\/zusaetzliches-ranch-modul\\\/#primaryimage\"},\"image\":{\"@id\":\"https:\\\/\\\/welfare-farm.com\\\/de\\\/prodotto\\\/zusaetzliches-ranch-modul\\\/#primaryimage\"},\"thumbnailUrl\":\"https:\\\/\\\/welfare-farm.com\\\/wp-content\\\/uploads\\\/2025\\\/06\\\/Modulo-aggiuntivo-ranch-1.jpg\",\"datePublished\":\"2025-06-03T15:13:07+00:00\",\"dateModified\":\"2026-03-16T09:53:01+00:00\",\"breadcrumb\":{\"@id\":\"https:\\\/\\\/welfare-farm.com\\\/de\\\/prodotto\\\/zusaetzliches-ranch-modul\\\/#breadcrumb\"},\"inLanguage\":\"de\",\"potentialAction\":[{\"@type\":\"ReadAction\",\"target\":[\"https:\\\/\\\/welfare-farm.com\\\/de\\\/prodotto\\\/zusaetzliches-ranch-modul\\\/\"]}]},{\"@type\":\"ImageObject\",\"inLanguage\":\"de\",\"@id\":\"https:\\\/\\\/welfare-farm.com\\\/de\\\/prodotto\\\/zusaetzliches-ranch-modul\\\/#primaryimage\",\"url\":\"https:\\\/\\\/welfare-farm.com\\\/wp-content\\\/uploads\\\/2025\\\/06\\\/Modulo-aggiuntivo-ranch-1.jpg\",\"contentUrl\":\"https:\\\/\\\/welfare-farm.com\\\/wp-content\\\/uploads\\\/2025\\\/06\\\/Modulo-aggiuntivo-ranch-1.jpg\",\"width\":429,\"height\":429},{\"@type\":\"BreadcrumbList\",\"@id\":\"https:\\\/\\\/welfare-farm.com\\\/de\\\/prodotto\\\/zusaetzliches-ranch-modul\\\/#breadcrumb\",\"itemListElement\":[{\"@type\":\"ListItem\",\"position\":1,\"name\":\"Home\",\"item\":\"https:\\\/\\\/welfare-farm.com\\\/de\\\/\"},{\"@type\":\"ListItem\",\"position\":2,\"name\":\"Shop old\",\"item\":\"https:\\\/\\\/welfare-farm.com\\\/shop-old\\\/\"},{\"@type\":\"ListItem\",\"position\":3,\"name\":\"Zus\u00e4tzliches Ranch-Modul\"}]},{\"@type\":\"WebSite\",\"@id\":\"\\\/#website\",\"url\":\"\\\/\",\"name\":\"Welfare Farm\",\"description\":\"La cuccia ecologica per \\u2028i tuoi vitelli\",\"publisher\":{\"@id\":\"\\\/#organization\"},\"potentialAction\":[{\"@type\":\"SearchAction\",\"target\":{\"@type\":\"EntryPoint\",\"urlTemplate\":\"\\\/?s={search_term_string}\"},\"query-input\":{\"@type\":\"PropertyValueSpecification\",\"valueRequired\":true,\"valueName\":\"search_term_string\"}}],\"inLanguage\":\"de\"},{\"@type\":\"Organization\",\"@id\":\"\\\/#organization\",\"name\":\"Welfare Farm\",\"url\":\"\\\/\",\"logo\":{\"@type\":\"ImageObject\",\"inLanguage\":\"de\",\"@id\":\"\\\/#\\\/schema\\\/logo\\\/image\\\/\",\"url\":\"https:\\\/\\\/welfare-farm.com\\\/wp-content\\\/uploads\\\/2024\\\/08\\\/Welfare-Farm_Logo.png\",\"contentUrl\":\"https:\\\/\\\/welfare-farm.com\\\/wp-content\\\/uploads\\\/2024\\\/08\\\/Welfare-Farm_Logo.png\",\"width\":512,\"height\":670,\"caption\":\"Welfare Farm\"},\"image\":{\"@id\":\"\\\/#\\\/schema\\\/logo\\\/image\\\/\"},\"sameAs\":[\"https:\\\/\\\/www.instagram.com\\\/welfare_farm\\\/\",\"https:\\\/\\\/www.youtube.com\\\/@welfare-farm\",\"https:\\\/\\\/it.linkedin.com\\\/company\\\/spm-mould\"]}]}<\/script>\n<!-- \/ Yoast SEO plugin. -->","yoast_head_json":{"title":"Zus\u00e4tzliches Ranch-Modul - Welfare Farm","robots":{"index":"index","follow":"follow","max-snippet":"max-snippet:-1","max-image-preview":"max-image-preview:large","max-video-preview":"max-video-preview:-1"},"canonical":"https:\/\/welfare-farm.com\/de\/prodotto\/zusaetzliches-ranch-modul\/","og_locale":"de_DE","og_type":"article","og_title":"Zus\u00e4tzliches Ranch-Modul - Welfare Farm","og_description":"Zur\u00fcck zu allen Zubeh\u00f6rteilen  &nbsp;  Zus\u00e4tzliches Ranch-Modul Beim Aufbau mehrerer Ranch-Einheiten ist die beste L\u00f6sung, sie in Serie zu verbinden und eine Seite gemeinsam zu nutzen. Durch Hinzuf\u00fcgen eines Moduls (oder mehr) an drei Seiten eines Basis-Ranchs k\u00f6nnen gr\u00f6\u00dfere Einheiten erstellt werden, wodurch Gewicht, Montagezeit und Kosten gespart werden und gleichzeitig die Handhabung einfacher wird. Es ist auch m\u00f6glich, eine Durchgangs\u00f6ffnung zwischen den Modulen zu schaffen, um die einzelnen Ranch-Einheiten zu verbinden und ein gr\u00f6\u00dferes Gehege f\u00fcr mehrere K\u00e4lber zu erstellen. Die \u00d6ffnung kann jederzeit bequem mit dem daf\u00fcr vorgesehenen Tor ge\u00f6ffnet und geschlossen werden.","og_url":"https:\/\/welfare-farm.com\/de\/prodotto\/zusaetzliches-ranch-modul\/","og_site_name":"Welfare Farm","article_modified_time":"2026-03-16T09:53:01+00:00","og_image":[{"width":429,"height":429,"url":"https:\/\/welfare-farm.com\/wp-content\/uploads\/2025\/06\/Modulo-aggiuntivo-ranch-1.jpg","type":"image\/jpeg"}],"twitter_card":"summary_large_image","twitter_misc":{"Gesch\u00e4tzte Lesezeit":"1\u00a0Minute"},"schema":{"@context":"https:\/\/schema.org","@graph":[{"@type":"WebPage","@id":"https:\/\/welfare-farm.com\/de\/prodotto\/zusaetzliches-ranch-modul\/","url":"https:\/\/welfare-farm.com\/de\/prodotto\/zusaetzliches-ranch-modul\/","name":"Zus\u00e4tzliches Ranch-Modul - Welfare Farm","isPartOf":{"@id":"\/#website"},"primaryImageOfPage":{"@id":"https:\/\/welfare-farm.com\/de\/prodotto\/zusaetzliches-ranch-modul\/#primaryimage"},"image":{"@id":"https:\/\/welfare-farm.com\/de\/prodotto\/zusaetzliches-ranch-modul\/#primaryimage"},"thumbnailUrl":"https:\/\/welfare-farm.com\/wp-content\/uploads\/2025\/06\/Modulo-aggiuntivo-ranch-1.jpg","datePublished":"2025-06-03T15:13:07+00:00","dateModified":"2026-03-16T09:53:01+00:00","breadcrumb":{"@id":"https:\/\/welfare-farm.com\/de\/prodotto\/zusaetzliches-ranch-modul\/#breadcrumb"},"inLanguage":"de","potentialAction":[{"@type":"ReadAction","target":["https:\/\/welfare-farm.com\/de\/prodotto\/zusaetzliches-ranch-modul\/"]}]},{"@type":"ImageObject","inLanguage":"de","@id":"https:\/\/welfare-farm.com\/de\/prodotto\/zusaetzliches-ranch-modul\/#primaryimage","url":"https:\/\/welfare-farm.com\/wp-content\/uploads\/2025\/06\/Modulo-aggiuntivo-ranch-1.jpg","contentUrl":"https:\/\/welfare-farm.com\/wp-content\/uploads\/2025\/06\/Modulo-aggiuntivo-ranch-1.jpg","width":429,"height":429},{"@type":"BreadcrumbList","@id":"https:\/\/welfare-farm.com\/de\/prodotto\/zusaetzliches-ranch-modul\/#breadcrumb","itemListElement":[{"@type":"ListItem","position":1,"name":"Home","item":"https:\/\/welfare-farm.com\/de\/"},{"@type":"ListItem","position":2,"name":"Shop old","item":"https:\/\/welfare-farm.com\/shop-old\/"},{"@type":"ListItem","position":3,"name":"Zus\u00e4tzliches Ranch-Modul"}]},{"@type":"WebSite","@id":"\/#website","url":"\/","name":"Welfare Farm","description":"La cuccia ecologica per \u2028i tuoi vitelli","publisher":{"@id":"\/#organization"},"potentialAction":[{"@type":"SearchAction","target":{"@type":"EntryPoint","urlTemplate":"\/?s={search_term_string}"},"query-input":{"@type":"PropertyValueSpecification","valueRequired":true,"valueName":"search_term_string"}}],"inLanguage":"de"},{"@type":"Organization","@id":"\/#organization","name":"Welfare Farm","url":"\/","logo":{"@type":"ImageObject","inLanguage":"de","@id":"\/#\/schema\/logo\/image\/","url":"https:\/\/welfare-farm.com\/wp-content\/uploads\/2024\/08\/Welfare-Farm_Logo.png","contentUrl":"https:\/\/welfare-farm.com\/wp-content\/uploads\/2024\/08\/Welfare-Farm_Logo.png","width":512,"height":670,"caption":"Welfare Farm"},"image":{"@id":"\/#\/schema\/logo\/image\/"},"sameAs":["https:\/\/www.instagram.com\/welfare_farm\/","https:\/\/www.youtube.com\/@welfare-farm","https:\/\/it.linkedin.com\/company\/spm-mould"]}]}},"_links":{"self":[{"href":"https:\/\/welfare-farm.com\/de\/wp-json\/wp\/v2\/product\/13304","targetHints":{"allow":["GET"]}}],"collection":[{"href":"https:\/\/welfare-farm.com\/de\/wp-json\/wp\/v2\/product"}],"about":[{"href":"https:\/\/welfare-farm.com\/de\/wp-json\/wp\/v2\/types\/product"}],"version-history":[{"count":1,"href":"https:\/\/welfare-farm.com\/de\/wp-json\/wp\/v2\/product\/13304\/revisions"}],"predecessor-version":[{"id":15082,"href":"https:\/\/welfare-farm.com\/de\/wp-json\/wp\/v2\/product\/13304\/revisions\/15082"}],"wp:featuredmedia":[{"embeddable":true,"href":"https:\/\/welfare-farm.com\/de\/wp-json\/wp\/v2\/media\/14093"}],"wp:attachment":[{"href":"https:\/\/welfare-farm.com\/de\/wp-json\/wp\/v2\/media?parent=13304"}],"wp:term":[{"taxonomy":"product_brand","embeddable":true,"href":"https:\/\/welfare-farm.com\/de\/wp-json\/wp\/v2\/product_brand?post=13304"},{"taxonomy":"product_cat","embeddable":true,"href":"https:\/\/welfare-farm.com\/de\/wp-json\/wp\/v2\/product_cat?post=13304"},{"taxonomy":"product_tag","embeddable":true,"href":"https:\/\/welfare-farm.com\/de\/wp-json\/wp\/v2\/product_tag?post=13304"}],"curies":[{"name":"wp","href":"https:\/\/api.w.org\/{rel}","templated":true}]}}