{"id":12284,"date":"2024-09-16T10:34:00","date_gmt":"2024-09-16T08:34:00","guid":{"rendered":"https:\/\/welfare-farm.com\/prodotto\/secchio-per-acqua-o-mangime\/"},"modified":"2024-11-14T16:48:13","modified_gmt":"2024-11-14T15:48:13","slug":"secchio-per-acqua-o-mangime","status":"publish","type":"product","link":"https:\/\/welfare-farm.com\/fr\/prodotto\/secchio-per-acqua-o-mangime\/","title":{"rendered":"Seau pour l&rsquo;eau ou l&rsquo;alimentation"},"content":{"rendered":"\t\t<div data-elementor-type=\"wp-post\" data-elementor-id=\"12284\" class=\"elementor elementor-12284 elementor-8014\">\n\t\t\t\t\t\t<section class=\"elementor-section elementor-top-section elementor-element elementor-element-294e215 elementor-section-full_width elementor-section-stretched elementor-section-height-default elementor-section-height-default wpr-particle-no wpr-jarallax-no wpr-parallax-no wpr-sticky-section-no jltma-glass-effect-no\" data-id=\"294e215\" data-element_type=\"section\" data-settings=\"{&quot;stretch_section&quot;:&quot;section-stretched&quot;}\">\n\t\t\t\t\t\t<div class=\"elementor-container elementor-column-gap-default\">\n\t\t\t\t\t<div class=\"elementor-column elementor-col-100 elementor-top-column elementor-element elementor-element-7779c64 jltma-glass-effect-no\" data-id=\"7779c64\" data-element_type=\"column\">\n\t\t\t<div class=\"elementor-widget-wrap elementor-element-populated\">\n\t\t\t\t\t\t<div class=\"elementor-element elementor-element-5cde0e0 carosello_immagini  elementor-arrows-position-outside elementor-pagination-position-outside jltma-glass-effect-no elementor-widget elementor-widget-image-carousel\" data-id=\"5cde0e0\" data-element_type=\"widget\" data-settings=\"{&quot;slides_to_show&quot;:&quot;3&quot;,&quot;slides_to_scroll&quot;:&quot;1&quot;,&quot;image_spacing_custom&quot;:{&quot;unit&quot;:&quot;px&quot;,&quot;size&quot;:25,&quot;sizes&quot;:[]},&quot;navigation&quot;:&quot;both&quot;,&quot;autoplay&quot;:&quot;yes&quot;,&quot;pause_on_hover&quot;:&quot;yes&quot;,&quot;pause_on_interaction&quot;:&quot;yes&quot;,&quot;autoplay_speed&quot;:5000,&quot;infinite&quot;:&quot;yes&quot;,&quot;speed&quot;:500,&quot;image_spacing_custom_tablet&quot;:{&quot;unit&quot;:&quot;px&quot;,&quot;size&quot;:&quot;&quot;,&quot;sizes&quot;:[]},&quot;image_spacing_custom_mobile&quot;:{&quot;unit&quot;:&quot;px&quot;,&quot;size&quot;:&quot;&quot;,&quot;sizes&quot;:[]}}\" data-widget_type=\"image-carousel.default\">\n\t\t\t\t<div class=\"elementor-widget-container\">\n\t\t\t\t\t\t\t<div class=\"elementor-image-carousel-wrapper swiper\" role=\"region\" aria-roledescription=\"carousel\" aria-label=\"Carrousel d\u2019images\" dir=\"ltr\">\n\t\t\t<div class=\"elementor-image-carousel swiper-wrapper\" aria-live=\"off\">\n\t\t\t\t\t\t\t\t<div class=\"swiper-slide\" role=\"group\" aria-roledescription=\"slide\" aria-label=\"1 sur 3\"><a data-elementor-open-lightbox=\"yes\" data-elementor-lightbox-slideshow=\"5cde0e0\" data-e-action-hash=\"#elementor-action%3Aaction%3Dlightbox%26settings%3DeyJpZCI6MTE1NDgsInVybCI6Imh0dHBzOlwvXC93ZWxmYXJlLWZhcm0uY29tXC93cC1jb250ZW50XC91cGxvYWRzXC8yMDI0XC8xMFwvU2VjY2hpby1wZXItYWNxdWEtby1tYW5naW1lLWdhbGxlcnktMi5qcGciLCJzbGlkZXNob3ciOiI1Y2RlMGUwIn0%3D\" href=\"https:\/\/welfare-farm.com\/wp-content\/uploads\/2024\/10\/Secchio-per-acqua-o-mangime-gallery-2.jpg\"><figure class=\"swiper-slide-inner\"><img decoding=\"async\" class=\"swiper-slide-image\" src=\"https:\/\/welfare-farm.com\/wp-content\/uploads\/elementor\/thumbs\/Secchio-per-acqua-o-mangime-gallery-2-qvloybh8ctsd55cq5zlhb1v7vkre7em8p4i3osng4w.jpg\" alt=\"Secchio per acqua o mangime gallery (2)\" \/><\/figure><\/a><\/div><div class=\"swiper-slide\" role=\"group\" aria-roledescription=\"slide\" aria-label=\"2 sur 3\"><a data-elementor-open-lightbox=\"yes\" data-elementor-lightbox-slideshow=\"5cde0e0\" data-e-action-hash=\"#elementor-action%3Aaction%3Dlightbox%26settings%3DeyJpZCI6MTE1NTEsInVybCI6Imh0dHBzOlwvXC93ZWxmYXJlLWZhcm0uY29tXC93cC1jb250ZW50XC91cGxvYWRzXC8yMDI0XC8xMFwvU2VjY2hpby1wZXItYWNxdWEtby1tYW5naW1lLWdhbGxlcnktMy5qcGciLCJzbGlkZXNob3ciOiI1Y2RlMGUwIn0%3D\" href=\"https:\/\/welfare-farm.com\/wp-content\/uploads\/2024\/10\/Secchio-per-acqua-o-mangime-gallery-3.jpg\"><figure class=\"swiper-slide-inner\"><img decoding=\"async\" class=\"swiper-slide-image\" src=\"https:\/\/welfare-farm.com\/wp-content\/uploads\/elementor\/thumbs\/Secchio-per-acqua-o-mangime-gallery-3-qvloyaje5zr2tje3bh6uqk3ra6w0zpiiczum7ioub4.jpg\" alt=\"Secchio per acqua o mangime gallery (3)\" \/><\/figure><\/a><\/div><div class=\"swiper-slide\" role=\"group\" aria-roledescription=\"slide\" aria-label=\"3 sur 3\"><a data-elementor-open-lightbox=\"yes\" data-elementor-lightbox-slideshow=\"5cde0e0\" data-e-action-hash=\"#elementor-action%3Aaction%3Dlightbox%26settings%3DeyJpZCI6MTE1NTQsInVybCI6Imh0dHBzOlwvXC93ZWxmYXJlLWZhcm0uY29tXC93cC1jb250ZW50XC91cGxvYWRzXC8yMDI0XC8xMFwvU2VjY2hpby1wZXItYWNxdWEtby1tYW5naW1lLWdhbGxlcnktMS5qcGciLCJzbGlkZXNob3ciOiI1Y2RlMGUwIn0%3D\" href=\"https:\/\/welfare-farm.com\/wp-content\/uploads\/2024\/10\/Secchio-per-acqua-o-mangime-gallery-1.jpg\"><figure class=\"swiper-slide-inner\"><img decoding=\"async\" class=\"swiper-slide-image\" src=\"https:\/\/welfare-farm.com\/wp-content\/uploads\/elementor\/thumbs\/Secchio-per-acqua-o-mangime-gallery-1-qvloyaje5zr2tje3bh6uqk3ra6w0zpiiczum7ioub4.jpg\" alt=\"Secchio per acqua o mangime gallery (1)\" \/><\/figure><\/a><\/div>\t\t\t<\/div>\n\t\t\t\t\t\t\t\t\t\t\t\t<div class=\"elementor-swiper-button elementor-swiper-button-prev\" role=\"button\" tabindex=\"0\">\n\t\t\t\t\t\t<i aria-hidden=\"true\" class=\"eicon-chevron-left\"><\/i>\t\t\t\t\t<\/div>\n\t\t\t\t\t<div class=\"elementor-swiper-button elementor-swiper-button-next\" role=\"button\" tabindex=\"0\">\n\t\t\t\t\t\t<i aria-hidden=\"true\" class=\"eicon-chevron-right\"><\/i>\t\t\t\t\t<\/div>\n\t\t\t\t\n\t\t\t\t\t\t\t\t\t<div class=\"swiper-pagination\"><\/div>\n\t\t\t\t\t\t\t\t\t<\/div>\n\t\t\t\t\t\t<\/div>\n\t\t\t\t<\/div>\n\t\t\t\t\t<\/div>\n\t\t<\/div>\n\t\t\t\t\t<\/div>\n\t\t<\/section>\n\t\t\t\t<\/div>\n\t\t","protected":false},"excerpt":{"rendered":"<div class=\"button_tutti_accessori\"><a href=\"https:\/\/welfare-farm.com\/fr\/accessori\/\"> <img decoding=\"async\" src=\"https:\/\/welfare-farm.com\/wp-content\/uploads\/2024\/10\/icon-arrow.png\" \/> <\/p>\n<h5>Retour \u00e0 tous les accessoires<\/h5>\n<p><\/a><\/div>\n<h1 class=\"title_accessorio_singolo\">Seau pour l&rsquo;eau ou l&rsquo;alimentation<\/h1>\n<p>Con\u00e7u pour une utilisation polyvalente, le seau convient aussi bien pour l&rsquo;eau que pour l&rsquo;alimentation. Il offre ainsi une solution pratique pour nourrir et hydrater les veaux. Gr\u00e2ce \u00e0 son syst\u00e8me de fixation \u00e0 l&rsquo;enclos, le seau peut \u00eatre facilement mis en place, ce qui assure la stabilit\u00e9 et l&rsquo;accessibilit\u00e9 des animaux. Cette multifonctionnalit\u00e9 permet d&rsquo;optimiser l&rsquo;espace et de r\u00e9duire le nombre d&rsquo;outils n\u00e9cessaires \u00e0 la gestion quotidienne, facilitant ainsi le maintien d&rsquo;un environnement ordonn\u00e9 et fonctionnel au sein du parc \u00e0 veaux.<\/p>\n","protected":false},"featured_media":11617,"template":"","meta":{"_acf_changed":false,"inline_featured_image":false},"product_brand":[],"product_cat":[110],"product_tag":[],"class_list":{"0":"post-12284","1":"product","2":"type-product","3":"status-publish","4":"has-post-thumbnail","6":"product_cat-pour-ranch-enceinte","8":"first","9":"instock","10":"shipping-taxable","11":"product-type-simple"},"acf":[],"yoast_head":"<!-- This site is optimized with the Yoast SEO plugin v27.4 - https:\/\/yoast.com\/product\/yoast-seo-wordpress\/ -->\n<title>Seau pour l&#039;eau ou l&#039;alimentation - Welfare Farm<\/title>\n<meta name=\"robots\" content=\"index, follow, max-snippet:-1, max-image-preview:large, max-video-preview:-1\" \/>\n<link rel=\"canonical\" href=\"https:\/\/welfare-farm.com\/fr\/prodotto\/secchio-per-acqua-o-mangime\/\" \/>\n<meta property=\"og:locale\" content=\"fr_FR\" \/>\n<meta property=\"og:type\" content=\"article\" \/>\n<meta property=\"og:title\" content=\"Seau pour l&#039;eau ou l&#039;alimentation - Welfare Farm\" \/>\n<meta property=\"og:description\" content=\"Retour \u00e0 tous les accessoires Seau pour l&#039;eau ou l&#039;alimentation Con\u00e7u pour une utilisation polyvalente, le seau convient aussi bien pour l&#039;eau que pour l&#039;alimentation. Il offre ainsi une solution pratique pour nourrir et hydrater les veaux. Gr\u00e2ce \u00e0 son syst\u00e8me de fixation \u00e0 l&#039;enclos, le seau peut \u00eatre facilement mis en place, ce qui assure la stabilit\u00e9 et l&#039;accessibilit\u00e9 des animaux. Cette multifonctionnalit\u00e9 permet d&#039;optimiser l&#039;espace et de r\u00e9duire le nombre d&#039;outils n\u00e9cessaires \u00e0 la gestion quotidienne, facilitant ainsi le maintien d&#039;un environnement ordonn\u00e9 et fonctionnel au sein du parc \u00e0 veaux.\" \/>\n<meta property=\"og:url\" content=\"https:\/\/welfare-farm.com\/fr\/prodotto\/secchio-per-acqua-o-mangime\/\" \/>\n<meta property=\"og:site_name\" content=\"Welfare Farm\" \/>\n<meta property=\"article:modified_time\" content=\"2024-11-14T15:48:13+00:00\" \/>\n<meta property=\"og:image\" content=\"https:\/\/welfare-farm.com\/wp-content\/uploads\/2024\/09\/Secchio-per-acqua-o-mangime-1.png\" \/>\n\t<meta property=\"og:image:width\" content=\"429\" \/>\n\t<meta property=\"og:image:height\" content=\"429\" \/>\n\t<meta property=\"og:image:type\" content=\"image\/png\" \/>\n<meta name=\"twitter:card\" content=\"summary_large_image\" \/>\n<meta name=\"twitter:label1\" content=\"Dur\u00e9e de lecture estim\u00e9e\" \/>\n\t<meta name=\"twitter:data1\" content=\"1 minute\" \/>\n<script type=\"application\/ld+json\" class=\"yoast-schema-graph\">{\"@context\":\"https:\\\/\\\/schema.org\",\"@graph\":[{\"@type\":\"WebPage\",\"@id\":\"https:\\\/\\\/welfare-farm.com\\\/fr\\\/prodotto\\\/secchio-per-acqua-o-mangime\\\/\",\"url\":\"https:\\\/\\\/welfare-farm.com\\\/fr\\\/prodotto\\\/secchio-per-acqua-o-mangime\\\/\",\"name\":\"Seau pour l'eau ou l'alimentation - Welfare Farm\",\"isPartOf\":{\"@id\":\"\\\/#website\"},\"primaryImageOfPage\":{\"@id\":\"https:\\\/\\\/welfare-farm.com\\\/fr\\\/prodotto\\\/secchio-per-acqua-o-mangime\\\/#primaryimage\"},\"image\":{\"@id\":\"https:\\\/\\\/welfare-farm.com\\\/fr\\\/prodotto\\\/secchio-per-acqua-o-mangime\\\/#primaryimage\"},\"thumbnailUrl\":\"https:\\\/\\\/welfare-farm.com\\\/wp-content\\\/uploads\\\/2024\\\/09\\\/Secchio-per-acqua-o-mangime-1.png\",\"datePublished\":\"2024-09-16T08:34:00+00:00\",\"dateModified\":\"2024-11-14T15:48:13+00:00\",\"breadcrumb\":{\"@id\":\"https:\\\/\\\/welfare-farm.com\\\/fr\\\/prodotto\\\/secchio-per-acqua-o-mangime\\\/#breadcrumb\"},\"inLanguage\":\"fr-FR\",\"potentialAction\":[{\"@type\":\"ReadAction\",\"target\":[\"https:\\\/\\\/welfare-farm.com\\\/fr\\\/prodotto\\\/secchio-per-acqua-o-mangime\\\/\"]}]},{\"@type\":\"ImageObject\",\"inLanguage\":\"fr-FR\",\"@id\":\"https:\\\/\\\/welfare-farm.com\\\/fr\\\/prodotto\\\/secchio-per-acqua-o-mangime\\\/#primaryimage\",\"url\":\"https:\\\/\\\/welfare-farm.com\\\/wp-content\\\/uploads\\\/2024\\\/09\\\/Secchio-per-acqua-o-mangime-1.png\",\"contentUrl\":\"https:\\\/\\\/welfare-farm.com\\\/wp-content\\\/uploads\\\/2024\\\/09\\\/Secchio-per-acqua-o-mangime-1.png\",\"width\":429,\"height\":429},{\"@type\":\"BreadcrumbList\",\"@id\":\"https:\\\/\\\/welfare-farm.com\\\/fr\\\/prodotto\\\/secchio-per-acqua-o-mangime\\\/#breadcrumb\",\"itemListElement\":[{\"@type\":\"ListItem\",\"position\":1,\"name\":\"Home\",\"item\":\"https:\\\/\\\/welfare-farm.com\\\/fr\\\/\"},{\"@type\":\"ListItem\",\"position\":2,\"name\":\"Shop old\",\"item\":\"https:\\\/\\\/welfare-farm.com\\\/shop-old\\\/\"},{\"@type\":\"ListItem\",\"position\":3,\"name\":\"Seau pour l&#8217;eau ou l&#8217;alimentation\"}]},{\"@type\":\"WebSite\",\"@id\":\"\\\/#website\",\"url\":\"\\\/\",\"name\":\"Welfare Farm\",\"description\":\"La cuccia ecologica per \\u2028i tuoi vitelli\",\"publisher\":{\"@id\":\"\\\/#organization\"},\"potentialAction\":[{\"@type\":\"SearchAction\",\"target\":{\"@type\":\"EntryPoint\",\"urlTemplate\":\"\\\/?s={search_term_string}\"},\"query-input\":{\"@type\":\"PropertyValueSpecification\",\"valueRequired\":true,\"valueName\":\"search_term_string\"}}],\"inLanguage\":\"fr-FR\"},{\"@type\":\"Organization\",\"@id\":\"\\\/#organization\",\"name\":\"Welfare Farm\",\"url\":\"\\\/\",\"logo\":{\"@type\":\"ImageObject\",\"inLanguage\":\"fr-FR\",\"@id\":\"\\\/#\\\/schema\\\/logo\\\/image\\\/\",\"url\":\"https:\\\/\\\/welfare-farm.com\\\/wp-content\\\/uploads\\\/2024\\\/08\\\/Welfare-Farm_Logo.png\",\"contentUrl\":\"https:\\\/\\\/welfare-farm.com\\\/wp-content\\\/uploads\\\/2024\\\/08\\\/Welfare-Farm_Logo.png\",\"width\":512,\"height\":670,\"caption\":\"Welfare Farm\"},\"image\":{\"@id\":\"\\\/#\\\/schema\\\/logo\\\/image\\\/\"},\"sameAs\":[\"https:\\\/\\\/www.instagram.com\\\/welfare_farm\\\/\",\"https:\\\/\\\/www.youtube.com\\\/@welfare-farm\",\"https:\\\/\\\/it.linkedin.com\\\/company\\\/spm-mould\"]}]}<\/script>\n<!-- \/ Yoast SEO plugin. -->","yoast_head_json":{"title":"Seau pour l'eau ou l'alimentation - Welfare Farm","robots":{"index":"index","follow":"follow","max-snippet":"max-snippet:-1","max-image-preview":"max-image-preview:large","max-video-preview":"max-video-preview:-1"},"canonical":"https:\/\/welfare-farm.com\/fr\/prodotto\/secchio-per-acqua-o-mangime\/","og_locale":"fr_FR","og_type":"article","og_title":"Seau pour l'eau ou l'alimentation - Welfare Farm","og_description":"Retour \u00e0 tous les accessoires Seau pour l'eau ou l'alimentation Con\u00e7u pour une utilisation polyvalente, le seau convient aussi bien pour l'eau que pour l'alimentation. Il offre ainsi une solution pratique pour nourrir et hydrater les veaux. Gr\u00e2ce \u00e0 son syst\u00e8me de fixation \u00e0 l'enclos, le seau peut \u00eatre facilement mis en place, ce qui assure la stabilit\u00e9 et l'accessibilit\u00e9 des animaux. Cette multifonctionnalit\u00e9 permet d'optimiser l'espace et de r\u00e9duire le nombre d'outils n\u00e9cessaires \u00e0 la gestion quotidienne, facilitant ainsi le maintien d'un environnement ordonn\u00e9 et fonctionnel au sein du parc \u00e0 veaux.","og_url":"https:\/\/welfare-farm.com\/fr\/prodotto\/secchio-per-acqua-o-mangime\/","og_site_name":"Welfare Farm","article_modified_time":"2024-11-14T15:48:13+00:00","og_image":[{"width":429,"height":429,"url":"https:\/\/welfare-farm.com\/wp-content\/uploads\/2024\/09\/Secchio-per-acqua-o-mangime-1.png","type":"image\/png"}],"twitter_card":"summary_large_image","twitter_misc":{"Dur\u00e9e de lecture estim\u00e9e":"1 minute"},"schema":{"@context":"https:\/\/schema.org","@graph":[{"@type":"WebPage","@id":"https:\/\/welfare-farm.com\/fr\/prodotto\/secchio-per-acqua-o-mangime\/","url":"https:\/\/welfare-farm.com\/fr\/prodotto\/secchio-per-acqua-o-mangime\/","name":"Seau pour l'eau ou l'alimentation - Welfare Farm","isPartOf":{"@id":"\/#website"},"primaryImageOfPage":{"@id":"https:\/\/welfare-farm.com\/fr\/prodotto\/secchio-per-acqua-o-mangime\/#primaryimage"},"image":{"@id":"https:\/\/welfare-farm.com\/fr\/prodotto\/secchio-per-acqua-o-mangime\/#primaryimage"},"thumbnailUrl":"https:\/\/welfare-farm.com\/wp-content\/uploads\/2024\/09\/Secchio-per-acqua-o-mangime-1.png","datePublished":"2024-09-16T08:34:00+00:00","dateModified":"2024-11-14T15:48:13+00:00","breadcrumb":{"@id":"https:\/\/welfare-farm.com\/fr\/prodotto\/secchio-per-acqua-o-mangime\/#breadcrumb"},"inLanguage":"fr-FR","potentialAction":[{"@type":"ReadAction","target":["https:\/\/welfare-farm.com\/fr\/prodotto\/secchio-per-acqua-o-mangime\/"]}]},{"@type":"ImageObject","inLanguage":"fr-FR","@id":"https:\/\/welfare-farm.com\/fr\/prodotto\/secchio-per-acqua-o-mangime\/#primaryimage","url":"https:\/\/welfare-farm.com\/wp-content\/uploads\/2024\/09\/Secchio-per-acqua-o-mangime-1.png","contentUrl":"https:\/\/welfare-farm.com\/wp-content\/uploads\/2024\/09\/Secchio-per-acqua-o-mangime-1.png","width":429,"height":429},{"@type":"BreadcrumbList","@id":"https:\/\/welfare-farm.com\/fr\/prodotto\/secchio-per-acqua-o-mangime\/#breadcrumb","itemListElement":[{"@type":"ListItem","position":1,"name":"Home","item":"https:\/\/welfare-farm.com\/fr\/"},{"@type":"ListItem","position":2,"name":"Shop old","item":"https:\/\/welfare-farm.com\/shop-old\/"},{"@type":"ListItem","position":3,"name":"Seau pour l&#8217;eau ou l&#8217;alimentation"}]},{"@type":"WebSite","@id":"\/#website","url":"\/","name":"Welfare Farm","description":"La cuccia ecologica per \u2028i tuoi vitelli","publisher":{"@id":"\/#organization"},"potentialAction":[{"@type":"SearchAction","target":{"@type":"EntryPoint","urlTemplate":"\/?s={search_term_string}"},"query-input":{"@type":"PropertyValueSpecification","valueRequired":true,"valueName":"search_term_string"}}],"inLanguage":"fr-FR"},{"@type":"Organization","@id":"\/#organization","name":"Welfare Farm","url":"\/","logo":{"@type":"ImageObject","inLanguage":"fr-FR","@id":"\/#\/schema\/logo\/image\/","url":"https:\/\/welfare-farm.com\/wp-content\/uploads\/2024\/08\/Welfare-Farm_Logo.png","contentUrl":"https:\/\/welfare-farm.com\/wp-content\/uploads\/2024\/08\/Welfare-Farm_Logo.png","width":512,"height":670,"caption":"Welfare Farm"},"image":{"@id":"\/#\/schema\/logo\/image\/"},"sameAs":["https:\/\/www.instagram.com\/welfare_farm\/","https:\/\/www.youtube.com\/@welfare-farm","https:\/\/it.linkedin.com\/company\/spm-mould"]}]}},"_links":{"self":[{"href":"https:\/\/welfare-farm.com\/fr\/wp-json\/wp\/v2\/product\/12284","targetHints":{"allow":["GET"]}}],"collection":[{"href":"https:\/\/welfare-farm.com\/fr\/wp-json\/wp\/v2\/product"}],"about":[{"href":"https:\/\/welfare-farm.com\/fr\/wp-json\/wp\/v2\/types\/product"}],"version-history":[{"count":2,"href":"https:\/\/welfare-farm.com\/fr\/wp-json\/wp\/v2\/product\/12284\/revisions"}],"predecessor-version":[{"id":12286,"href":"https:\/\/welfare-farm.com\/fr\/wp-json\/wp\/v2\/product\/12284\/revisions\/12286"}],"wp:featuredmedia":[{"embeddable":true,"href":"https:\/\/welfare-farm.com\/fr\/wp-json\/wp\/v2\/media\/11617"}],"wp:attachment":[{"href":"https:\/\/welfare-farm.com\/fr\/wp-json\/wp\/v2\/media?parent=12284"}],"wp:term":[{"taxonomy":"product_brand","embeddable":true,"href":"https:\/\/welfare-farm.com\/fr\/wp-json\/wp\/v2\/product_brand?post=12284"},{"taxonomy":"product_cat","embeddable":true,"href":"https:\/\/welfare-farm.com\/fr\/wp-json\/wp\/v2\/product_cat?post=12284"},{"taxonomy":"product_tag","embeddable":true,"href":"https:\/\/welfare-farm.com\/fr\/wp-json\/wp\/v2\/product_tag?post=12284"}],"curies":[{"name":"wp","href":"https:\/\/api.w.org\/{rel}","templated":true}]}}