{"id":12295,"date":"2024-09-16T10:35:44","date_gmt":"2024-09-16T08:35:44","guid":{"rendered":"https:\/\/welfare-farm.com\/prodotto\/ruota-in-gomma\/"},"modified":"2024-11-14T16:54:22","modified_gmt":"2024-11-14T15:54:22","slug":"ruota-in-gomma","status":"publish","type":"product","link":"https:\/\/welfare-farm.com\/fr\/prodotto\/ruota-in-gomma\/","title":{"rendered":"Roue en caoutchouc"},"content":{"rendered":"","protected":false},"excerpt":{"rendered":"<div class=\"button_tutti_accessori\"><a href=\"https:\/\/welfare-farm.com\/fr\/accessori\/\"> <img decoding=\"async\" src=\"https:\/\/welfare-farm.com\/wp-content\/uploads\/2024\/10\/icon-arrow.png\" \/> <\/p>\n<h5>Retour \u00e0 tous les accessoires<\/h5>\n<p><\/a><\/div>\n<h1 class=\"title_accessorio_singolo\">Roue en caoutchouc<\/h1>\n<p>La roue en caoutchouc est une option polyvalente et robuste pour l&rsquo;utilisation dans les enceintes, offrant une alternative viable \u00e0 la roue Calfella d&rsquo;origine. Fabriqu\u00e9e \u00e0 partir de mat\u00e9riaux de haute qualit\u00e9, elle est con\u00e7ue pour r\u00e9sister \u00e0 l&rsquo;usure et aux conditions environnementales les plus exigeantes. Elle est donc id\u00e9ale pour une utilisation en ext\u00e9rieur, o\u00f9 les roues peuvent \u00eatre expos\u00e9es \u00e0 des surfaces rugueuses et \u00e0 la boue. Le caoutchouc offre une meilleure adh\u00e9rence que les autres roues, ce qui r\u00e9duit le risque de d\u00e9rapage sur les surfaces humides ou boueuses. Cela garantit une plus grande stabilit\u00e9 lors des d\u00e9placements. Gr\u00e2ce \u00e0 leur conception ergonomique, les roues en caoutchouc permettent de man\u0153uvrer plus facilement et en douceur, ce qui facilite le transport de la couchette.<\/p>\n","protected":false},"featured_media":11626,"template":"","meta":{"_acf_changed":false,"inline_featured_image":false},"product_brand":[],"product_cat":[110],"product_tag":[],"class_list":{"0":"post-12295","1":"product","2":"type-product","3":"status-publish","4":"has-post-thumbnail","6":"product_cat-pour-ranch-enceinte","8":"first","9":"instock","10":"shipping-taxable","11":"product-type-simple"},"acf":[],"yoast_head":"<!-- This site is optimized with the Yoast SEO plugin v27.3 - https:\/\/yoast.com\/product\/yoast-seo-wordpress\/ -->\n<title>Roue en caoutchouc - Welfare Farm<\/title>\n<meta name=\"robots\" content=\"index, follow, max-snippet:-1, max-image-preview:large, max-video-preview:-1\" \/>\n<link rel=\"canonical\" href=\"https:\/\/welfare-farm.com\/fr\/prodotto\/ruota-in-gomma\/\" \/>\n<meta property=\"og:locale\" content=\"fr_FR\" \/>\n<meta property=\"og:type\" content=\"article\" \/>\n<meta property=\"og:title\" content=\"Roue en caoutchouc - Welfare Farm\" \/>\n<meta property=\"og:description\" content=\"Retour \u00e0 tous les accessoires Roue en caoutchouc La roue en caoutchouc est une option polyvalente et robuste pour l&#039;utilisation dans les enceintes, offrant une alternative viable \u00e0 la roue Calfella d&#039;origine. Fabriqu\u00e9e \u00e0 partir de mat\u00e9riaux de haute qualit\u00e9, elle est con\u00e7ue pour r\u00e9sister \u00e0 l&#039;usure et aux conditions environnementales les plus exigeantes. Elle est donc id\u00e9ale pour une utilisation en ext\u00e9rieur, o\u00f9 les roues peuvent \u00eatre expos\u00e9es \u00e0 des surfaces rugueuses et \u00e0 la boue. Le caoutchouc offre une meilleure adh\u00e9rence que les autres roues, ce qui r\u00e9duit le risque de d\u00e9rapage sur les surfaces humides ou boueuses. Cela garantit une plus grande stabilit\u00e9 lors des d\u00e9placements. Gr\u00e2ce \u00e0 leur conception ergonomique, les roues en caoutchouc permettent de man\u0153uvrer plus facilement et en douceur, ce qui facilite le transport de la couchette.\" \/>\n<meta property=\"og:url\" content=\"https:\/\/welfare-farm.com\/fr\/prodotto\/ruota-in-gomma\/\" \/>\n<meta property=\"og:site_name\" content=\"Welfare Farm\" \/>\n<meta property=\"article:modified_time\" content=\"2024-11-14T15:54:22+00:00\" \/>\n<meta property=\"og:image\" content=\"https:\/\/welfare-farm.com\/wp-content\/uploads\/2024\/09\/Ruota-in-gomma.png\" \/>\n\t<meta property=\"og:image:width\" content=\"429\" \/>\n\t<meta property=\"og:image:height\" content=\"429\" \/>\n\t<meta property=\"og:image:type\" content=\"image\/png\" \/>\n<meta name=\"twitter:card\" content=\"summary_large_image\" \/>\n<meta name=\"twitter:label1\" content=\"Dur\u00e9e de lecture estim\u00e9e\" \/>\n\t<meta name=\"twitter:data1\" content=\"1 minute\" \/>\n<script type=\"application\/ld+json\" class=\"yoast-schema-graph\">{\"@context\":\"https:\\\/\\\/schema.org\",\"@graph\":[{\"@type\":\"WebPage\",\"@id\":\"https:\\\/\\\/welfare-farm.com\\\/fr\\\/prodotto\\\/ruota-in-gomma\\\/\",\"url\":\"https:\\\/\\\/welfare-farm.com\\\/fr\\\/prodotto\\\/ruota-in-gomma\\\/\",\"name\":\"Roue en caoutchouc - Welfare Farm\",\"isPartOf\":{\"@id\":\"\\\/#website\"},\"primaryImageOfPage\":{\"@id\":\"https:\\\/\\\/welfare-farm.com\\\/fr\\\/prodotto\\\/ruota-in-gomma\\\/#primaryimage\"},\"image\":{\"@id\":\"https:\\\/\\\/welfare-farm.com\\\/fr\\\/prodotto\\\/ruota-in-gomma\\\/#primaryimage\"},\"thumbnailUrl\":\"https:\\\/\\\/welfare-farm.com\\\/wp-content\\\/uploads\\\/2024\\\/09\\\/Ruota-in-gomma.png\",\"datePublished\":\"2024-09-16T08:35:44+00:00\",\"dateModified\":\"2024-11-14T15:54:22+00:00\",\"breadcrumb\":{\"@id\":\"https:\\\/\\\/welfare-farm.com\\\/fr\\\/prodotto\\\/ruota-in-gomma\\\/#breadcrumb\"},\"inLanguage\":\"fr-FR\",\"potentialAction\":[{\"@type\":\"ReadAction\",\"target\":[\"https:\\\/\\\/welfare-farm.com\\\/fr\\\/prodotto\\\/ruota-in-gomma\\\/\"]}]},{\"@type\":\"ImageObject\",\"inLanguage\":\"fr-FR\",\"@id\":\"https:\\\/\\\/welfare-farm.com\\\/fr\\\/prodotto\\\/ruota-in-gomma\\\/#primaryimage\",\"url\":\"https:\\\/\\\/welfare-farm.com\\\/wp-content\\\/uploads\\\/2024\\\/09\\\/Ruota-in-gomma.png\",\"contentUrl\":\"https:\\\/\\\/welfare-farm.com\\\/wp-content\\\/uploads\\\/2024\\\/09\\\/Ruota-in-gomma.png\",\"width\":429,\"height\":429},{\"@type\":\"BreadcrumbList\",\"@id\":\"https:\\\/\\\/welfare-farm.com\\\/fr\\\/prodotto\\\/ruota-in-gomma\\\/#breadcrumb\",\"itemListElement\":[{\"@type\":\"ListItem\",\"position\":1,\"name\":\"Home\",\"item\":\"https:\\\/\\\/welfare-farm.com\\\/fr\\\/\"},{\"@type\":\"ListItem\",\"position\":2,\"name\":\"Shop old\",\"item\":\"https:\\\/\\\/welfare-farm.com\\\/shop-old\\\/\"},{\"@type\":\"ListItem\",\"position\":3,\"name\":\"Roue en caoutchouc\"}]},{\"@type\":\"WebSite\",\"@id\":\"\\\/#website\",\"url\":\"\\\/\",\"name\":\"Welfare Farm\",\"description\":\"La cuccia ecologica per \\u2028i tuoi vitelli\",\"publisher\":{\"@id\":\"\\\/#organization\"},\"potentialAction\":[{\"@type\":\"SearchAction\",\"target\":{\"@type\":\"EntryPoint\",\"urlTemplate\":\"\\\/?s={search_term_string}\"},\"query-input\":{\"@type\":\"PropertyValueSpecification\",\"valueRequired\":true,\"valueName\":\"search_term_string\"}}],\"inLanguage\":\"fr-FR\"},{\"@type\":\"Organization\",\"@id\":\"\\\/#organization\",\"name\":\"Welfare Farm\",\"url\":\"\\\/\",\"logo\":{\"@type\":\"ImageObject\",\"inLanguage\":\"fr-FR\",\"@id\":\"\\\/#\\\/schema\\\/logo\\\/image\\\/\",\"url\":\"https:\\\/\\\/welfare-farm.com\\\/wp-content\\\/uploads\\\/2024\\\/08\\\/Welfare-Farm_Logo.png\",\"contentUrl\":\"https:\\\/\\\/welfare-farm.com\\\/wp-content\\\/uploads\\\/2024\\\/08\\\/Welfare-Farm_Logo.png\",\"width\":512,\"height\":670,\"caption\":\"Welfare Farm\"},\"image\":{\"@id\":\"\\\/#\\\/schema\\\/logo\\\/image\\\/\"},\"sameAs\":[\"https:\\\/\\\/www.instagram.com\\\/welfare_farm\\\/\",\"https:\\\/\\\/www.youtube.com\\\/@welfare-farm\",\"https:\\\/\\\/it.linkedin.com\\\/company\\\/spm-mould\"]}]}<\/script>\n<!-- \/ Yoast SEO plugin. -->","yoast_head_json":{"title":"Roue en caoutchouc - Welfare Farm","robots":{"index":"index","follow":"follow","max-snippet":"max-snippet:-1","max-image-preview":"max-image-preview:large","max-video-preview":"max-video-preview:-1"},"canonical":"https:\/\/welfare-farm.com\/fr\/prodotto\/ruota-in-gomma\/","og_locale":"fr_FR","og_type":"article","og_title":"Roue en caoutchouc - Welfare Farm","og_description":"Retour \u00e0 tous les accessoires Roue en caoutchouc La roue en caoutchouc est une option polyvalente et robuste pour l'utilisation dans les enceintes, offrant une alternative viable \u00e0 la roue Calfella d'origine. Fabriqu\u00e9e \u00e0 partir de mat\u00e9riaux de haute qualit\u00e9, elle est con\u00e7ue pour r\u00e9sister \u00e0 l'usure et aux conditions environnementales les plus exigeantes. Elle est donc id\u00e9ale pour une utilisation en ext\u00e9rieur, o\u00f9 les roues peuvent \u00eatre expos\u00e9es \u00e0 des surfaces rugueuses et \u00e0 la boue. Le caoutchouc offre une meilleure adh\u00e9rence que les autres roues, ce qui r\u00e9duit le risque de d\u00e9rapage sur les surfaces humides ou boueuses. Cela garantit une plus grande stabilit\u00e9 lors des d\u00e9placements. Gr\u00e2ce \u00e0 leur conception ergonomique, les roues en caoutchouc permettent de man\u0153uvrer plus facilement et en douceur, ce qui facilite le transport de la couchette.","og_url":"https:\/\/welfare-farm.com\/fr\/prodotto\/ruota-in-gomma\/","og_site_name":"Welfare Farm","article_modified_time":"2024-11-14T15:54:22+00:00","og_image":[{"width":429,"height":429,"url":"https:\/\/welfare-farm.com\/wp-content\/uploads\/2024\/09\/Ruota-in-gomma.png","type":"image\/png"}],"twitter_card":"summary_large_image","twitter_misc":{"Dur\u00e9e de lecture estim\u00e9e":"1 minute"},"schema":{"@context":"https:\/\/schema.org","@graph":[{"@type":"WebPage","@id":"https:\/\/welfare-farm.com\/fr\/prodotto\/ruota-in-gomma\/","url":"https:\/\/welfare-farm.com\/fr\/prodotto\/ruota-in-gomma\/","name":"Roue en caoutchouc - Welfare Farm","isPartOf":{"@id":"\/#website"},"primaryImageOfPage":{"@id":"https:\/\/welfare-farm.com\/fr\/prodotto\/ruota-in-gomma\/#primaryimage"},"image":{"@id":"https:\/\/welfare-farm.com\/fr\/prodotto\/ruota-in-gomma\/#primaryimage"},"thumbnailUrl":"https:\/\/welfare-farm.com\/wp-content\/uploads\/2024\/09\/Ruota-in-gomma.png","datePublished":"2024-09-16T08:35:44+00:00","dateModified":"2024-11-14T15:54:22+00:00","breadcrumb":{"@id":"https:\/\/welfare-farm.com\/fr\/prodotto\/ruota-in-gomma\/#breadcrumb"},"inLanguage":"fr-FR","potentialAction":[{"@type":"ReadAction","target":["https:\/\/welfare-farm.com\/fr\/prodotto\/ruota-in-gomma\/"]}]},{"@type":"ImageObject","inLanguage":"fr-FR","@id":"https:\/\/welfare-farm.com\/fr\/prodotto\/ruota-in-gomma\/#primaryimage","url":"https:\/\/welfare-farm.com\/wp-content\/uploads\/2024\/09\/Ruota-in-gomma.png","contentUrl":"https:\/\/welfare-farm.com\/wp-content\/uploads\/2024\/09\/Ruota-in-gomma.png","width":429,"height":429},{"@type":"BreadcrumbList","@id":"https:\/\/welfare-farm.com\/fr\/prodotto\/ruota-in-gomma\/#breadcrumb","itemListElement":[{"@type":"ListItem","position":1,"name":"Home","item":"https:\/\/welfare-farm.com\/fr\/"},{"@type":"ListItem","position":2,"name":"Shop old","item":"https:\/\/welfare-farm.com\/shop-old\/"},{"@type":"ListItem","position":3,"name":"Roue en caoutchouc"}]},{"@type":"WebSite","@id":"\/#website","url":"\/","name":"Welfare Farm","description":"La cuccia ecologica per \u2028i tuoi vitelli","publisher":{"@id":"\/#organization"},"potentialAction":[{"@type":"SearchAction","target":{"@type":"EntryPoint","urlTemplate":"\/?s={search_term_string}"},"query-input":{"@type":"PropertyValueSpecification","valueRequired":true,"valueName":"search_term_string"}}],"inLanguage":"fr-FR"},{"@type":"Organization","@id":"\/#organization","name":"Welfare Farm","url":"\/","logo":{"@type":"ImageObject","inLanguage":"fr-FR","@id":"\/#\/schema\/logo\/image\/","url":"https:\/\/welfare-farm.com\/wp-content\/uploads\/2024\/08\/Welfare-Farm_Logo.png","contentUrl":"https:\/\/welfare-farm.com\/wp-content\/uploads\/2024\/08\/Welfare-Farm_Logo.png","width":512,"height":670,"caption":"Welfare Farm"},"image":{"@id":"\/#\/schema\/logo\/image\/"},"sameAs":["https:\/\/www.instagram.com\/welfare_farm\/","https:\/\/www.youtube.com\/@welfare-farm","https:\/\/it.linkedin.com\/company\/spm-mould"]}]}},"_links":{"self":[{"href":"https:\/\/welfare-farm.com\/fr\/wp-json\/wp\/v2\/product\/12295","targetHints":{"allow":["GET"]}}],"collection":[{"href":"https:\/\/welfare-farm.com\/fr\/wp-json\/wp\/v2\/product"}],"about":[{"href":"https:\/\/welfare-farm.com\/fr\/wp-json\/wp\/v2\/types\/product"}],"version-history":[{"count":1,"href":"https:\/\/welfare-farm.com\/fr\/wp-json\/wp\/v2\/product\/12295\/revisions"}],"predecessor-version":[{"id":12296,"href":"https:\/\/welfare-farm.com\/fr\/wp-json\/wp\/v2\/product\/12295\/revisions\/12296"}],"wp:featuredmedia":[{"embeddable":true,"href":"https:\/\/welfare-farm.com\/fr\/wp-json\/wp\/v2\/media\/11626"}],"wp:attachment":[{"href":"https:\/\/welfare-farm.com\/fr\/wp-json\/wp\/v2\/media?parent=12295"}],"wp:term":[{"taxonomy":"product_brand","embeddable":true,"href":"https:\/\/welfare-farm.com\/fr\/wp-json\/wp\/v2\/product_brand?post=12295"},{"taxonomy":"product_cat","embeddable":true,"href":"https:\/\/welfare-farm.com\/fr\/wp-json\/wp\/v2\/product_cat?post=12295"},{"taxonomy":"product_tag","embeddable":true,"href":"https:\/\/welfare-farm.com\/fr\/wp-json\/wp\/v2\/product_tag?post=12295"}],"curies":[{"name":"wp","href":"https:\/\/api.w.org\/{rel}","templated":true}]}}