{"id":12304,"date":"2024-10-07T11:52:14","date_gmt":"2024-10-07T09:52:14","guid":{"rendered":"https:\/\/welfare-farm.com\/prodotto\/secchio-milkmilk-con-doppia-tettarella\/"},"modified":"2024-11-14T17:01:21","modified_gmt":"2024-11-14T16:01:21","slug":"secchio-milkmilk-con-doppia-tettarella","status":"publish","type":"product","link":"https:\/\/welfare-farm.com\/fr\/prodotto\/secchio-milkmilk-con-doppia-tettarella\/","title":{"rendered":"Seau milk&#038;milk avec double t\u00e9tine"},"content":{"rendered":"\t\t<div data-elementor-type=\"wp-post\" data-elementor-id=\"12304\" class=\"elementor elementor-12304 elementor-10107\">\n\t\t\t\t\t\t<section class=\"elementor-section elementor-top-section elementor-element elementor-element-4b8a8fb elementor-section-full_width elementor-section-stretched elementor-section-height-default elementor-section-height-default wpr-particle-no wpr-jarallax-no wpr-parallax-no wpr-sticky-section-no jltma-glass-effect-no\" data-id=\"4b8a8fb\" data-element_type=\"section\" data-settings=\"{&quot;stretch_section&quot;:&quot;section-stretched&quot;}\">\n\t\t\t\t\t\t<div class=\"elementor-container elementor-column-gap-default\">\n\t\t\t\t\t<div class=\"elementor-column elementor-col-100 elementor-top-column elementor-element elementor-element-18c321f jltma-glass-effect-no\" data-id=\"18c321f\" data-element_type=\"column\">\n\t\t\t<div class=\"elementor-widget-wrap elementor-element-populated\">\n\t\t\t\t\t\t<div class=\"elementor-element elementor-element-53520c0 carosello_immagini  elementor-arrows-position-outside elementor-pagination-position-outside jltma-glass-effect-no elementor-widget elementor-widget-image-carousel\" data-id=\"53520c0\" data-element_type=\"widget\" data-settings=\"{&quot;slides_to_show&quot;:&quot;3&quot;,&quot;slides_to_scroll&quot;:&quot;1&quot;,&quot;image_spacing_custom&quot;:{&quot;unit&quot;:&quot;px&quot;,&quot;size&quot;:25,&quot;sizes&quot;:[]},&quot;navigation&quot;:&quot;both&quot;,&quot;autoplay&quot;:&quot;yes&quot;,&quot;pause_on_hover&quot;:&quot;yes&quot;,&quot;pause_on_interaction&quot;:&quot;yes&quot;,&quot;autoplay_speed&quot;:5000,&quot;infinite&quot;:&quot;yes&quot;,&quot;speed&quot;:500,&quot;image_spacing_custom_tablet&quot;:{&quot;unit&quot;:&quot;px&quot;,&quot;size&quot;:&quot;&quot;,&quot;sizes&quot;:[]},&quot;image_spacing_custom_mobile&quot;:{&quot;unit&quot;:&quot;px&quot;,&quot;size&quot;:&quot;&quot;,&quot;sizes&quot;:[]}}\" data-widget_type=\"image-carousel.default\">\n\t\t\t\t<div class=\"elementor-widget-container\">\n\t\t\t\t\t\t\t<div class=\"elementor-image-carousel-wrapper swiper\" role=\"region\" aria-roledescription=\"carousel\" aria-label=\"Carrousel d\u2019images\" dir=\"ltr\">\n\t\t\t<div class=\"elementor-image-carousel swiper-wrapper\" aria-live=\"off\">\n\t\t\t\t\t\t\t\t<div class=\"swiper-slide\" role=\"group\" aria-roledescription=\"slide\" aria-label=\"1 sur 2\"><a data-elementor-open-lightbox=\"yes\" data-elementor-lightbox-slideshow=\"53520c0\" data-e-action-hash=\"#elementor-action%3Aaction%3Dlightbox%26settings%3DeyJpZCI6MTE2ODksInVybCI6Imh0dHBzOlwvXC93ZWxmYXJlLWZhcm0uY29tXC93cC1jb250ZW50XC91cGxvYWRzXC8yMDI0XC8xMFwvc2NvcHJpLXR1dHRpLWdsaS1hY2Nlc3NvcmkucG5nIiwic2xpZGVzaG93IjoiNTM1MjBjMCJ9\" href=\"https:\/\/welfare-farm.com\/wp-content\/uploads\/2024\/10\/scopri-tutti-gli-accessori.png\"><figure class=\"swiper-slide-inner\"><img decoding=\"async\" class=\"swiper-slide-image\" src=\"https:\/\/welfare-farm.com\/wp-content\/uploads\/elementor\/thumbs\/scopri-tutti-gli-accessori-qvloy22ughfhx1qdovj7m48lxq1q2fkxbtz8w11dv4.png\" alt=\"scopri tutti gli accessori\" \/><\/figure><\/a><\/div><div class=\"swiper-slide\" role=\"group\" aria-roledescription=\"slide\" aria-label=\"2 sur 2\"><a data-elementor-open-lightbox=\"yes\" data-elementor-lightbox-slideshow=\"53520c0\" data-e-action-hash=\"#elementor-action%3Aaction%3Dlightbox%26settings%3DeyJpZCI6MTEzNjgsInVybCI6Imh0dHBzOlwvXC93ZWxmYXJlLWZhcm0uY29tXC93cC1jb250ZW50XC91cGxvYWRzXC8yMDI0XC8wOVwvTGEtY3VjY2lhLWVjb2xvZ2ljYS1wZXItaS10dW9pLXZpdGVsbGkuanBnIiwic2xpZGVzaG93IjoiNTM1MjBjMCJ9\" href=\"https:\/\/welfare-farm.com\/wp-content\/uploads\/2024\/09\/La-cuccia-ecologica-per-i-tuoi-vitelli.jpg\"><figure class=\"swiper-slide-inner\"><img decoding=\"async\" class=\"swiper-slide-image\" src=\"https:\/\/welfare-farm.com\/wp-content\/uploads\/elementor\/thumbs\/La-cuccia-ecologica-per-i-tuoi-vitelli-qvloxwftbh7rzdyklt3g75nudetis8yjb22c0d9qwg.jpg\" alt=\"La cuccia per vitelli ecologica\" \/><\/figure><\/a><\/div>\t\t\t<\/div>\n\t\t\t\t\t\t\t\t\t\t\t\t<div class=\"elementor-swiper-button elementor-swiper-button-prev\" role=\"button\" tabindex=\"0\">\n\t\t\t\t\t\t<i aria-hidden=\"true\" class=\"eicon-chevron-left\"><\/i>\t\t\t\t\t<\/div>\n\t\t\t\t\t<div class=\"elementor-swiper-button elementor-swiper-button-next\" role=\"button\" tabindex=\"0\">\n\t\t\t\t\t\t<i aria-hidden=\"true\" class=\"eicon-chevron-right\"><\/i>\t\t\t\t\t<\/div>\n\t\t\t\t\n\t\t\t\t\t\t\t\t\t<div class=\"swiper-pagination\"><\/div>\n\t\t\t\t\t\t\t\t\t<\/div>\n\t\t\t\t\t\t<\/div>\n\t\t\t\t<\/div>\n\t\t\t\t\t<\/div>\n\t\t<\/div>\n\t\t\t\t\t<\/div>\n\t\t<\/section>\n\t\t\t\t<\/div>\n\t\t","protected":false},"excerpt":{"rendered":"<div class=\"button_tutti_accessori\"><a href=\"https:\/\/welfare-farm.com\/fr\/accessori\/\"> <img decoding=\"async\" src=\"https:\/\/welfare-farm.com\/wp-content\/uploads\/2024\/10\/icon-arrow.png\" \/> <\/p>\n<h5>Retour \u00e0 tous les accessoires<\/h5>\n<p><\/a><\/div>\n<h1 class=\"title_accessorio_singolo\">Seau milk&#038;milk avec double t\u00e9tine<\/h1>\n<p>Seau compartiment\u00e9 d&rsquo;une capacit\u00e9 de 4 + 4 litres, con\u00e7u pour distribuer la bonne quantit\u00e9 de lait \u00e0 chaque veau. Chaque compartiment est s\u00e9par\u00e9 pour garantir une alimentation pr\u00e9cise. Il est empilable, ce qui facilite le transport et le stockage, et il est facile \u00e0 laver. Il peut \u00eatre \u00e9quip\u00e9 d&rsquo;une t\u00e9tine sans valve ou d&rsquo;une t\u00e9tine traditionnelle avec valve, pour s&rsquo;adapter aux diff\u00e9rents besoins d&rsquo;alimentation.<\/p>\n","protected":false},"featured_media":11596,"template":"","meta":{"_acf_changed":false,"inline_featured_image":false},"product_brand":[],"product_cat":[110],"product_tag":[],"class_list":{"0":"post-12304","1":"product","2":"type-product","3":"status-publish","4":"has-post-thumbnail","6":"product_cat-pour-ranch-enceinte","8":"first","9":"instock","10":"shipping-taxable","11":"product-type-simple"},"acf":[],"yoast_head":"<!-- This site is optimized with the Yoast SEO plugin v27.4 - https:\/\/yoast.com\/product\/yoast-seo-wordpress\/ -->\n<title>Secchio con doppia tettarella: arriva Milk&amp;Milk | Welfare Farm<\/title>\n<meta name=\"description\" content=\"Il secchio con doppia tettarella ha due compartimenti di 4 litri ciascuno, \u00e8 progettato per distribuire la stessa quantit\u00e0 di latte a ciascun vitello.\" \/>\n<meta name=\"robots\" content=\"index, follow, max-snippet:-1, max-image-preview:large, max-video-preview:-1\" \/>\n<link rel=\"canonical\" href=\"https:\/\/welfare-farm.com\/fr\/prodotto\/secchio-milkmilk-con-doppia-tettarella\/\" \/>\n<meta property=\"og:locale\" content=\"fr_FR\" \/>\n<meta property=\"og:type\" content=\"article\" \/>\n<meta property=\"og:title\" content=\"Secchio con doppia tettarella: arriva Milk&amp;Milk | Welfare Farm\" \/>\n<meta property=\"og:description\" content=\"Il secchio con doppia tettarella ha due compartimenti di 4 litri ciascuno, \u00e8 progettato per distribuire la stessa quantit\u00e0 di latte a ciascun vitello.\" \/>\n<meta property=\"og:url\" content=\"https:\/\/welfare-farm.com\/fr\/prodotto\/secchio-milkmilk-con-doppia-tettarella\/\" \/>\n<meta property=\"og:site_name\" content=\"Welfare Farm\" \/>\n<meta property=\"article:modified_time\" content=\"2024-11-14T16:01:21+00:00\" \/>\n<meta property=\"og:image\" content=\"https:\/\/welfare-farm.com\/wp-content\/uploads\/2024\/10\/Secchio-MILKMILK-1.png\" \/>\n\t<meta property=\"og:image:width\" content=\"429\" \/>\n\t<meta property=\"og:image:height\" content=\"429\" \/>\n\t<meta property=\"og:image:type\" content=\"image\/png\" \/>\n<meta name=\"twitter:card\" content=\"summary_large_image\" \/>\n<meta name=\"twitter:label1\" content=\"Dur\u00e9e de lecture estim\u00e9e\" \/>\n\t<meta name=\"twitter:data1\" content=\"1 minute\" \/>\n<script type=\"application\/ld+json\" class=\"yoast-schema-graph\">{\"@context\":\"https:\\\/\\\/schema.org\",\"@graph\":[{\"@type\":\"WebPage\",\"@id\":\"https:\\\/\\\/welfare-farm.com\\\/fr\\\/prodotto\\\/secchio-milkmilk-con-doppia-tettarella\\\/\",\"url\":\"https:\\\/\\\/welfare-farm.com\\\/fr\\\/prodotto\\\/secchio-milkmilk-con-doppia-tettarella\\\/\",\"name\":\"Secchio con doppia tettarella: arriva Milk&Milk | Welfare Farm\",\"isPartOf\":{\"@id\":\"\\\/#website\"},\"primaryImageOfPage\":{\"@id\":\"https:\\\/\\\/welfare-farm.com\\\/fr\\\/prodotto\\\/secchio-milkmilk-con-doppia-tettarella\\\/#primaryimage\"},\"image\":{\"@id\":\"https:\\\/\\\/welfare-farm.com\\\/fr\\\/prodotto\\\/secchio-milkmilk-con-doppia-tettarella\\\/#primaryimage\"},\"thumbnailUrl\":\"https:\\\/\\\/welfare-farm.com\\\/wp-content\\\/uploads\\\/2024\\\/10\\\/Secchio-MILKMILK-1.png\",\"datePublished\":\"2024-10-07T09:52:14+00:00\",\"dateModified\":\"2024-11-14T16:01:21+00:00\",\"description\":\"Il secchio con doppia tettarella ha due compartimenti di 4 litri ciascuno, \u00e8 progettato per distribuire la stessa quantit\u00e0 di latte a ciascun vitello.\",\"breadcrumb\":{\"@id\":\"https:\\\/\\\/welfare-farm.com\\\/fr\\\/prodotto\\\/secchio-milkmilk-con-doppia-tettarella\\\/#breadcrumb\"},\"inLanguage\":\"fr-FR\",\"potentialAction\":[{\"@type\":\"ReadAction\",\"target\":[\"https:\\\/\\\/welfare-farm.com\\\/fr\\\/prodotto\\\/secchio-milkmilk-con-doppia-tettarella\\\/\"]}]},{\"@type\":\"ImageObject\",\"inLanguage\":\"fr-FR\",\"@id\":\"https:\\\/\\\/welfare-farm.com\\\/fr\\\/prodotto\\\/secchio-milkmilk-con-doppia-tettarella\\\/#primaryimage\",\"url\":\"https:\\\/\\\/welfare-farm.com\\\/wp-content\\\/uploads\\\/2024\\\/10\\\/Secchio-MILKMILK-1.png\",\"contentUrl\":\"https:\\\/\\\/welfare-farm.com\\\/wp-content\\\/uploads\\\/2024\\\/10\\\/Secchio-MILKMILK-1.png\",\"width\":429,\"height\":429},{\"@type\":\"BreadcrumbList\",\"@id\":\"https:\\\/\\\/welfare-farm.com\\\/fr\\\/prodotto\\\/secchio-milkmilk-con-doppia-tettarella\\\/#breadcrumb\",\"itemListElement\":[{\"@type\":\"ListItem\",\"position\":1,\"name\":\"Home\",\"item\":\"https:\\\/\\\/welfare-farm.com\\\/fr\\\/\"},{\"@type\":\"ListItem\",\"position\":2,\"name\":\"Shop old\",\"item\":\"https:\\\/\\\/welfare-farm.com\\\/shop-old\\\/\"},{\"@type\":\"ListItem\",\"position\":3,\"name\":\"Seau milk&#038;milk avec double t\u00e9tine\"}]},{\"@type\":\"WebSite\",\"@id\":\"\\\/#website\",\"url\":\"\\\/\",\"name\":\"Welfare Farm\",\"description\":\"La cuccia ecologica per \\u2028i tuoi vitelli\",\"publisher\":{\"@id\":\"\\\/#organization\"},\"potentialAction\":[{\"@type\":\"SearchAction\",\"target\":{\"@type\":\"EntryPoint\",\"urlTemplate\":\"\\\/?s={search_term_string}\"},\"query-input\":{\"@type\":\"PropertyValueSpecification\",\"valueRequired\":true,\"valueName\":\"search_term_string\"}}],\"inLanguage\":\"fr-FR\"},{\"@type\":\"Organization\",\"@id\":\"\\\/#organization\",\"name\":\"Welfare Farm\",\"url\":\"\\\/\",\"logo\":{\"@type\":\"ImageObject\",\"inLanguage\":\"fr-FR\",\"@id\":\"\\\/#\\\/schema\\\/logo\\\/image\\\/\",\"url\":\"https:\\\/\\\/welfare-farm.com\\\/wp-content\\\/uploads\\\/2024\\\/08\\\/Welfare-Farm_Logo.png\",\"contentUrl\":\"https:\\\/\\\/welfare-farm.com\\\/wp-content\\\/uploads\\\/2024\\\/08\\\/Welfare-Farm_Logo.png\",\"width\":512,\"height\":670,\"caption\":\"Welfare Farm\"},\"image\":{\"@id\":\"\\\/#\\\/schema\\\/logo\\\/image\\\/\"},\"sameAs\":[\"https:\\\/\\\/www.instagram.com\\\/welfare_farm\\\/\",\"https:\\\/\\\/www.youtube.com\\\/@welfare-farm\",\"https:\\\/\\\/it.linkedin.com\\\/company\\\/spm-mould\"]}]}<\/script>\n<!-- \/ Yoast SEO plugin. -->","yoast_head_json":{"title":"Secchio con doppia tettarella: arriva Milk&Milk | Welfare Farm","description":"Il secchio con doppia tettarella ha due compartimenti di 4 litri ciascuno, \u00e8 progettato per distribuire la stessa quantit\u00e0 di latte a ciascun vitello.","robots":{"index":"index","follow":"follow","max-snippet":"max-snippet:-1","max-image-preview":"max-image-preview:large","max-video-preview":"max-video-preview:-1"},"canonical":"https:\/\/welfare-farm.com\/fr\/prodotto\/secchio-milkmilk-con-doppia-tettarella\/","og_locale":"fr_FR","og_type":"article","og_title":"Secchio con doppia tettarella: arriva Milk&Milk | Welfare Farm","og_description":"Il secchio con doppia tettarella ha due compartimenti di 4 litri ciascuno, \u00e8 progettato per distribuire la stessa quantit\u00e0 di latte a ciascun vitello.","og_url":"https:\/\/welfare-farm.com\/fr\/prodotto\/secchio-milkmilk-con-doppia-tettarella\/","og_site_name":"Welfare Farm","article_modified_time":"2024-11-14T16:01:21+00:00","og_image":[{"width":429,"height":429,"url":"https:\/\/welfare-farm.com\/wp-content\/uploads\/2024\/10\/Secchio-MILKMILK-1.png","type":"image\/png"}],"twitter_card":"summary_large_image","twitter_misc":{"Dur\u00e9e de lecture estim\u00e9e":"1 minute"},"schema":{"@context":"https:\/\/schema.org","@graph":[{"@type":"WebPage","@id":"https:\/\/welfare-farm.com\/fr\/prodotto\/secchio-milkmilk-con-doppia-tettarella\/","url":"https:\/\/welfare-farm.com\/fr\/prodotto\/secchio-milkmilk-con-doppia-tettarella\/","name":"Secchio con doppia tettarella: arriva Milk&Milk | Welfare Farm","isPartOf":{"@id":"\/#website"},"primaryImageOfPage":{"@id":"https:\/\/welfare-farm.com\/fr\/prodotto\/secchio-milkmilk-con-doppia-tettarella\/#primaryimage"},"image":{"@id":"https:\/\/welfare-farm.com\/fr\/prodotto\/secchio-milkmilk-con-doppia-tettarella\/#primaryimage"},"thumbnailUrl":"https:\/\/welfare-farm.com\/wp-content\/uploads\/2024\/10\/Secchio-MILKMILK-1.png","datePublished":"2024-10-07T09:52:14+00:00","dateModified":"2024-11-14T16:01:21+00:00","description":"Il secchio con doppia tettarella ha due compartimenti di 4 litri ciascuno, \u00e8 progettato per distribuire la stessa quantit\u00e0 di latte a ciascun vitello.","breadcrumb":{"@id":"https:\/\/welfare-farm.com\/fr\/prodotto\/secchio-milkmilk-con-doppia-tettarella\/#breadcrumb"},"inLanguage":"fr-FR","potentialAction":[{"@type":"ReadAction","target":["https:\/\/welfare-farm.com\/fr\/prodotto\/secchio-milkmilk-con-doppia-tettarella\/"]}]},{"@type":"ImageObject","inLanguage":"fr-FR","@id":"https:\/\/welfare-farm.com\/fr\/prodotto\/secchio-milkmilk-con-doppia-tettarella\/#primaryimage","url":"https:\/\/welfare-farm.com\/wp-content\/uploads\/2024\/10\/Secchio-MILKMILK-1.png","contentUrl":"https:\/\/welfare-farm.com\/wp-content\/uploads\/2024\/10\/Secchio-MILKMILK-1.png","width":429,"height":429},{"@type":"BreadcrumbList","@id":"https:\/\/welfare-farm.com\/fr\/prodotto\/secchio-milkmilk-con-doppia-tettarella\/#breadcrumb","itemListElement":[{"@type":"ListItem","position":1,"name":"Home","item":"https:\/\/welfare-farm.com\/fr\/"},{"@type":"ListItem","position":2,"name":"Shop old","item":"https:\/\/welfare-farm.com\/shop-old\/"},{"@type":"ListItem","position":3,"name":"Seau milk&#038;milk avec double t\u00e9tine"}]},{"@type":"WebSite","@id":"\/#website","url":"\/","name":"Welfare Farm","description":"La cuccia ecologica per \u2028i tuoi vitelli","publisher":{"@id":"\/#organization"},"potentialAction":[{"@type":"SearchAction","target":{"@type":"EntryPoint","urlTemplate":"\/?s={search_term_string}"},"query-input":{"@type":"PropertyValueSpecification","valueRequired":true,"valueName":"search_term_string"}}],"inLanguage":"fr-FR"},{"@type":"Organization","@id":"\/#organization","name":"Welfare Farm","url":"\/","logo":{"@type":"ImageObject","inLanguage":"fr-FR","@id":"\/#\/schema\/logo\/image\/","url":"https:\/\/welfare-farm.com\/wp-content\/uploads\/2024\/08\/Welfare-Farm_Logo.png","contentUrl":"https:\/\/welfare-farm.com\/wp-content\/uploads\/2024\/08\/Welfare-Farm_Logo.png","width":512,"height":670,"caption":"Welfare Farm"},"image":{"@id":"\/#\/schema\/logo\/image\/"},"sameAs":["https:\/\/www.instagram.com\/welfare_farm\/","https:\/\/www.youtube.com\/@welfare-farm","https:\/\/it.linkedin.com\/company\/spm-mould"]}]}},"_links":{"self":[{"href":"https:\/\/welfare-farm.com\/fr\/wp-json\/wp\/v2\/product\/12304","targetHints":{"allow":["GET"]}}],"collection":[{"href":"https:\/\/welfare-farm.com\/fr\/wp-json\/wp\/v2\/product"}],"about":[{"href":"https:\/\/welfare-farm.com\/fr\/wp-json\/wp\/v2\/types\/product"}],"version-history":[{"count":1,"href":"https:\/\/welfare-farm.com\/fr\/wp-json\/wp\/v2\/product\/12304\/revisions"}],"predecessor-version":[{"id":12305,"href":"https:\/\/welfare-farm.com\/fr\/wp-json\/wp\/v2\/product\/12304\/revisions\/12305"}],"wp:featuredmedia":[{"embeddable":true,"href":"https:\/\/welfare-farm.com\/fr\/wp-json\/wp\/v2\/media\/11596"}],"wp:attachment":[{"href":"https:\/\/welfare-farm.com\/fr\/wp-json\/wp\/v2\/media?parent=12304"}],"wp:term":[{"taxonomy":"product_brand","embeddable":true,"href":"https:\/\/welfare-farm.com\/fr\/wp-json\/wp\/v2\/product_brand?post=12304"},{"taxonomy":"product_cat","embeddable":true,"href":"https:\/\/welfare-farm.com\/fr\/wp-json\/wp\/v2\/product_cat?post=12304"},{"taxonomy":"product_tag","embeddable":true,"href":"https:\/\/welfare-farm.com\/fr\/wp-json\/wp\/v2\/product_tag?post=12304"}],"curies":[{"name":"wp","href":"https:\/\/api.w.org\/{rel}","templated":true}]}}