{"id":12306,"date":"2024-10-07T16:47:04","date_gmt":"2024-10-07T14:47:04","guid":{"rendered":"https:\/\/welfare-farm.com\/prodotto\/kit-montaggio-ruota\/"},"modified":"2024-11-14T17:03:15","modified_gmt":"2024-11-14T16:03:15","slug":"kit-montaggio-ruota","status":"publish","type":"product","link":"https:\/\/welfare-farm.com\/fr\/prodotto\/kit-montaggio-ruota\/","title":{"rendered":"Kit de montage de roue"},"content":{"rendered":"\t\t<div data-elementor-type=\"wp-post\" data-elementor-id=\"12306\" class=\"elementor elementor-12306 elementor-10187\">\n\t\t\t\t\t\t<section class=\"elementor-section elementor-top-section elementor-element elementor-element-af19e66 elementor-section-full_width elementor-section-stretched elementor-section-height-default elementor-section-height-default wpr-particle-no wpr-jarallax-no wpr-parallax-no wpr-sticky-section-no jltma-glass-effect-no\" data-id=\"af19e66\" data-element_type=\"section\" data-settings=\"{&quot;stretch_section&quot;:&quot;section-stretched&quot;}\">\n\t\t\t\t\t\t<div class=\"elementor-container elementor-column-gap-default\">\n\t\t\t\t\t<div class=\"elementor-column elementor-col-100 elementor-top-column elementor-element elementor-element-725ace5 jltma-glass-effect-no\" data-id=\"725ace5\" data-element_type=\"column\">\n\t\t\t<div class=\"elementor-widget-wrap elementor-element-populated\">\n\t\t\t\t\t\t<div class=\"elementor-element elementor-element-eed00a6 carosello_immagini  elementor-arrows-position-outside elementor-pagination-position-outside jltma-glass-effect-no elementor-widget elementor-widget-image-carousel\" data-id=\"eed00a6\" data-element_type=\"widget\" data-settings=\"{&quot;slides_to_show&quot;:&quot;3&quot;,&quot;slides_to_scroll&quot;:&quot;1&quot;,&quot;image_spacing_custom&quot;:{&quot;unit&quot;:&quot;px&quot;,&quot;size&quot;:25,&quot;sizes&quot;:[]},&quot;navigation&quot;:&quot;both&quot;,&quot;autoplay&quot;:&quot;yes&quot;,&quot;pause_on_hover&quot;:&quot;yes&quot;,&quot;pause_on_interaction&quot;:&quot;yes&quot;,&quot;autoplay_speed&quot;:5000,&quot;infinite&quot;:&quot;yes&quot;,&quot;speed&quot;:500,&quot;image_spacing_custom_tablet&quot;:{&quot;unit&quot;:&quot;px&quot;,&quot;size&quot;:&quot;&quot;,&quot;sizes&quot;:[]},&quot;image_spacing_custom_mobile&quot;:{&quot;unit&quot;:&quot;px&quot;,&quot;size&quot;:&quot;&quot;,&quot;sizes&quot;:[]}}\" data-widget_type=\"image-carousel.default\">\n\t\t\t\t<div class=\"elementor-widget-container\">\n\t\t\t\t\t\t\t<div class=\"elementor-image-carousel-wrapper swiper\" role=\"region\" aria-roledescription=\"carousel\" aria-label=\"Carrousel d\u2019images\" dir=\"ltr\">\n\t\t\t<div class=\"elementor-image-carousel swiper-wrapper\" aria-live=\"off\">\n\t\t\t\t\t\t\t\t<div class=\"swiper-slide\" role=\"group\" aria-roledescription=\"slide\" aria-label=\"1 sur 3\"><a data-elementor-open-lightbox=\"yes\" data-elementor-lightbox-slideshow=\"eed00a6\" data-e-action-hash=\"#elementor-action%3Aaction%3Dlightbox%26settings%3DeyJpZCI6MTE1MzksInVybCI6Imh0dHBzOlwvXC93ZWxmYXJlLWZhcm0uY29tXC93cC1jb250ZW50XC91cGxvYWRzXC8yMDI0XC8xMFwvcnVvdGEtZ2FsbGVyeS5qcGciLCJzbGlkZXNob3ciOiJlZWQwMGE2In0%3D\" href=\"https:\/\/welfare-farm.com\/wp-content\/uploads\/2024\/10\/ruota-gallery.jpg\"><figure class=\"swiper-slide-inner\"><img decoding=\"async\" class=\"swiper-slide-image\" src=\"https:\/\/welfare-farm.com\/wp-content\/uploads\/elementor\/thumbs\/ruota-gallery-qvloyeaqxbw83z8mpitd0j5lnqdhuhxfpigk4mj9m8.jpg\" alt=\"ruota gallery\" \/><\/figure><\/a><\/div><div class=\"swiper-slide\" role=\"group\" aria-roledescription=\"slide\" aria-label=\"2 sur 3\"><a data-elementor-open-lightbox=\"yes\" data-elementor-lightbox-slideshow=\"eed00a6\" data-e-action-hash=\"#elementor-action%3Aaction%3Dlightbox%26settings%3DeyJpZCI6MTE1MzYsInVybCI6Imh0dHBzOlwvXC93ZWxmYXJlLWZhcm0uY29tXC93cC1jb250ZW50XC91cGxvYWRzXC8yMDI0XC8xMFwvcnVvdGEtYW50ZXJpb3JlLWJvbWJhdGEtZ2FsbGVyeS0yLmpwZyIsInNsaWRlc2hvdyI6ImVlZDAwYTYifQ%3D%3D\" href=\"https:\/\/welfare-farm.com\/wp-content\/uploads\/2024\/10\/ruota-anteriore-bombata-gallery-2.jpg\"><figure class=\"swiper-slide-inner\"><img decoding=\"async\" class=\"swiper-slide-image\" src=\"https:\/\/welfare-farm.com\/wp-content\/uploads\/elementor\/thumbs\/ruota-anteriore-bombata-gallery-2-qvloycf2jntngrbd0i03vjmogymrf3pz195l62m1yo.jpg\" alt=\"ruota anteriore bombata gallery (2)\" \/><\/figure><\/a><\/div><div class=\"swiper-slide\" role=\"group\" aria-roledescription=\"slide\" aria-label=\"3 sur 3\"><a data-elementor-open-lightbox=\"yes\" data-elementor-lightbox-slideshow=\"eed00a6\" data-e-action-hash=\"#elementor-action%3Aaction%3Dlightbox%26settings%3DeyJpZCI6MTE1MzMsInVybCI6Imh0dHBzOlwvXC93ZWxmYXJlLWZhcm0uY29tXC93cC1jb250ZW50XC91cGxvYWRzXC8yMDI0XC8xMFwvcnVvdGEtYW50ZXJpb3JlLWJvbWJhdGEtZ2FsbGVyeS0xLmpwZyIsInNsaWRlc2hvdyI6ImVlZDAwYTYifQ%3D%3D\" href=\"https:\/\/welfare-farm.com\/wp-content\/uploads\/2024\/10\/ruota-anteriore-bombata-gallery-1.jpg\"><figure class=\"swiper-slide-inner\"><img decoding=\"async\" class=\"swiper-slide-image\" src=\"https:\/\/welfare-farm.com\/wp-content\/uploads\/elementor\/thumbs\/ruota-anteriore-bombata-gallery-1-qvloydcwqhuxsd9zv0eqg1e52ci4mstpddt2ncknsg.jpg\" alt=\"ruota anteriore bombata gallery (1)\" \/><\/figure><\/a><\/div>\t\t\t<\/div>\n\t\t\t\t\t\t\t\t\t\t\t\t<div class=\"elementor-swiper-button elementor-swiper-button-prev\" role=\"button\" tabindex=\"0\">\n\t\t\t\t\t\t<i aria-hidden=\"true\" class=\"eicon-chevron-left\"><\/i>\t\t\t\t\t<\/div>\n\t\t\t\t\t<div class=\"elementor-swiper-button elementor-swiper-button-next\" role=\"button\" tabindex=\"0\">\n\t\t\t\t\t\t<i aria-hidden=\"true\" class=\"eicon-chevron-right\"><\/i>\t\t\t\t\t<\/div>\n\t\t\t\t\n\t\t\t\t\t\t\t\t\t<div class=\"swiper-pagination\"><\/div>\n\t\t\t\t\t\t\t\t\t<\/div>\n\t\t\t\t\t\t<\/div>\n\t\t\t\t<\/div>\n\t\t\t\t\t<\/div>\n\t\t<\/div>\n\t\t\t\t\t<\/div>\n\t\t<\/section>\n\t\t\t\t<\/div>\n\t\t","protected":false},"excerpt":{"rendered":"<div class=\"button_tutti_accessori\"><a href=\"https:\/\/welfare-farm.com\/fr\/accessori\/\"> <img decoding=\"async\" src=\"https:\/\/welfare-farm.com\/wp-content\/uploads\/2024\/10\/icon-arrow.png\" \/> <\/p>\n<h5>Retour \u00e0 tous les accessoires<\/h5>\n<p><\/a><\/div>\n<h1 class=\"title_accessorio_singolo\">Kit de montage de roue<\/h1>\n<p>Le kit de montage de roues contient tout le n\u00e9cessaire pour assembler et effectuer des r\u00e9parations et des remplacements de roues de mani\u00e8re simple et efficace. Il se compose d&rsquo;une s\u00e9lection d&rsquo;outils de haute qualit\u00e9 :<\/p>\n<p>&#8211; goupille de montage<br \/>\n&#8211; clips de s\u00e9curit\u00e9<br \/>\n&#8211; rondelles d&rsquo;appui<\/p>\n<p>Les outils sont fabriqu\u00e9s dans des mat\u00e9riaux durables et r\u00e9sistants, et ont \u00e9t\u00e9 con\u00e7us pour \u00eatre confortables et r\u00e9duire la fatigue. Gr\u00e2ce \u00e0 leur conception intuitive, les roues peuvent \u00eatre install\u00e9es rapidement et facilement, ce qui rend le kit de montage des roues adapt\u00e9 aux experts comme aux d\u00e9butants.<\/p>\n","protected":false},"featured_media":11629,"template":"","meta":{"_acf_changed":false,"inline_featured_image":false},"product_brand":[],"product_cat":[110],"product_tag":[],"class_list":{"0":"post-12306","1":"product","2":"type-product","3":"status-publish","4":"has-post-thumbnail","6":"product_cat-pour-ranch-enceinte","8":"first","9":"instock","10":"shipping-taxable","11":"product-type-simple"},"acf":[],"yoast_head":"<!-- This site is optimized with the Yoast SEO plugin v27.3 - https:\/\/yoast.com\/product\/yoast-seo-wordpress\/ -->\n<title>Kit montaggio ruota per Calfella | Welfare Farm<\/title>\n<meta name=\"description\" content=\"Nel kit montaggio ruota trovi tutto il necessario per assemblare ed effettuare riparazioni e sostituzioni delle ruote in modo semplice.\" \/>\n<meta name=\"robots\" content=\"index, follow, max-snippet:-1, max-image-preview:large, max-video-preview:-1\" \/>\n<link rel=\"canonical\" href=\"https:\/\/welfare-farm.com\/fr\/prodotto\/kit-montaggio-ruota\/\" \/>\n<meta property=\"og:locale\" content=\"fr_FR\" \/>\n<meta property=\"og:type\" content=\"article\" \/>\n<meta property=\"og:title\" content=\"Kit montaggio ruota per Calfella | Welfare Farm\" \/>\n<meta property=\"og:description\" content=\"Nel kit montaggio ruota trovi tutto il necessario per assemblare ed effettuare riparazioni e sostituzioni delle ruote in modo semplice.\" \/>\n<meta property=\"og:url\" content=\"https:\/\/welfare-farm.com\/fr\/prodotto\/kit-montaggio-ruota\/\" \/>\n<meta property=\"og:site_name\" content=\"Welfare Farm\" \/>\n<meta property=\"article:modified_time\" content=\"2024-11-14T16:03:15+00:00\" \/>\n<meta property=\"og:image\" content=\"https:\/\/welfare-farm.com\/wp-content\/uploads\/2024\/10\/kit-montaggio-ruota.png\" \/>\n\t<meta property=\"og:image:width\" content=\"429\" \/>\n\t<meta property=\"og:image:height\" content=\"429\" \/>\n\t<meta property=\"og:image:type\" content=\"image\/png\" \/>\n<meta name=\"twitter:card\" content=\"summary_large_image\" \/>\n<meta name=\"twitter:label1\" content=\"Dur\u00e9e de lecture estim\u00e9e\" \/>\n\t<meta name=\"twitter:data1\" content=\"1 minute\" \/>\n<script type=\"application\/ld+json\" class=\"yoast-schema-graph\">{\"@context\":\"https:\\\/\\\/schema.org\",\"@graph\":[{\"@type\":\"WebPage\",\"@id\":\"https:\\\/\\\/welfare-farm.com\\\/fr\\\/prodotto\\\/kit-montaggio-ruota\\\/\",\"url\":\"https:\\\/\\\/welfare-farm.com\\\/fr\\\/prodotto\\\/kit-montaggio-ruota\\\/\",\"name\":\"Kit montaggio ruota per Calfella | Welfare Farm\",\"isPartOf\":{\"@id\":\"\\\/#website\"},\"primaryImageOfPage\":{\"@id\":\"https:\\\/\\\/welfare-farm.com\\\/fr\\\/prodotto\\\/kit-montaggio-ruota\\\/#primaryimage\"},\"image\":{\"@id\":\"https:\\\/\\\/welfare-farm.com\\\/fr\\\/prodotto\\\/kit-montaggio-ruota\\\/#primaryimage\"},\"thumbnailUrl\":\"https:\\\/\\\/welfare-farm.com\\\/wp-content\\\/uploads\\\/2024\\\/10\\\/kit-montaggio-ruota.png\",\"datePublished\":\"2024-10-07T14:47:04+00:00\",\"dateModified\":\"2024-11-14T16:03:15+00:00\",\"description\":\"Nel kit montaggio ruota trovi tutto il necessario per assemblare ed effettuare riparazioni e sostituzioni delle ruote in modo semplice.\",\"breadcrumb\":{\"@id\":\"https:\\\/\\\/welfare-farm.com\\\/fr\\\/prodotto\\\/kit-montaggio-ruota\\\/#breadcrumb\"},\"inLanguage\":\"fr-FR\",\"potentialAction\":[{\"@type\":\"ReadAction\",\"target\":[\"https:\\\/\\\/welfare-farm.com\\\/fr\\\/prodotto\\\/kit-montaggio-ruota\\\/\"]}]},{\"@type\":\"ImageObject\",\"inLanguage\":\"fr-FR\",\"@id\":\"https:\\\/\\\/welfare-farm.com\\\/fr\\\/prodotto\\\/kit-montaggio-ruota\\\/#primaryimage\",\"url\":\"https:\\\/\\\/welfare-farm.com\\\/wp-content\\\/uploads\\\/2024\\\/10\\\/kit-montaggio-ruota.png\",\"contentUrl\":\"https:\\\/\\\/welfare-farm.com\\\/wp-content\\\/uploads\\\/2024\\\/10\\\/kit-montaggio-ruota.png\",\"width\":429,\"height\":429},{\"@type\":\"BreadcrumbList\",\"@id\":\"https:\\\/\\\/welfare-farm.com\\\/fr\\\/prodotto\\\/kit-montaggio-ruota\\\/#breadcrumb\",\"itemListElement\":[{\"@type\":\"ListItem\",\"position\":1,\"name\":\"Home\",\"item\":\"https:\\\/\\\/welfare-farm.com\\\/fr\\\/\"},{\"@type\":\"ListItem\",\"position\":2,\"name\":\"Shop old\",\"item\":\"https:\\\/\\\/welfare-farm.com\\\/shop-old\\\/\"},{\"@type\":\"ListItem\",\"position\":3,\"name\":\"Kit de montage de roue\"}]},{\"@type\":\"WebSite\",\"@id\":\"\\\/#website\",\"url\":\"\\\/\",\"name\":\"Welfare Farm\",\"description\":\"La cuccia ecologica per \\u2028i tuoi vitelli\",\"publisher\":{\"@id\":\"\\\/#organization\"},\"potentialAction\":[{\"@type\":\"SearchAction\",\"target\":{\"@type\":\"EntryPoint\",\"urlTemplate\":\"\\\/?s={search_term_string}\"},\"query-input\":{\"@type\":\"PropertyValueSpecification\",\"valueRequired\":true,\"valueName\":\"search_term_string\"}}],\"inLanguage\":\"fr-FR\"},{\"@type\":\"Organization\",\"@id\":\"\\\/#organization\",\"name\":\"Welfare Farm\",\"url\":\"\\\/\",\"logo\":{\"@type\":\"ImageObject\",\"inLanguage\":\"fr-FR\",\"@id\":\"\\\/#\\\/schema\\\/logo\\\/image\\\/\",\"url\":\"https:\\\/\\\/welfare-farm.com\\\/wp-content\\\/uploads\\\/2024\\\/08\\\/Welfare-Farm_Logo.png\",\"contentUrl\":\"https:\\\/\\\/welfare-farm.com\\\/wp-content\\\/uploads\\\/2024\\\/08\\\/Welfare-Farm_Logo.png\",\"width\":512,\"height\":670,\"caption\":\"Welfare Farm\"},\"image\":{\"@id\":\"\\\/#\\\/schema\\\/logo\\\/image\\\/\"},\"sameAs\":[\"https:\\\/\\\/www.instagram.com\\\/welfare_farm\\\/\",\"https:\\\/\\\/www.youtube.com\\\/@welfare-farm\",\"https:\\\/\\\/it.linkedin.com\\\/company\\\/spm-mould\"]}]}<\/script>\n<!-- \/ Yoast SEO plugin. -->","yoast_head_json":{"title":"Kit montaggio ruota per Calfella | Welfare Farm","description":"Nel kit montaggio ruota trovi tutto il necessario per assemblare ed effettuare riparazioni e sostituzioni delle ruote in modo semplice.","robots":{"index":"index","follow":"follow","max-snippet":"max-snippet:-1","max-image-preview":"max-image-preview:large","max-video-preview":"max-video-preview:-1"},"canonical":"https:\/\/welfare-farm.com\/fr\/prodotto\/kit-montaggio-ruota\/","og_locale":"fr_FR","og_type":"article","og_title":"Kit montaggio ruota per Calfella | Welfare Farm","og_description":"Nel kit montaggio ruota trovi tutto il necessario per assemblare ed effettuare riparazioni e sostituzioni delle ruote in modo semplice.","og_url":"https:\/\/welfare-farm.com\/fr\/prodotto\/kit-montaggio-ruota\/","og_site_name":"Welfare Farm","article_modified_time":"2024-11-14T16:03:15+00:00","og_image":[{"width":429,"height":429,"url":"https:\/\/welfare-farm.com\/wp-content\/uploads\/2024\/10\/kit-montaggio-ruota.png","type":"image\/png"}],"twitter_card":"summary_large_image","twitter_misc":{"Dur\u00e9e de lecture estim\u00e9e":"1 minute"},"schema":{"@context":"https:\/\/schema.org","@graph":[{"@type":"WebPage","@id":"https:\/\/welfare-farm.com\/fr\/prodotto\/kit-montaggio-ruota\/","url":"https:\/\/welfare-farm.com\/fr\/prodotto\/kit-montaggio-ruota\/","name":"Kit montaggio ruota per Calfella | Welfare Farm","isPartOf":{"@id":"\/#website"},"primaryImageOfPage":{"@id":"https:\/\/welfare-farm.com\/fr\/prodotto\/kit-montaggio-ruota\/#primaryimage"},"image":{"@id":"https:\/\/welfare-farm.com\/fr\/prodotto\/kit-montaggio-ruota\/#primaryimage"},"thumbnailUrl":"https:\/\/welfare-farm.com\/wp-content\/uploads\/2024\/10\/kit-montaggio-ruota.png","datePublished":"2024-10-07T14:47:04+00:00","dateModified":"2024-11-14T16:03:15+00:00","description":"Nel kit montaggio ruota trovi tutto il necessario per assemblare ed effettuare riparazioni e sostituzioni delle ruote in modo semplice.","breadcrumb":{"@id":"https:\/\/welfare-farm.com\/fr\/prodotto\/kit-montaggio-ruota\/#breadcrumb"},"inLanguage":"fr-FR","potentialAction":[{"@type":"ReadAction","target":["https:\/\/welfare-farm.com\/fr\/prodotto\/kit-montaggio-ruota\/"]}]},{"@type":"ImageObject","inLanguage":"fr-FR","@id":"https:\/\/welfare-farm.com\/fr\/prodotto\/kit-montaggio-ruota\/#primaryimage","url":"https:\/\/welfare-farm.com\/wp-content\/uploads\/2024\/10\/kit-montaggio-ruota.png","contentUrl":"https:\/\/welfare-farm.com\/wp-content\/uploads\/2024\/10\/kit-montaggio-ruota.png","width":429,"height":429},{"@type":"BreadcrumbList","@id":"https:\/\/welfare-farm.com\/fr\/prodotto\/kit-montaggio-ruota\/#breadcrumb","itemListElement":[{"@type":"ListItem","position":1,"name":"Home","item":"https:\/\/welfare-farm.com\/fr\/"},{"@type":"ListItem","position":2,"name":"Shop old","item":"https:\/\/welfare-farm.com\/shop-old\/"},{"@type":"ListItem","position":3,"name":"Kit de montage de roue"}]},{"@type":"WebSite","@id":"\/#website","url":"\/","name":"Welfare Farm","description":"La cuccia ecologica per \u2028i tuoi vitelli","publisher":{"@id":"\/#organization"},"potentialAction":[{"@type":"SearchAction","target":{"@type":"EntryPoint","urlTemplate":"\/?s={search_term_string}"},"query-input":{"@type":"PropertyValueSpecification","valueRequired":true,"valueName":"search_term_string"}}],"inLanguage":"fr-FR"},{"@type":"Organization","@id":"\/#organization","name":"Welfare Farm","url":"\/","logo":{"@type":"ImageObject","inLanguage":"fr-FR","@id":"\/#\/schema\/logo\/image\/","url":"https:\/\/welfare-farm.com\/wp-content\/uploads\/2024\/08\/Welfare-Farm_Logo.png","contentUrl":"https:\/\/welfare-farm.com\/wp-content\/uploads\/2024\/08\/Welfare-Farm_Logo.png","width":512,"height":670,"caption":"Welfare Farm"},"image":{"@id":"\/#\/schema\/logo\/image\/"},"sameAs":["https:\/\/www.instagram.com\/welfare_farm\/","https:\/\/www.youtube.com\/@welfare-farm","https:\/\/it.linkedin.com\/company\/spm-mould"]}]}},"_links":{"self":[{"href":"https:\/\/welfare-farm.com\/fr\/wp-json\/wp\/v2\/product\/12306","targetHints":{"allow":["GET"]}}],"collection":[{"href":"https:\/\/welfare-farm.com\/fr\/wp-json\/wp\/v2\/product"}],"about":[{"href":"https:\/\/welfare-farm.com\/fr\/wp-json\/wp\/v2\/types\/product"}],"version-history":[{"count":1,"href":"https:\/\/welfare-farm.com\/fr\/wp-json\/wp\/v2\/product\/12306\/revisions"}],"predecessor-version":[{"id":12307,"href":"https:\/\/welfare-farm.com\/fr\/wp-json\/wp\/v2\/product\/12306\/revisions\/12307"}],"wp:featuredmedia":[{"embeddable":true,"href":"https:\/\/welfare-farm.com\/fr\/wp-json\/wp\/v2\/media\/11629"}],"wp:attachment":[{"href":"https:\/\/welfare-farm.com\/fr\/wp-json\/wp\/v2\/media?parent=12306"}],"wp:term":[{"taxonomy":"product_brand","embeddable":true,"href":"https:\/\/welfare-farm.com\/fr\/wp-json\/wp\/v2\/product_brand?post=12306"},{"taxonomy":"product_cat","embeddable":true,"href":"https:\/\/welfare-farm.com\/fr\/wp-json\/wp\/v2\/product_cat?post=12306"},{"taxonomy":"product_tag","embeddable":true,"href":"https:\/\/welfare-farm.com\/fr\/wp-json\/wp\/v2\/product_tag?post=12306"}],"curies":[{"name":"wp","href":"https:\/\/api.w.org\/{rel}","templated":true}]}}