{"id":12308,"date":"2024-10-07T16:51:36","date_gmt":"2024-10-07T14:51:36","guid":{"rendered":"https:\/\/welfare-farm.com\/prodotto\/kit-per-tetto-rialzato\/"},"modified":"2024-11-14T17:05:08","modified_gmt":"2024-11-14T16:05:08","slug":"kit-per-tetto-rialzato","status":"publish","type":"product","link":"https:\/\/welfare-farm.com\/fr\/prodotto\/kit-per-tetto-rialzato\/","title":{"rendered":"Kit pour toit sur\u00e9lev\u00e9"},"content":{"rendered":"\t\t<div data-elementor-type=\"wp-post\" data-elementor-id=\"12308\" class=\"elementor elementor-12308 elementor-10197\">\n\t\t\t\t\t\t<section class=\"elementor-section elementor-top-section elementor-element elementor-element-19c4a35 elementor-section-full_width elementor-section-stretched elementor-section-height-default elementor-section-height-default wpr-particle-no wpr-jarallax-no wpr-parallax-no wpr-sticky-section-no jltma-glass-effect-no\" data-id=\"19c4a35\" data-element_type=\"section\" data-settings=\"{&quot;stretch_section&quot;:&quot;section-stretched&quot;}\">\n\t\t\t\t\t\t<div class=\"elementor-container elementor-column-gap-default\">\n\t\t\t\t\t<div class=\"elementor-column elementor-col-100 elementor-top-column elementor-element elementor-element-7a8ec4e jltma-glass-effect-no\" data-id=\"7a8ec4e\" data-element_type=\"column\">\n\t\t\t<div class=\"elementor-widget-wrap elementor-element-populated\">\n\t\t\t\t\t\t<div class=\"elementor-element elementor-element-9e3037f carosello_immagini  elementor-arrows-position-outside elementor-pagination-position-outside jltma-glass-effect-no elementor-widget elementor-widget-image-carousel\" data-id=\"9e3037f\" data-element_type=\"widget\" data-settings=\"{&quot;slides_to_show&quot;:&quot;3&quot;,&quot;slides_to_scroll&quot;:&quot;1&quot;,&quot;image_spacing_custom&quot;:{&quot;unit&quot;:&quot;px&quot;,&quot;size&quot;:25,&quot;sizes&quot;:[]},&quot;navigation&quot;:&quot;both&quot;,&quot;autoplay&quot;:&quot;yes&quot;,&quot;pause_on_hover&quot;:&quot;yes&quot;,&quot;pause_on_interaction&quot;:&quot;yes&quot;,&quot;autoplay_speed&quot;:5000,&quot;infinite&quot;:&quot;yes&quot;,&quot;speed&quot;:500,&quot;image_spacing_custom_tablet&quot;:{&quot;unit&quot;:&quot;px&quot;,&quot;size&quot;:&quot;&quot;,&quot;sizes&quot;:[]},&quot;image_spacing_custom_mobile&quot;:{&quot;unit&quot;:&quot;px&quot;,&quot;size&quot;:&quot;&quot;,&quot;sizes&quot;:[]}}\" data-widget_type=\"image-carousel.default\">\n\t\t\t\t<div class=\"elementor-widget-container\">\n\t\t\t\t\t\t\t<div class=\"elementor-image-carousel-wrapper swiper\" role=\"region\" aria-roledescription=\"carousel\" aria-label=\"Carrousel d\u2019images\" dir=\"ltr\">\n\t\t\t<div class=\"elementor-image-carousel swiper-wrapper\" aria-live=\"off\">\n\t\t\t\t\t\t\t\t<div class=\"swiper-slide\" role=\"group\" aria-roledescription=\"slide\" aria-label=\"1 sur 4\"><a data-elementor-open-lightbox=\"yes\" data-elementor-lightbox-slideshow=\"9e3037f\" data-e-action-hash=\"#elementor-action%3Aaction%3Dlightbox%26settings%3DeyJpZCI6MTE1NjksInVybCI6Imh0dHBzOlwvXC93ZWxmYXJlLWZhcm0uY29tXC93cC1jb250ZW50XC91cGxvYWRzXC8yMDI0XC8xMFwvdGV0dHVjY2lvLWFudGVyaW9yZS1nYWxsZXJ5LTQuanBnIiwic2xpZGVzaG93IjoiOWUzMDM3ZiJ9\" href=\"https:\/\/welfare-farm.com\/wp-content\/uploads\/2024\/10\/tettuccio-anteriore-gallery-4.jpg\"><figure class=\"swiper-slide-inner\"><img decoding=\"async\" class=\"swiper-slide-image\" src=\"https:\/\/welfare-farm.com\/wp-content\/uploads\/elementor\/thumbs\/tettuccio-anteriore-gallery-4-qvloy9ljz5pshxfggys862caot0ns0es0v74q8q8hc.jpg\" alt=\"tettuccio anteriore gallery (4)\" \/><\/figure><\/a><\/div><div class=\"swiper-slide\" role=\"group\" aria-roledescription=\"slide\" aria-label=\"2 sur 4\"><a data-elementor-open-lightbox=\"yes\" data-elementor-lightbox-slideshow=\"9e3037f\" data-e-action-hash=\"#elementor-action%3Aaction%3Dlightbox%26settings%3DeyJpZCI6MTE1NzIsInVybCI6Imh0dHBzOlwvXC93ZWxmYXJlLWZhcm0uY29tXC93cC1jb250ZW50XC91cGxvYWRzXC8yMDI0XC8xMFwvdGV0dHVjY2lvLWFudGVyaW9yZS1nYWxsZXJ5LTUuanBnIiwic2xpZGVzaG93IjoiOWUzMDM3ZiJ9\" href=\"https:\/\/welfare-farm.com\/wp-content\/uploads\/2024\/10\/tettuccio-anteriore-gallery-5.jpg\"><figure class=\"swiper-slide-inner\"><img decoding=\"async\" class=\"swiper-slide-image\" src=\"https:\/\/welfare-farm.com\/wp-content\/uploads\/elementor\/thumbs\/tettuccio-anteriore-gallery-5-qvloy8npsboi6bgtmgdllkku3f5akbb1oqjn8yrmnk.jpg\" alt=\"tettuccio anteriore gallery (5)\" \/><\/figure><\/a><\/div><div class=\"swiper-slide\" role=\"group\" aria-roledescription=\"slide\" aria-label=\"3 sur 4\"><a data-elementor-open-lightbox=\"yes\" data-elementor-lightbox-slideshow=\"9e3037f\" data-e-action-hash=\"#elementor-action%3Aaction%3Dlightbox%26settings%3DeyJpZCI6MTE1NjMsInVybCI6Imh0dHBzOlwvXC93ZWxmYXJlLWZhcm0uY29tXC93cC1jb250ZW50XC91cGxvYWRzXC8yMDI0XC8xMFwvdGV0dHVjY2lvLWFudGVyaW9yZS1nYWxsZXJ5LTIuanBnIiwic2xpZGVzaG93IjoiOWUzMDM3ZiJ9\" href=\"https:\/\/welfare-farm.com\/wp-content\/uploads\/2024\/10\/tettuccio-anteriore-gallery-2.jpg\"><figure class=\"swiper-slide-inner\"><img decoding=\"async\" class=\"swiper-slide-image\" src=\"https:\/\/welfare-farm.com\/wp-content\/uploads\/elementor\/thumbs\/tettuccio-anteriore-gallery-2-qvloy9ljz5pshxfggys862caot0ns0es0v74q8q8hc.jpg\" alt=\"tettuccio anteriore gallery (2)\" \/><\/figure><\/a><\/div><div class=\"swiper-slide\" role=\"group\" aria-roledescription=\"slide\" aria-label=\"4 sur 4\"><a data-elementor-open-lightbox=\"yes\" data-elementor-lightbox-slideshow=\"9e3037f\" data-e-action-hash=\"#elementor-action%3Aaction%3Dlightbox%26settings%3DeyJpZCI6MTEzNjgsInVybCI6Imh0dHBzOlwvXC93ZWxmYXJlLWZhcm0uY29tXC93cC1jb250ZW50XC91cGxvYWRzXC8yMDI0XC8wOVwvTGEtY3VjY2lhLWVjb2xvZ2ljYS1wZXItaS10dW9pLXZpdGVsbGkuanBnIiwic2xpZGVzaG93IjoiOWUzMDM3ZiJ9\" href=\"https:\/\/welfare-farm.com\/wp-content\/uploads\/2024\/09\/La-cuccia-ecologica-per-i-tuoi-vitelli.jpg\"><figure class=\"swiper-slide-inner\"><img decoding=\"async\" class=\"swiper-slide-image\" src=\"https:\/\/welfare-farm.com\/wp-content\/uploads\/elementor\/thumbs\/La-cuccia-ecologica-per-i-tuoi-vitelli-qvloxwftbh7rzdyklt3g75nudetis8yjb22c0d9qwg.jpg\" alt=\"La cuccia per vitelli ecologica\" \/><\/figure><\/a><\/div>\t\t\t<\/div>\n\t\t\t\t\t\t\t\t\t\t\t\t<div class=\"elementor-swiper-button elementor-swiper-button-prev\" role=\"button\" tabindex=\"0\">\n\t\t\t\t\t\t<i aria-hidden=\"true\" class=\"eicon-chevron-left\"><\/i>\t\t\t\t\t<\/div>\n\t\t\t\t\t<div class=\"elementor-swiper-button elementor-swiper-button-next\" role=\"button\" tabindex=\"0\">\n\t\t\t\t\t\t<i aria-hidden=\"true\" class=\"eicon-chevron-right\"><\/i>\t\t\t\t\t<\/div>\n\t\t\t\t\n\t\t\t\t\t\t\t\t\t<div class=\"swiper-pagination\"><\/div>\n\t\t\t\t\t\t\t\t\t<\/div>\n\t\t\t\t\t\t<\/div>\n\t\t\t\t<\/div>\n\t\t\t\t\t<\/div>\n\t\t<\/div>\n\t\t\t\t\t<\/div>\n\t\t<\/section>\n\t\t\t\t<\/div>\n\t\t","protected":false},"excerpt":{"rendered":"<div class=\"button_tutti_accessori\"><a href=\"https:\/\/welfare-farm.com\/fr\/accessori\/\"> <img decoding=\"async\" src=\"https:\/\/welfare-farm.com\/wp-content\/uploads\/2024\/10\/icon-arrow.png\" \/> <\/p>\n<h5>Retour \u00e0 tous les accessoires<\/h5>\n<p><\/a><\/div>\n<h1 class=\"title_accessorio_singolo\">Kit pour toit sur\u00e9lev\u00e9<\/h1>\n<p>Le kit pour toit sur\u00e9lev\u00e9 est une solution innovante qui permet d\u2019optimiser la ventilation \u00e0 l&rsquo;int\u00e9rieur du chenil, garantissant un environnement frais, sec et confortable. Ce syst\u00e8me de toit sur\u00e9lev\u00e9 est id\u00e9al pour offrir aux veaux un confort maximal, quelles que soient les conditions m\u00e9t\u00e9orologiques ext\u00e9rieures. Il permet une meilleure circulation de l&rsquo;air, r\u00e9duisant ainsi l&rsquo;accumulation de chaleur et d&rsquo;humidit\u00e9 \u00e0 l&rsquo;int\u00e9rieur de la niche. Gr\u00e2ce \u00e0 ce syst\u00e8me, l&rsquo;air frais peut entrer facilement, tandis que l&rsquo;air chaud et humide est expuls\u00e9, cr\u00e9ant ainsi un microclimat id\u00e9al. Fabriqu\u00e9 \u00e0 partir de mat\u00e9riaux solides et durables, le kit pour toit sur\u00e9lev\u00e9 est con\u00e7u pour r\u00e9sister \u00e0 l&rsquo;usure et aux intemp\u00e9ries. Cela garantit une longue dur\u00e9e de vie du produit, et r\u00e9duit la n\u00e9cessit\u00e9 d&rsquo;un remplacement fr\u00e9quent. Le kit est livr\u00e9 avec toutes les instructions et tous les outils n\u00e9cessaires pour une installation rapide et facile.<\/p>\n","protected":false},"featured_media":14266,"template":"","meta":{"_acf_changed":false,"inline_featured_image":false},"product_brand":[],"product_cat":[161,164,111],"product_tag":[],"class_list":{"0":"post-12308","1":"product","2":"type-product","3":"status-publish","4":"has-post-thumbnail","6":"product_cat-per-esterno","7":"product_cat-temperatura-e-ventilazione","8":"product_cat-pour-les-chenils","10":"first","11":"instock","12":"shipping-taxable","13":"product-type-simple"},"acf":[],"yoast_head":"<!-- This site is optimized with the Yoast SEO plugin v27.3 - https:\/\/yoast.com\/product\/yoast-seo-wordpress\/ -->\n<title>Kit tetto rialzato per Calfella | Welfare Farm<\/title>\n<meta name=\"description\" content=\"Il kit tetto rialzato \u00e8 una soluzione innovativa progettata per ottimizzare la ventilazione all\u2019interno della cuccia, assicurando un ambiente confortevole.\" \/>\n<meta name=\"robots\" content=\"index, follow, max-snippet:-1, max-image-preview:large, max-video-preview:-1\" \/>\n<link rel=\"canonical\" href=\"https:\/\/welfare-farm.com\/fr\/prodotto\/kit-per-tetto-rialzato\/\" \/>\n<meta property=\"og:locale\" content=\"fr_FR\" \/>\n<meta property=\"og:type\" content=\"article\" \/>\n<meta property=\"og:title\" content=\"Kit tetto rialzato per Calfella | Welfare Farm\" \/>\n<meta property=\"og:description\" content=\"Il kit tetto rialzato \u00e8 una soluzione innovativa progettata per ottimizzare la ventilazione all\u2019interno della cuccia, assicurando un ambiente confortevole.\" \/>\n<meta property=\"og:url\" content=\"https:\/\/welfare-farm.com\/fr\/prodotto\/kit-per-tetto-rialzato\/\" \/>\n<meta property=\"og:site_name\" content=\"Welfare Farm\" \/>\n<meta property=\"article:modified_time\" content=\"2024-11-14T16:05:08+00:00\" \/>\n<meta property=\"og:image\" content=\"https:\/\/welfare-farm.com\/wp-content\/uploads\/2024\/10\/Tetto-rialzato.png\" \/>\n\t<meta property=\"og:image:width\" content=\"500\" \/>\n\t<meta property=\"og:image:height\" content=\"500\" \/>\n\t<meta property=\"og:image:type\" content=\"image\/png\" \/>\n<meta name=\"twitter:card\" content=\"summary_large_image\" \/>\n<meta name=\"twitter:label1\" content=\"Dur\u00e9e de lecture estim\u00e9e\" \/>\n\t<meta name=\"twitter:data1\" content=\"1 minute\" \/>\n<script type=\"application\/ld+json\" class=\"yoast-schema-graph\">{\"@context\":\"https:\\\/\\\/schema.org\",\"@graph\":[{\"@type\":\"WebPage\",\"@id\":\"https:\\\/\\\/welfare-farm.com\\\/fr\\\/prodotto\\\/kit-per-tetto-rialzato\\\/\",\"url\":\"https:\\\/\\\/welfare-farm.com\\\/fr\\\/prodotto\\\/kit-per-tetto-rialzato\\\/\",\"name\":\"Kit tetto rialzato per Calfella | Welfare Farm\",\"isPartOf\":{\"@id\":\"\\\/#website\"},\"primaryImageOfPage\":{\"@id\":\"https:\\\/\\\/welfare-farm.com\\\/fr\\\/prodotto\\\/kit-per-tetto-rialzato\\\/#primaryimage\"},\"image\":{\"@id\":\"https:\\\/\\\/welfare-farm.com\\\/fr\\\/prodotto\\\/kit-per-tetto-rialzato\\\/#primaryimage\"},\"thumbnailUrl\":\"https:\\\/\\\/welfare-farm.com\\\/wp-content\\\/uploads\\\/2024\\\/10\\\/Tetto-rialzato.png\",\"datePublished\":\"2024-10-07T14:51:36+00:00\",\"dateModified\":\"2024-11-14T16:05:08+00:00\",\"description\":\"Il kit tetto rialzato \u00e8 una soluzione innovativa progettata per ottimizzare la ventilazione all\u2019interno della cuccia, assicurando un ambiente confortevole.\",\"breadcrumb\":{\"@id\":\"https:\\\/\\\/welfare-farm.com\\\/fr\\\/prodotto\\\/kit-per-tetto-rialzato\\\/#breadcrumb\"},\"inLanguage\":\"fr-FR\",\"potentialAction\":[{\"@type\":\"ReadAction\",\"target\":[\"https:\\\/\\\/welfare-farm.com\\\/fr\\\/prodotto\\\/kit-per-tetto-rialzato\\\/\"]}]},{\"@type\":\"ImageObject\",\"inLanguage\":\"fr-FR\",\"@id\":\"https:\\\/\\\/welfare-farm.com\\\/fr\\\/prodotto\\\/kit-per-tetto-rialzato\\\/#primaryimage\",\"url\":\"https:\\\/\\\/welfare-farm.com\\\/wp-content\\\/uploads\\\/2024\\\/10\\\/Tetto-rialzato.png\",\"contentUrl\":\"https:\\\/\\\/welfare-farm.com\\\/wp-content\\\/uploads\\\/2024\\\/10\\\/Tetto-rialzato.png\",\"width\":500,\"height\":500},{\"@type\":\"BreadcrumbList\",\"@id\":\"https:\\\/\\\/welfare-farm.com\\\/fr\\\/prodotto\\\/kit-per-tetto-rialzato\\\/#breadcrumb\",\"itemListElement\":[{\"@type\":\"ListItem\",\"position\":1,\"name\":\"Home\",\"item\":\"https:\\\/\\\/welfare-farm.com\\\/fr\\\/\"},{\"@type\":\"ListItem\",\"position\":2,\"name\":\"Shop old\",\"item\":\"https:\\\/\\\/welfare-farm.com\\\/shop-old\\\/\"},{\"@type\":\"ListItem\",\"position\":3,\"name\":\"Kit pour toit sur\u00e9lev\u00e9\"}]},{\"@type\":\"WebSite\",\"@id\":\"\\\/#website\",\"url\":\"\\\/\",\"name\":\"Welfare Farm\",\"description\":\"La cuccia ecologica per \\u2028i tuoi vitelli\",\"publisher\":{\"@id\":\"\\\/#organization\"},\"potentialAction\":[{\"@type\":\"SearchAction\",\"target\":{\"@type\":\"EntryPoint\",\"urlTemplate\":\"\\\/?s={search_term_string}\"},\"query-input\":{\"@type\":\"PropertyValueSpecification\",\"valueRequired\":true,\"valueName\":\"search_term_string\"}}],\"inLanguage\":\"fr-FR\"},{\"@type\":\"Organization\",\"@id\":\"\\\/#organization\",\"name\":\"Welfare Farm\",\"url\":\"\\\/\",\"logo\":{\"@type\":\"ImageObject\",\"inLanguage\":\"fr-FR\",\"@id\":\"\\\/#\\\/schema\\\/logo\\\/image\\\/\",\"url\":\"https:\\\/\\\/welfare-farm.com\\\/wp-content\\\/uploads\\\/2024\\\/08\\\/Welfare-Farm_Logo.png\",\"contentUrl\":\"https:\\\/\\\/welfare-farm.com\\\/wp-content\\\/uploads\\\/2024\\\/08\\\/Welfare-Farm_Logo.png\",\"width\":512,\"height\":670,\"caption\":\"Welfare Farm\"},\"image\":{\"@id\":\"\\\/#\\\/schema\\\/logo\\\/image\\\/\"},\"sameAs\":[\"https:\\\/\\\/www.instagram.com\\\/welfare_farm\\\/\",\"https:\\\/\\\/www.youtube.com\\\/@welfare-farm\",\"https:\\\/\\\/it.linkedin.com\\\/company\\\/spm-mould\"]}]}<\/script>\n<!-- \/ Yoast SEO plugin. -->","yoast_head_json":{"title":"Kit tetto rialzato per Calfella | Welfare Farm","description":"Il kit tetto rialzato \u00e8 una soluzione innovativa progettata per ottimizzare la ventilazione all\u2019interno della cuccia, assicurando un ambiente confortevole.","robots":{"index":"index","follow":"follow","max-snippet":"max-snippet:-1","max-image-preview":"max-image-preview:large","max-video-preview":"max-video-preview:-1"},"canonical":"https:\/\/welfare-farm.com\/fr\/prodotto\/kit-per-tetto-rialzato\/","og_locale":"fr_FR","og_type":"article","og_title":"Kit tetto rialzato per Calfella | Welfare Farm","og_description":"Il kit tetto rialzato \u00e8 una soluzione innovativa progettata per ottimizzare la ventilazione all\u2019interno della cuccia, assicurando un ambiente confortevole.","og_url":"https:\/\/welfare-farm.com\/fr\/prodotto\/kit-per-tetto-rialzato\/","og_site_name":"Welfare Farm","article_modified_time":"2024-11-14T16:05:08+00:00","og_image":[{"width":500,"height":500,"url":"https:\/\/welfare-farm.com\/wp-content\/uploads\/2024\/10\/Tetto-rialzato.png","type":"image\/png"}],"twitter_card":"summary_large_image","twitter_misc":{"Dur\u00e9e de lecture estim\u00e9e":"1 minute"},"schema":{"@context":"https:\/\/schema.org","@graph":[{"@type":"WebPage","@id":"https:\/\/welfare-farm.com\/fr\/prodotto\/kit-per-tetto-rialzato\/","url":"https:\/\/welfare-farm.com\/fr\/prodotto\/kit-per-tetto-rialzato\/","name":"Kit tetto rialzato per Calfella | Welfare Farm","isPartOf":{"@id":"\/#website"},"primaryImageOfPage":{"@id":"https:\/\/welfare-farm.com\/fr\/prodotto\/kit-per-tetto-rialzato\/#primaryimage"},"image":{"@id":"https:\/\/welfare-farm.com\/fr\/prodotto\/kit-per-tetto-rialzato\/#primaryimage"},"thumbnailUrl":"https:\/\/welfare-farm.com\/wp-content\/uploads\/2024\/10\/Tetto-rialzato.png","datePublished":"2024-10-07T14:51:36+00:00","dateModified":"2024-11-14T16:05:08+00:00","description":"Il kit tetto rialzato \u00e8 una soluzione innovativa progettata per ottimizzare la ventilazione all\u2019interno della cuccia, assicurando un ambiente confortevole.","breadcrumb":{"@id":"https:\/\/welfare-farm.com\/fr\/prodotto\/kit-per-tetto-rialzato\/#breadcrumb"},"inLanguage":"fr-FR","potentialAction":[{"@type":"ReadAction","target":["https:\/\/welfare-farm.com\/fr\/prodotto\/kit-per-tetto-rialzato\/"]}]},{"@type":"ImageObject","inLanguage":"fr-FR","@id":"https:\/\/welfare-farm.com\/fr\/prodotto\/kit-per-tetto-rialzato\/#primaryimage","url":"https:\/\/welfare-farm.com\/wp-content\/uploads\/2024\/10\/Tetto-rialzato.png","contentUrl":"https:\/\/welfare-farm.com\/wp-content\/uploads\/2024\/10\/Tetto-rialzato.png","width":500,"height":500},{"@type":"BreadcrumbList","@id":"https:\/\/welfare-farm.com\/fr\/prodotto\/kit-per-tetto-rialzato\/#breadcrumb","itemListElement":[{"@type":"ListItem","position":1,"name":"Home","item":"https:\/\/welfare-farm.com\/fr\/"},{"@type":"ListItem","position":2,"name":"Shop old","item":"https:\/\/welfare-farm.com\/shop-old\/"},{"@type":"ListItem","position":3,"name":"Kit pour toit sur\u00e9lev\u00e9"}]},{"@type":"WebSite","@id":"\/#website","url":"\/","name":"Welfare Farm","description":"La cuccia ecologica per \u2028i tuoi vitelli","publisher":{"@id":"\/#organization"},"potentialAction":[{"@type":"SearchAction","target":{"@type":"EntryPoint","urlTemplate":"\/?s={search_term_string}"},"query-input":{"@type":"PropertyValueSpecification","valueRequired":true,"valueName":"search_term_string"}}],"inLanguage":"fr-FR"},{"@type":"Organization","@id":"\/#organization","name":"Welfare Farm","url":"\/","logo":{"@type":"ImageObject","inLanguage":"fr-FR","@id":"\/#\/schema\/logo\/image\/","url":"https:\/\/welfare-farm.com\/wp-content\/uploads\/2024\/08\/Welfare-Farm_Logo.png","contentUrl":"https:\/\/welfare-farm.com\/wp-content\/uploads\/2024\/08\/Welfare-Farm_Logo.png","width":512,"height":670,"caption":"Welfare Farm"},"image":{"@id":"\/#\/schema\/logo\/image\/"},"sameAs":["https:\/\/www.instagram.com\/welfare_farm\/","https:\/\/www.youtube.com\/@welfare-farm","https:\/\/it.linkedin.com\/company\/spm-mould"]}]}},"_links":{"self":[{"href":"https:\/\/welfare-farm.com\/fr\/wp-json\/wp\/v2\/product\/12308","targetHints":{"allow":["GET"]}}],"collection":[{"href":"https:\/\/welfare-farm.com\/fr\/wp-json\/wp\/v2\/product"}],"about":[{"href":"https:\/\/welfare-farm.com\/fr\/wp-json\/wp\/v2\/types\/product"}],"version-history":[{"count":1,"href":"https:\/\/welfare-farm.com\/fr\/wp-json\/wp\/v2\/product\/12308\/revisions"}],"predecessor-version":[{"id":12309,"href":"https:\/\/welfare-farm.com\/fr\/wp-json\/wp\/v2\/product\/12308\/revisions\/12309"}],"wp:featuredmedia":[{"embeddable":true,"href":"https:\/\/welfare-farm.com\/fr\/wp-json\/wp\/v2\/media\/14266"}],"wp:attachment":[{"href":"https:\/\/welfare-farm.com\/fr\/wp-json\/wp\/v2\/media?parent=12308"}],"wp:term":[{"taxonomy":"product_brand","embeddable":true,"href":"https:\/\/welfare-farm.com\/fr\/wp-json\/wp\/v2\/product_brand?post=12308"},{"taxonomy":"product_cat","embeddable":true,"href":"https:\/\/welfare-farm.com\/fr\/wp-json\/wp\/v2\/product_cat?post=12308"},{"taxonomy":"product_tag","embeddable":true,"href":"https:\/\/welfare-farm.com\/fr\/wp-json\/wp\/v2\/product_tag?post=12308"}],"curies":[{"name":"wp","href":"https:\/\/api.w.org\/{rel}","templated":true}]}}