{"id":13265,"date":"2025-06-03T16:41:11","date_gmt":"2025-06-03T14:41:11","guid":{"rendered":"https:\/\/welfare-farm.com\/?post_type=product&#038;p=13265"},"modified":"2026-03-16T11:04:49","modified_gmt":"2026-03-16T10:04:49","slug":"toit-double","status":"publish","type":"product","link":"https:\/\/welfare-farm.com\/fr\/prodotto\/toit-double\/","title":{"rendered":"Toit double"},"content":{"rendered":"\t\t<div data-elementor-type=\"wp-post\" data-elementor-id=\"13265\" class=\"elementor elementor-13265 elementor-13262\">\n\t\t\t\t\t\t<section class=\"elementor-section elementor-top-section elementor-element elementor-element-294e215 elementor-section-full_width elementor-section-stretched elementor-section-height-default elementor-section-height-default wpr-particle-no wpr-jarallax-no wpr-parallax-no wpr-sticky-section-no jltma-glass-effect-no\" data-id=\"294e215\" data-element_type=\"section\" data-settings=\"{&quot;stretch_section&quot;:&quot;section-stretched&quot;}\">\n\t\t\t\t\t\t<div class=\"elementor-container elementor-column-gap-default\">\n\t\t\t\t\t<div class=\"elementor-column elementor-col-100 elementor-top-column elementor-element elementor-element-7779c64 jltma-glass-effect-no\" data-id=\"7779c64\" data-element_type=\"column\">\n\t\t\t<div class=\"elementor-widget-wrap elementor-element-populated\">\n\t\t\t\t\t\t<div class=\"elementor-element elementor-element-5cde0e0 carosello_immagini  elementor-arrows-position-outside elementor-pagination-position-outside jltma-glass-effect-no elementor-widget elementor-widget-image-carousel\" data-id=\"5cde0e0\" data-element_type=\"widget\" data-settings=\"{&quot;slides_to_show&quot;:&quot;3&quot;,&quot;slides_to_scroll&quot;:&quot;1&quot;,&quot;image_spacing_custom&quot;:{&quot;unit&quot;:&quot;px&quot;,&quot;size&quot;:25,&quot;sizes&quot;:[]},&quot;navigation&quot;:&quot;both&quot;,&quot;autoplay&quot;:&quot;yes&quot;,&quot;pause_on_hover&quot;:&quot;yes&quot;,&quot;pause_on_interaction&quot;:&quot;yes&quot;,&quot;autoplay_speed&quot;:5000,&quot;infinite&quot;:&quot;yes&quot;,&quot;speed&quot;:500,&quot;image_spacing_custom_tablet&quot;:{&quot;unit&quot;:&quot;px&quot;,&quot;size&quot;:&quot;&quot;,&quot;sizes&quot;:[]},&quot;image_spacing_custom_mobile&quot;:{&quot;unit&quot;:&quot;px&quot;,&quot;size&quot;:&quot;&quot;,&quot;sizes&quot;:[]}}\" data-widget_type=\"image-carousel.default\">\n\t\t\t\t<div class=\"elementor-widget-container\">\n\t\t\t\t\t\t\t<div class=\"elementor-image-carousel-wrapper swiper\" role=\"region\" aria-roledescription=\"carousel\" aria-label=\"Carrousel d\u2019images\" dir=\"ltr\">\n\t\t\t<div class=\"elementor-image-carousel swiper-wrapper\" aria-live=\"off\">\n\t\t\t\t\t\t\t\t<div class=\"swiper-slide\" role=\"group\" aria-roledescription=\"slide\" aria-label=\"1 sur 2\"><a data-elementor-open-lightbox=\"yes\" data-elementor-lightbox-slideshow=\"5cde0e0\" data-e-action-hash=\"#elementor-action%3Aaction%3Dlightbox%26settings%3DeyJpZCI6MTMyNzIsInVybCI6Imh0dHBzOlwvXC93ZWxmYXJlLWZhcm0uY29tXC93cC1jb250ZW50XC91cGxvYWRzXC8yMDI1XC8wNlwvZG9wcGlvLXRldHRvLTIuanBnIiwic2xpZGVzaG93IjoiNWNkZTBlMCJ9\" href=\"https:\/\/welfare-farm.com\/wp-content\/uploads\/2025\/06\/doppio-tetto-2.jpg\"><figure class=\"swiper-slide-inner\"><img decoding=\"async\" class=\"swiper-slide-image\" src=\"https:\/\/welfare-farm.com\/wp-content\/uploads\/elementor\/thumbs\/doppio-tetto-2-r6rp2i7g8kah6fbncyg60z8l8ivc9sd60tvb2oetm8.jpg\" alt=\"doppio tetto (2)\" \/><\/figure><\/a><\/div><div class=\"swiper-slide\" role=\"group\" aria-roledescription=\"slide\" aria-label=\"2 sur 2\"><a data-elementor-open-lightbox=\"yes\" data-elementor-lightbox-slideshow=\"5cde0e0\" data-e-action-hash=\"#elementor-action%3Aaction%3Dlightbox%26settings%3DeyJpZCI6MTMyNzYsInVybCI6Imh0dHBzOlwvXC93ZWxmYXJlLWZhcm0uY29tXC93cC1jb250ZW50XC91cGxvYWRzXC8yMDI1XC8wNlwvZG9wcGlvLXRldHRvLTEuanBnIiwic2xpZGVzaG93IjoiNWNkZTBlMCJ9\" href=\"https:\/\/welfare-farm.com\/wp-content\/uploads\/2025\/06\/doppio-tetto-1.jpg\"><figure class=\"swiper-slide-inner\"><img decoding=\"async\" class=\"swiper-slide-image\" src=\"https:\/\/welfare-farm.com\/wp-content\/uploads\/elementor\/thumbs\/doppio-tetto-1-r6rp2l0yt2ec597jwho1qgiz0ohfwvod17triian3k.jpg\" alt=\"doppio tetto (1)\" \/><\/figure><\/a><\/div>\t\t\t<\/div>\n\t\t\t\t\t\t\t\t\t\t\t\t<div class=\"elementor-swiper-button elementor-swiper-button-prev\" role=\"button\" tabindex=\"0\">\n\t\t\t\t\t\t<i aria-hidden=\"true\" class=\"eicon-chevron-left\"><\/i>\t\t\t\t\t<\/div>\n\t\t\t\t\t<div class=\"elementor-swiper-button elementor-swiper-button-next\" role=\"button\" tabindex=\"0\">\n\t\t\t\t\t\t<i aria-hidden=\"true\" class=\"eicon-chevron-right\"><\/i>\t\t\t\t\t<\/div>\n\t\t\t\t\n\t\t\t\t\t\t\t\t\t<div class=\"swiper-pagination\"><\/div>\n\t\t\t\t\t\t\t\t\t<\/div>\n\t\t\t\t\t\t<\/div>\n\t\t\t\t<\/div>\n\t\t\t\t\t<\/div>\n\t\t<\/div>\n\t\t\t\t\t<\/div>\n\t\t<\/section>\n\t\t\t\t<\/div>\n\t\t","protected":false},"excerpt":{"rendered":"<div class=\"button_tutti_accessori\">\n<a href=\"https:\/\/welfare-farm.com\/accessori\/\"> <img decoding=\"async\" src=\"https:\/\/welfare-farm.com\/wp-content\/uploads\/2024\/10\/icon-arrow.png\" \/> <\/p>\n<h5>Retour \u00e0 tous les accessoires<\/h5>\n<p><\/a>\n<\/div>\n<h1 class=\"title_accessorio_singolo\">Toit double<\/h1>\n<p align=\"left\">Un toit \u00e0 double couche am\u00e9liore la temp\u00e9rature int\u00e9rieure de l\u2019abri aussi bien pendant les mois froids que chauds. Gr\u00e2ce \u00e0 la couche d\u2019air isolante cr\u00e9\u00e9e \u00e0 l\u2019int\u00e9rieur, le toit double emp\u00eache le soleil et le gel d\u2019\u00eatre en contact direct avec l\u2019int\u00e9rieur de l\u2019abri. Cela permet d\u2019\u00e9viter l\u2019accumulation de chaleur pendant les mois chauds, tandis que pendant les p\u00e9riodes froides, il aide \u00e0 conserver la chaleur \u00e0 l\u2019int\u00e9rieur. La ventilation emp\u00eache la formation de condensation, garantissant un environnement sec et confortable pour les veaux. Ce syst\u00e8me contribue \u00e0 am\u00e9liorer le bien-\u00eatre des animaux en toutes saisons.<\/p>\n","protected":false},"featured_media":13402,"template":"","meta":{"_acf_changed":false,"inline_featured_image":false},"product_brand":[],"product_cat":[161,156,164,111],"product_tag":[],"class_list":{"0":"post-13265","1":"product","2":"type-product","3":"status-publish","4":"has-post-thumbnail","6":"product_cat-per-esterno","7":"product_cat-per-interno","8":"product_cat-temperatura-e-ventilazione","9":"product_cat-pour-les-chenils","11":"first","12":"instock","13":"shipping-taxable","14":"product-type-simple"},"acf":[],"yoast_head":"<!-- This site is optimized with the Yoast SEO plugin v27.3 - https:\/\/yoast.com\/product\/yoast-seo-wordpress\/ -->\n<title>Toit double - Welfare Farm<\/title>\n<meta name=\"robots\" content=\"index, follow, max-snippet:-1, max-image-preview:large, max-video-preview:-1\" \/>\n<link rel=\"canonical\" href=\"https:\/\/welfare-farm.com\/fr\/prodotto\/toit-double\/\" \/>\n<meta property=\"og:locale\" content=\"fr_FR\" \/>\n<meta property=\"og:type\" content=\"article\" \/>\n<meta property=\"og:title\" content=\"Toit double - Welfare Farm\" \/>\n<meta property=\"og:description\" content=\"Retour \u00e0 tous les accessoires  Toit double Un toit \u00e0 double couche am\u00e9liore la temp\u00e9rature int\u00e9rieure de l\u2019abri aussi bien pendant les mois froids que chauds. Gr\u00e2ce \u00e0 la couche d\u2019air isolante cr\u00e9\u00e9e \u00e0 l\u2019int\u00e9rieur, le toit double emp\u00eache le soleil et le gel d\u2019\u00eatre en contact direct avec l\u2019int\u00e9rieur de l\u2019abri. Cela permet d\u2019\u00e9viter l\u2019accumulation de chaleur pendant les mois chauds, tandis que pendant les p\u00e9riodes froides, il aide \u00e0 conserver la chaleur \u00e0 l\u2019int\u00e9rieur. La ventilation emp\u00eache la formation de condensation, garantissant un environnement sec et confortable pour les veaux. Ce syst\u00e8me contribue \u00e0 am\u00e9liorer le bien-\u00eatre des animaux en toutes saisons.\" \/>\n<meta property=\"og:url\" content=\"https:\/\/welfare-farm.com\/fr\/prodotto\/toit-double\/\" \/>\n<meta property=\"og:site_name\" content=\"Welfare Farm\" \/>\n<meta property=\"article:modified_time\" content=\"2026-03-16T10:04:49+00:00\" \/>\n<meta property=\"og:image\" content=\"https:\/\/welfare-farm.com\/wp-content\/uploads\/2025\/06\/Doppio-tetto.jpg\" \/>\n\t<meta property=\"og:image:width\" content=\"429\" \/>\n\t<meta property=\"og:image:height\" content=\"429\" \/>\n\t<meta property=\"og:image:type\" content=\"image\/jpeg\" \/>\n<meta name=\"twitter:card\" content=\"summary_large_image\" \/>\n<meta name=\"twitter:label1\" content=\"Dur\u00e9e de lecture estim\u00e9e\" \/>\n\t<meta name=\"twitter:data1\" content=\"1 minute\" \/>\n<script type=\"application\/ld+json\" class=\"yoast-schema-graph\">{\"@context\":\"https:\\\/\\\/schema.org\",\"@graph\":[{\"@type\":\"WebPage\",\"@id\":\"https:\\\/\\\/welfare-farm.com\\\/fr\\\/prodotto\\\/toit-double\\\/\",\"url\":\"https:\\\/\\\/welfare-farm.com\\\/fr\\\/prodotto\\\/toit-double\\\/\",\"name\":\"Toit double - Welfare Farm\",\"isPartOf\":{\"@id\":\"\\\/#website\"},\"primaryImageOfPage\":{\"@id\":\"https:\\\/\\\/welfare-farm.com\\\/fr\\\/prodotto\\\/toit-double\\\/#primaryimage\"},\"image\":{\"@id\":\"https:\\\/\\\/welfare-farm.com\\\/fr\\\/prodotto\\\/toit-double\\\/#primaryimage\"},\"thumbnailUrl\":\"https:\\\/\\\/welfare-farm.com\\\/wp-content\\\/uploads\\\/2025\\\/06\\\/Doppio-tetto.jpg\",\"datePublished\":\"2025-06-03T14:41:11+00:00\",\"dateModified\":\"2026-03-16T10:04:49+00:00\",\"breadcrumb\":{\"@id\":\"https:\\\/\\\/welfare-farm.com\\\/fr\\\/prodotto\\\/toit-double\\\/#breadcrumb\"},\"inLanguage\":\"fr-FR\",\"potentialAction\":[{\"@type\":\"ReadAction\",\"target\":[\"https:\\\/\\\/welfare-farm.com\\\/fr\\\/prodotto\\\/toit-double\\\/\"]}]},{\"@type\":\"ImageObject\",\"inLanguage\":\"fr-FR\",\"@id\":\"https:\\\/\\\/welfare-farm.com\\\/fr\\\/prodotto\\\/toit-double\\\/#primaryimage\",\"url\":\"https:\\\/\\\/welfare-farm.com\\\/wp-content\\\/uploads\\\/2025\\\/06\\\/Doppio-tetto.jpg\",\"contentUrl\":\"https:\\\/\\\/welfare-farm.com\\\/wp-content\\\/uploads\\\/2025\\\/06\\\/Doppio-tetto.jpg\",\"width\":429,\"height\":429},{\"@type\":\"BreadcrumbList\",\"@id\":\"https:\\\/\\\/welfare-farm.com\\\/fr\\\/prodotto\\\/toit-double\\\/#breadcrumb\",\"itemListElement\":[{\"@type\":\"ListItem\",\"position\":1,\"name\":\"Home\",\"item\":\"https:\\\/\\\/welfare-farm.com\\\/fr\\\/\"},{\"@type\":\"ListItem\",\"position\":2,\"name\":\"Shop old\",\"item\":\"https:\\\/\\\/welfare-farm.com\\\/shop-old\\\/\"},{\"@type\":\"ListItem\",\"position\":3,\"name\":\"Toit double\"}]},{\"@type\":\"WebSite\",\"@id\":\"\\\/#website\",\"url\":\"\\\/\",\"name\":\"Welfare Farm\",\"description\":\"La cuccia ecologica per \\u2028i tuoi vitelli\",\"publisher\":{\"@id\":\"\\\/#organization\"},\"potentialAction\":[{\"@type\":\"SearchAction\",\"target\":{\"@type\":\"EntryPoint\",\"urlTemplate\":\"\\\/?s={search_term_string}\"},\"query-input\":{\"@type\":\"PropertyValueSpecification\",\"valueRequired\":true,\"valueName\":\"search_term_string\"}}],\"inLanguage\":\"fr-FR\"},{\"@type\":\"Organization\",\"@id\":\"\\\/#organization\",\"name\":\"Welfare Farm\",\"url\":\"\\\/\",\"logo\":{\"@type\":\"ImageObject\",\"inLanguage\":\"fr-FR\",\"@id\":\"\\\/#\\\/schema\\\/logo\\\/image\\\/\",\"url\":\"https:\\\/\\\/welfare-farm.com\\\/wp-content\\\/uploads\\\/2024\\\/08\\\/Welfare-Farm_Logo.png\",\"contentUrl\":\"https:\\\/\\\/welfare-farm.com\\\/wp-content\\\/uploads\\\/2024\\\/08\\\/Welfare-Farm_Logo.png\",\"width\":512,\"height\":670,\"caption\":\"Welfare Farm\"},\"image\":{\"@id\":\"\\\/#\\\/schema\\\/logo\\\/image\\\/\"},\"sameAs\":[\"https:\\\/\\\/www.instagram.com\\\/welfare_farm\\\/\",\"https:\\\/\\\/www.youtube.com\\\/@welfare-farm\",\"https:\\\/\\\/it.linkedin.com\\\/company\\\/spm-mould\"]}]}<\/script>\n<!-- \/ Yoast SEO plugin. -->","yoast_head_json":{"title":"Toit double - Welfare Farm","robots":{"index":"index","follow":"follow","max-snippet":"max-snippet:-1","max-image-preview":"max-image-preview:large","max-video-preview":"max-video-preview:-1"},"canonical":"https:\/\/welfare-farm.com\/fr\/prodotto\/toit-double\/","og_locale":"fr_FR","og_type":"article","og_title":"Toit double - Welfare Farm","og_description":"Retour \u00e0 tous les accessoires  Toit double Un toit \u00e0 double couche am\u00e9liore la temp\u00e9rature int\u00e9rieure de l\u2019abri aussi bien pendant les mois froids que chauds. Gr\u00e2ce \u00e0 la couche d\u2019air isolante cr\u00e9\u00e9e \u00e0 l\u2019int\u00e9rieur, le toit double emp\u00eache le soleil et le gel d\u2019\u00eatre en contact direct avec l\u2019int\u00e9rieur de l\u2019abri. Cela permet d\u2019\u00e9viter l\u2019accumulation de chaleur pendant les mois chauds, tandis que pendant les p\u00e9riodes froides, il aide \u00e0 conserver la chaleur \u00e0 l\u2019int\u00e9rieur. La ventilation emp\u00eache la formation de condensation, garantissant un environnement sec et confortable pour les veaux. Ce syst\u00e8me contribue \u00e0 am\u00e9liorer le bien-\u00eatre des animaux en toutes saisons.","og_url":"https:\/\/welfare-farm.com\/fr\/prodotto\/toit-double\/","og_site_name":"Welfare Farm","article_modified_time":"2026-03-16T10:04:49+00:00","og_image":[{"width":429,"height":429,"url":"https:\/\/welfare-farm.com\/wp-content\/uploads\/2025\/06\/Doppio-tetto.jpg","type":"image\/jpeg"}],"twitter_card":"summary_large_image","twitter_misc":{"Dur\u00e9e de lecture estim\u00e9e":"1 minute"},"schema":{"@context":"https:\/\/schema.org","@graph":[{"@type":"WebPage","@id":"https:\/\/welfare-farm.com\/fr\/prodotto\/toit-double\/","url":"https:\/\/welfare-farm.com\/fr\/prodotto\/toit-double\/","name":"Toit double - Welfare Farm","isPartOf":{"@id":"\/#website"},"primaryImageOfPage":{"@id":"https:\/\/welfare-farm.com\/fr\/prodotto\/toit-double\/#primaryimage"},"image":{"@id":"https:\/\/welfare-farm.com\/fr\/prodotto\/toit-double\/#primaryimage"},"thumbnailUrl":"https:\/\/welfare-farm.com\/wp-content\/uploads\/2025\/06\/Doppio-tetto.jpg","datePublished":"2025-06-03T14:41:11+00:00","dateModified":"2026-03-16T10:04:49+00:00","breadcrumb":{"@id":"https:\/\/welfare-farm.com\/fr\/prodotto\/toit-double\/#breadcrumb"},"inLanguage":"fr-FR","potentialAction":[{"@type":"ReadAction","target":["https:\/\/welfare-farm.com\/fr\/prodotto\/toit-double\/"]}]},{"@type":"ImageObject","inLanguage":"fr-FR","@id":"https:\/\/welfare-farm.com\/fr\/prodotto\/toit-double\/#primaryimage","url":"https:\/\/welfare-farm.com\/wp-content\/uploads\/2025\/06\/Doppio-tetto.jpg","contentUrl":"https:\/\/welfare-farm.com\/wp-content\/uploads\/2025\/06\/Doppio-tetto.jpg","width":429,"height":429},{"@type":"BreadcrumbList","@id":"https:\/\/welfare-farm.com\/fr\/prodotto\/toit-double\/#breadcrumb","itemListElement":[{"@type":"ListItem","position":1,"name":"Home","item":"https:\/\/welfare-farm.com\/fr\/"},{"@type":"ListItem","position":2,"name":"Shop old","item":"https:\/\/welfare-farm.com\/shop-old\/"},{"@type":"ListItem","position":3,"name":"Toit double"}]},{"@type":"WebSite","@id":"\/#website","url":"\/","name":"Welfare Farm","description":"La cuccia ecologica per \u2028i tuoi vitelli","publisher":{"@id":"\/#organization"},"potentialAction":[{"@type":"SearchAction","target":{"@type":"EntryPoint","urlTemplate":"\/?s={search_term_string}"},"query-input":{"@type":"PropertyValueSpecification","valueRequired":true,"valueName":"search_term_string"}}],"inLanguage":"fr-FR"},{"@type":"Organization","@id":"\/#organization","name":"Welfare Farm","url":"\/","logo":{"@type":"ImageObject","inLanguage":"fr-FR","@id":"\/#\/schema\/logo\/image\/","url":"https:\/\/welfare-farm.com\/wp-content\/uploads\/2024\/08\/Welfare-Farm_Logo.png","contentUrl":"https:\/\/welfare-farm.com\/wp-content\/uploads\/2024\/08\/Welfare-Farm_Logo.png","width":512,"height":670,"caption":"Welfare Farm"},"image":{"@id":"\/#\/schema\/logo\/image\/"},"sameAs":["https:\/\/www.instagram.com\/welfare_farm\/","https:\/\/www.youtube.com\/@welfare-farm","https:\/\/it.linkedin.com\/company\/spm-mould"]}]}},"_links":{"self":[{"href":"https:\/\/welfare-farm.com\/fr\/wp-json\/wp\/v2\/product\/13265","targetHints":{"allow":["GET"]}}],"collection":[{"href":"https:\/\/welfare-farm.com\/fr\/wp-json\/wp\/v2\/product"}],"about":[{"href":"https:\/\/welfare-farm.com\/fr\/wp-json\/wp\/v2\/types\/product"}],"version-history":[{"count":1,"href":"https:\/\/welfare-farm.com\/fr\/wp-json\/wp\/v2\/product\/13265\/revisions"}],"predecessor-version":[{"id":15090,"href":"https:\/\/welfare-farm.com\/fr\/wp-json\/wp\/v2\/product\/13265\/revisions\/15090"}],"wp:featuredmedia":[{"embeddable":true,"href":"https:\/\/welfare-farm.com\/fr\/wp-json\/wp\/v2\/media\/13402"}],"wp:attachment":[{"href":"https:\/\/welfare-farm.com\/fr\/wp-json\/wp\/v2\/media?parent=13265"}],"wp:term":[{"taxonomy":"product_brand","embeddable":true,"href":"https:\/\/welfare-farm.com\/fr\/wp-json\/wp\/v2\/product_brand?post=13265"},{"taxonomy":"product_cat","embeddable":true,"href":"https:\/\/welfare-farm.com\/fr\/wp-json\/wp\/v2\/product_cat?post=13265"},{"taxonomy":"product_tag","embeddable":true,"href":"https:\/\/welfare-farm.com\/fr\/wp-json\/wp\/v2\/product_tag?post=13265"}],"curies":[{"name":"wp","href":"https:\/\/api.w.org\/{rel}","templated":true}]}}